{"id":59436,"date":"2026-04-01T14:45:47","date_gmt":"2026-04-01T13:45:47","guid":{"rendered":"https:\/\/bigbuy.tupique.com\/produto\/smartwatch-samsung-galaxy-watch-6\/"},"modified":"2026-04-15T00:50:12","modified_gmt":"2026-04-14T23:50:12","slug":"smartwatch-samsung-galaxy-watch-6","status":"publish","type":"product","link":"https:\/\/bigbuy.tupique.com\/es\/produto\/smartwatch-samsung-galaxy-watch-6\/","title":{"rendered":"Montre intelligente Samsung GALAXY WATCH 6"},"content":{"rendered":"<p>Si vous \u00eates passionn\u00e9 d&#8217;<b>informatique et d&#8217;\u00e9lectronique<\/b>, si vous \u00eates \u00e0 la pointe de la technologie et qu&#8217;aucun d\u00e9tail ne vous \u00e9chappe, achetez <b>Montre intelligente Samsung GALAXY WATCH 6<\/b> au meilleur prix.<\/p>\n<p>Le <b>Galaxy Watch 6<\/b> de Samsung est un <b>smartwatch<\/b> avanc\u00e9 con\u00e7u pour les utilisateurs recherchant un appareil connect\u00e9, polyvalent et robuste. Il dispose d\u2019un bo\u00eetier de <b>43 mm<\/b> et d\u2019un bracelet de couleur <b>argent<\/b>, offrant un design moderne et \u00e9l\u00e9gant adapt\u00e9 \u00e0 toute occasion. Cette montre intelligente int\u00e8gre un <b>\u00e9cran tactile<\/b> de haute qualit\u00e9 facilitant la navigation et l\u2019acc\u00e8s rapide \u00e0 ses fonctions. Elle propose plusieurs options de connectivit\u00e9, dont <b>Bluetooth<\/b>, <b>Wi-Fi<\/b> et <b>4G<\/b>, permettant de recevoir notifications, appels et de rester en ligne m\u00eame sans t\u00e9l\u00e9phone \u00e0 proximit\u00e9. Sa certification <b>IP68<\/b> garantit une r\u00e9sistance \u00e0 l\u2019eau et \u00e0 la poussi\u00e8re, autorisant son usage lors d\u2019activit\u00e9s sportives ou en environnements humides ou poussi\u00e9reux sans souci. C\u00f4t\u00e9 sant\u00e9 et bien-\u00eatre, elle int\u00e8gre un <b>capteur de fr\u00e9quence cardiaque<\/b> qui surveille le pouls en temps r\u00e9el, aidant \u00e0 suivre l\u2019activit\u00e9 physique et la condition g\u00e9n\u00e9rale. Compatible avec les syst\u00e8mes Android de la version 10.0 \u00e0 13.0, elle assure une large compatibilit\u00e9 avec les appareils mobiles actuels. La combinaison de sa durabilit\u00e9, connectivit\u00e9 avanc\u00e9e et capteurs sant\u00e9 fait du Galaxy Watch 6 un outil pratique et fonctionnel pour ceux qui veulent un style de vie actif et connect\u00e9. Son \u00e9quilibre entre design, technologie et robustesse positionne ce mod\u00e8le comme une option fiable et sophistiqu\u00e9e dans la gamme des montres intelligentes.<\/p>\n<ul>\n<li>Connectivit\u00e9:\n<ul>\n<li>4G<\/li>\n<li>Bluetooth<\/li>\n<li>Wi-Fi<\/li>\n<\/ul>\n<\/li>\n<li>Produit \u00e0 brancher: Oui<\/li>\n<li>Type de prise: Prise EU<\/li>\n<li>Taille: 43 mm<\/li>\n<li>Type de montre: Montre intelligente<\/li>\n<li>Bloc d\u2019Alimentation: r\u00e9seau \u00e9lectrique<\/li>\n<li>Caract\u00e9ristiques: Ecran tactile<\/li>\n<li>Glonass: Oui<\/li>\n<li>Gyroscope: Oui<\/li>\n<li>Podom\u00e8tre: Oui<\/li>\n<li>Classification IP: IP68<\/li>\n<li>Couleur du cadran: Argent<\/li>\n<li>Technologie: OLED<\/li>\n<li>Capacit\u00e9 de la batterie: 300 mAh<\/li>\n<li>Couleur du bracelet: Argent<\/li>\n<li>M\u00e9moire RAM: 2 GB<\/li>\n<li>Fonctions: Moniteur de Sommeil<\/li>\n<li>Acc\u00e9l\u00e9rom\u00e8tre: Oui<\/li>\n<\/ul>","protected":false},"excerpt":{"rendered":"<p><span class=\"unit-info\">11999.7674 &euro; \/ 1 m<\/span><\/p>","protected":false},"featured_media":59435,"comment_status":"open","ping_status":"closed","template":"","meta":[],"product_brand":[183],"product_cat":[575,65,748],"product_tag":[103,566,106],"class_list":{"0":"post-59436","1":"product","2":"type-product","3":"status-publish","4":"has-post-thumbnail","6":"product_brand-brandp_576","7":"product_cat-electronique-telephonie-et-tablettes","8":"product_cat-informatique-electronique","9":"product_cat-smartwatches","10":"product_tag-tag_1261","11":"product_tag-tag_547","12":"product_tag-tag_1295","14":"first","15":"instock","16":"taxable","17":"shipping-taxable","18":"purchasable","19":"product-type-simple"},"_links":{"self":[{"href":"https:\/\/bigbuy.tupique.com\/es\/wp-json\/wp\/v2\/product\/59436","targetHints":{"allow":["GET"]}}],"collection":[{"href":"https:\/\/bigbuy.tupique.com\/es\/wp-json\/wp\/v2\/product"}],"about":[{"href":"https:\/\/bigbuy.tupique.com\/es\/wp-json\/wp\/v2\/types\/product"}],"replies":[{"embeddable":true,"href":"https:\/\/bigbuy.tupique.com\/es\/wp-json\/wp\/v2\/comments?post=59436"}],"wp:featuredmedia":[{"embeddable":true,"href":"https:\/\/bigbuy.tupique.com\/es\/wp-json\/wp\/v2\/media\/59435"}],"wp:attachment":[{"href":"https:\/\/bigbuy.tupique.com\/es\/wp-json\/wp\/v2\/media?parent=59436"}],"wp:term":[{"taxonomy":"product_brand","embeddable":true,"href":"https:\/\/bigbuy.tupique.com\/es\/wp-json\/wp\/v2\/product_brand?post=59436"},{"taxonomy":"product_cat","embeddable":true,"href":"https:\/\/bigbuy.tupique.com\/es\/wp-json\/wp\/v2\/product_cat?post=59436"},{"taxonomy":"product_tag","embeddable":true,"href":"https:\/\/bigbuy.tupique.com\/es\/wp-json\/wp\/v2\/product_tag?post=59436"}],"curies":[{"name":"wp","href":"https:\/\/api.w.org\/{rel}","templated":true}]}}