{"id":59322,"date":"2026-04-01T14:39:52","date_gmt":"2026-04-01T13:39:52","guid":{"rendered":"https:\/\/bigbuy.tupique.com\/produto\/microwave-with-grill-bosch-bel554ms0-black-1200-w-900-w-25-l\/"},"modified":"2026-04-14T23:38:04","modified_gmt":"2026-04-14T22:38:04","slug":"microwave-with-grill-bosch-bel554ms0-black-1200-w-900-w-25-l","status":"publish","type":"product","link":"https:\/\/bigbuy.tupique.com\/es\/produto\/microwave-with-grill-bosch-bel554ms0-black-1200-w-900-w-25-l\/","title":{"rendered":"Micro-ondes avec Gril BOSCH BEL554MS0 Noir 1200 W 900 W 25 L"},"content":{"rendered":"<p>Si vous recherchez des \u00e9lectrom\u00e9nagers pour votre maison aux meilleurs prix, ne manquez pas <b>Micro-ondes avec Gril BOSCH BEL554MS0 Noir 1200 W 900 W 25 L<\/b> et une large s\u00e9lection de petits \u00e9lectrom\u00e9nagers de qualit\u00e9 !<\/p>\n<p>Le <b>micro-ondes avec grill BEL554MS0<\/b> de <b>BOSCH<\/b> est un appareil \u00e9lectrom\u00e9nager con\u00e7u pour offrir une performance efficace et polyvalente en cuisine. Avec une <b>capacit\u00e9 int\u00e9rieure de 25 litres<\/b>, il offre suffisamment d\u2019espace pour r\u00e9chauffer et cuisiner des plats de taille moyenne, id\u00e9al pour les familles ou les utilisateurs recherchant fonctionnalit\u00e9 sans encombrer le plan de travail. Il dispose d\u2019une <b>puissance micro-ondes de 900 W<\/b>, adapt\u00e9e \u00e0 un chauffage rapide et uniforme des aliments, tandis que son <b>grill puissant de 1200 W<\/b> permet de dorer et gratiner pour des recettes avec une touche croustillante et app\u00e9tissante. Son design int\u00e8gre un <b>contr\u00f4le tactile<\/b> moderne et pratique facilitant la s\u00e9lection des diff\u00e9rentes fonctions et modes de cuisson, r\u00e9partis en <b>cinq niveaux de puissance<\/b> adapt\u00e9s \u00e0 divers types d\u2019aliments et besoins culinaires. Le micro-ondes se distingue \u00e9galement par son <b>\u00e9cran int\u00e9gr\u00e9<\/b>, qui affiche clairement le temps et le mode s\u00e9lectionn\u00e9, simplifiant son usage quotidien. Il est disponible en couleurs <b>noir et blanc<\/b>, favorisant une int\u00e9gration esth\u00e9tique dans diff\u00e9rents styles de cuisine. La combinaison d\u2019un micro-ondes performant et d\u2019un grill puissant, ainsi que son design compact pour <b>usage sur plan de travail<\/b>, font de ce mod\u00e8le une option pratique et fonctionnelle pour ceux qui appr\u00e9cient la technologie appliqu\u00e9e \u00e0 une pr\u00e9paration rapide et saine des repas. En r\u00e9sum\u00e9, le BEL554MS0 de BOSCH se distingue par son \u00e9quilibre entre puissance, capacit\u00e9 et contr\u00f4le intuitif, se positionnant comme une solution fiable et polyvalente pour la maison.<\/p>\n<ul>\n<li>Montre: Oui<\/li>\n<li>Contr\u00f4le:\n<ul>\n<li>Touch Control<\/li>\n<li>Plaque Tournante<\/li>\n<\/ul>\n<\/li>\n<li>Plateau tournant:\n<ul>\n<li>\u00d8 31,5 cm<\/li>\n<li>Oui<\/li>\n<\/ul>\n<\/li>\n<li>puissance:\n<ul>\n<li>1450 W<\/li>\n<li>900 W<\/li>\n<li>1200 W<\/li>\n<\/ul>\n<\/li>\n<li>Dimensions approx.: 38,2 x 59,4 x 38,8 cm<\/li>\n<li>Display: LED<\/li>\n<li>Longueur du c\u00e2ble: 1,3 m<\/li>\n<li>Mati\u00e8re: Acier inoxydable<\/li>\n<li>Capacit\u00e9: 25 L<\/li>\n<li>Inclut:\n<ul>\n<li>Accessoires<\/li>\n<li>Montre<\/li>\n<\/ul>\n<\/li>\n<li>Grill: Oui<\/li>\n<li>Largeur:\n<ul>\n<li>59,4 cm<\/li>\n<li>60 cm<\/li>\n<\/ul>\n<\/li>\n<li>Produit \u00e0 brancher: Oui<\/li>\n<li>Type de prise: Prise EU<\/li>\n<li>Couleur:\n<ul>\n<li>Noir<\/li>\n<li>Blanc<\/li>\n<\/ul>\n<\/li>\n<li>Type:\n<ul>\n<li>Micro-ondes avec Gril<\/li>\n<li>Micro-ondes<\/li>\n<\/ul>\n<\/li>\n<li>Bloc d\u2019Alimentation: r\u00e9seau \u00e9lectrique<\/li>\n<li>Caract\u00e9ristiques:\n<ul>\n<li>Lumi\u00e8re int\u00e9rieure<\/li>\n<li>Fonction de d\u00e9givrage<\/li>\n<li>\u00c9cran integr\u00e9<\/li>\n<li>5 niveaux<\/li>\n<li>Commande tactile<\/li>\n<\/ul>\n<\/li>\n<li>Type d&#8217;installation: Auto-assemblage<\/li>\n<li>Classification \u00e9nerg\u00e9tique: A+<\/li>\n<li>Langue: Anglais<\/li>\n<li>Tension:\n<ul>\n<li>220 V<\/li>\n<li>220 &#8211; 230 V<\/li>\n<\/ul>\n<\/li>\n<li>Technologie: LED<\/li>\n<li>Direction d&#8217;ouverture: Gauche<\/li>\n<li>Fr\u00e9quence: 50 Hz<\/li>\n<li>Type de commande: Tactile<\/li>\n<li>Poids approx.: 20 kg<\/li>\n<li>Amp\u00e9rage: 10 A<\/li>\n<\/ul>","protected":false},"excerpt":{"rendered":"<p><span class=\"unit-info\">15.4396 &euro; \/ 1 l<\/span><\/p>","protected":false},"featured_media":59321,"comment_status":"open","ping_status":"closed","template":"","meta":[],"product_brand":[162],"product_cat":[60,727,77],"product_tag":[55,56],"class_list":{"0":"post-59322","1":"product","2":"type-product","3":"status-publish","4":"has-post-thumbnail","6":"product_brand-brandp_959","7":"product_cat-cuisine-gourmet","8":"product_cat-micro-ondes","9":"product_cat-petit-electromenager","10":"product_tag-tag_926","11":"product_tag-tag_930","13":"first","14":"instock","15":"taxable","16":"shipping-taxable","17":"purchasable","18":"product-type-simple"},"_links":{"self":[{"href":"https:\/\/bigbuy.tupique.com\/es\/wp-json\/wp\/v2\/product\/59322","targetHints":{"allow":["GET"]}}],"collection":[{"href":"https:\/\/bigbuy.tupique.com\/es\/wp-json\/wp\/v2\/product"}],"about":[{"href":"https:\/\/bigbuy.tupique.com\/es\/wp-json\/wp\/v2\/types\/product"}],"replies":[{"embeddable":true,"href":"https:\/\/bigbuy.tupique.com\/es\/wp-json\/wp\/v2\/comments?post=59322"}],"wp:featuredmedia":[{"embeddable":true,"href":"https:\/\/bigbuy.tupique.com\/es\/wp-json\/wp\/v2\/media\/59321"}],"wp:attachment":[{"href":"https:\/\/bigbuy.tupique.com\/es\/wp-json\/wp\/v2\/media?parent=59322"}],"wp:term":[{"taxonomy":"product_brand","embeddable":true,"href":"https:\/\/bigbuy.tupique.com\/es\/wp-json\/wp\/v2\/product_brand?post=59322"},{"taxonomy":"product_cat","embeddable":true,"href":"https:\/\/bigbuy.tupique.com\/es\/wp-json\/wp\/v2\/product_cat?post=59322"},{"taxonomy":"product_tag","embeddable":true,"href":"https:\/\/bigbuy.tupique.com\/es\/wp-json\/wp\/v2\/product_tag?post=59322"}],"curies":[{"name":"wp","href":"https:\/\/api.w.org\/{rel}","templated":true}]}}