{"id":59239,"date":"2026-04-01T14:36:20","date_gmt":"2026-04-01T13:36:20","guid":{"rendered":"https:\/\/bigbuy.tupique.com\/produto\/conventional-hood-cata-thalassapro700gbk-black\/"},"modified":"2026-04-15T05:09:50","modified_gmt":"2026-04-15T04:09:50","slug":"conventional-hood-cata-thalassapro700gbk-black","status":"publish","type":"product","link":"https:\/\/bigbuy.tupique.com\/es\/produto\/conventional-hood-cata-thalassapro700gbk-black\/","title":{"rendered":"Hotte standard Cata THALASSAPRO700GBK Noir"},"content":{"rendered":"<p>Si vous \u00eates \u00e0 la recherche de nouvelles tendances sur le march\u00e9, nous vous pr\u00e9sentons <b>Hotte standard Cata THALASSAPRO700GBK Noir<\/b> !<\/p>\n<p>La <b>hotte conventionnelle<\/b> murale Cata au fini \u00e9l\u00e9gant <b>noir<\/b> est con\u00e7ue pour s\u2019int\u00e9grer parfaitement dans les cuisines modernes n\u00e9cessitant une haute performance d\u2019extraction des fum\u00e9es et des odeurs. Sa <b>largeur de 90 cm<\/b> la rend id\u00e9ale pour une installation au-dessus de grandes plaques de cuisson, garantissant une couverture efficace m\u00eame dans les espaces spacieux. Ce mod\u00e8le se distingue par son excellente <b>capacit\u00e9 d\u2019extraction maximale de 842 m\u00b3\/h<\/b>, permettant de maintenir un environnement propre et sans graisse, m\u00eame lors de la pr\u00e9paration de plats intensifs. La <b>classe \u00e9nerg\u00e9tique A<\/b> assure une consommation \u00e9lectrique efficace, contribuant \u00e0 r\u00e9duire la d\u00e9pense \u00e9nerg\u00e9tique du foyer sans sacrifier la puissance. Dot\u00e9e d\u2019un <b>\u00e9cran int\u00e9gr\u00e9<\/b> et d\u2019un syst\u00e8me <b>d\u2019\u00e9clairage LED<\/b>, elle facilite le contr\u00f4le intuitif de toutes les fonctions et offre une visibilit\u00e9 optimale sur la zone de cuisson. Le syst\u00e8me de filtration comprend un <b>filtre \u00e0 graisse en aluminium<\/b> lavable, simplifiant l\u2019entretien et assurant une plus grande durabilit\u00e9 de l\u2019appareil, tandis que le faible <b>niveau sonore de 44 dB \u00e0 la vitesse minimale<\/b> permet une utilisation prolong\u00e9e sans nuisance acoustique. Elle dispose \u00e9galement de <b>six vitesses r\u00e9glables<\/b>, permettant d\u2019adapter la puissance d\u2019aspiration selon les besoins du moment. Ce mod\u00e8le combine des performances \u00e9lev\u00e9es, une grande efficacit\u00e9 et un design contemporain, s\u2019imposant comme un choix fiable et pratique pour les cuisines exigeantes.<\/p>\n<ul>\n<li>Type:\n<ul>\n<li>Hotte standard<\/li>\n<li>Mural<\/li>\n<\/ul>\n<\/li>\n<li>Produit \u00e0 brancher: Oui<\/li>\n<li>Type de prise: Prise EU<\/li>\n<li>Bloc d\u2019Alimentation: r\u00e9seau \u00e9lectrique<\/li>\n<li>Couleur: Noir<\/li>\n<li>Largeur: 70 cm<\/li>\n<li>Caract\u00e9ristiques: \u00c9cran integr\u00e9<\/li>\n<li>Classification \u00e9nerg\u00e9tique: A+++<\/li>\n<li>Vitesse: 6 vitesses<\/li>\n<li>Moteur: 1<\/li>\n<li>Niveau sonore: 46 dB<\/li>\n<li>Filtre: Lavable<\/li>\n<\/ul>","protected":false},"excerpt":{"rendered":"<p>Si vous \u00eates \u00e0 la recherche de nouvelles tendances sur le march\u00e9, nous vous pr\u00e9sentons Hotte standard Cata THALASSAPRO700GBK Noir ! La hotte conventionnelle murale Cata au fini \u00e9l\u00e9gant noir est con\u00e7ue pour s\u2019int\u00e9grer parfaitement dans les cuisines modernes n\u00e9cessitant une haute performance d\u2019extraction des fum\u00e9es et des odeurs. Sa largeur de 90 cm la [&hellip;]<\/p>\n","protected":false},"featured_media":59238,"comment_status":"open","ping_status":"closed","template":"","meta":[],"product_brand":[155],"product_cat":[60,61,62],"product_tag":[56],"class_list":{"0":"post-59239","1":"product","2":"type-product","3":"status-publish","4":"has-post-thumbnail","6":"product_brand-brandp_1208","7":"product_cat-cuisine-gourmet","8":"product_cat-equipement-de-cuisine","9":"product_cat-hottes-de-cuisine","10":"product_tag-tag_930","12":"first","13":"instock","14":"taxable","15":"shipping-taxable","16":"purchasable","17":"product-type-simple"},"_links":{"self":[{"href":"https:\/\/bigbuy.tupique.com\/es\/wp-json\/wp\/v2\/product\/59239","targetHints":{"allow":["GET"]}}],"collection":[{"href":"https:\/\/bigbuy.tupique.com\/es\/wp-json\/wp\/v2\/product"}],"about":[{"href":"https:\/\/bigbuy.tupique.com\/es\/wp-json\/wp\/v2\/types\/product"}],"replies":[{"embeddable":true,"href":"https:\/\/bigbuy.tupique.com\/es\/wp-json\/wp\/v2\/comments?post=59239"}],"wp:featuredmedia":[{"embeddable":true,"href":"https:\/\/bigbuy.tupique.com\/es\/wp-json\/wp\/v2\/media\/59238"}],"wp:attachment":[{"href":"https:\/\/bigbuy.tupique.com\/es\/wp-json\/wp\/v2\/media?parent=59239"}],"wp:term":[{"taxonomy":"product_brand","embeddable":true,"href":"https:\/\/bigbuy.tupique.com\/es\/wp-json\/wp\/v2\/product_brand?post=59239"},{"taxonomy":"product_cat","embeddable":true,"href":"https:\/\/bigbuy.tupique.com\/es\/wp-json\/wp\/v2\/product_cat?post=59239"},{"taxonomy":"product_tag","embeddable":true,"href":"https:\/\/bigbuy.tupique.com\/es\/wp-json\/wp\/v2\/product_tag?post=59239"}],"curies":[{"name":"wp","href":"https:\/\/api.w.org\/{rel}","templated":true}]}}