{"id":59234,"date":"2026-04-01T14:36:13","date_gmt":"2026-04-01T13:36:13","guid":{"rendered":"https:\/\/bigbuy.tupique.com\/produto\/sink-with-two-basins-teka-brooklyn\/"},"modified":"2026-04-15T04:07:51","modified_gmt":"2026-04-15T03:07:51","slug":"sink-with-two-basins-teka-brooklyn","status":"publish","type":"product","link":"https:\/\/bigbuy.tupique.com\/es\/produto\/sink-with-two-basins-teka-brooklyn\/","title":{"rendered":"\u00c9vier double Teka BROOKLYN"},"content":{"rendered":"<p>Si vous pensez r\u00e9nover votre cuisine, achetez <b>\u00c9vier double Teka BROOKLYN<\/b> et d\u00b4autres <b>produits Teka<\/b> !<\/p>\n<ul>\n<li>Inclut:\n<ul>\n<li>Kit de Montage<\/li>\n<li>Siphon<\/li>\n<\/ul>\n<\/li>\n<li>Couleur: Acier<\/li>\n<li>Mati\u00e8re: Acier inoxydable<\/li>\n<li>Forme: Rectangulaire<\/li>\n<li>Utilisation recommand\u00e9e: Anti-reflux<\/li>\n<\/ul>","protected":false},"excerpt":{"rendered":"<p>Si vous pensez r\u00e9nover votre cuisine, achetez \u00c9vier double Teka BROOKLYN et d\u00b4autres produits Teka ! Inclut: Kit de Montage Siphon Couleur: Acier Mati\u00e8re: Acier inoxydable Forme: Rectangulaire Utilisation recommand\u00e9e: Anti-reflux<\/p>","protected":false},"featured_media":59233,"comment_status":"open","ping_status":"closed","template":"","meta":[],"product_brand":[667],"product_cat":[60,61,779],"product_tag":[210],"class_list":{"0":"post-59234","1":"product","2":"type-product","3":"status-publish","4":"has-post-thumbnail","6":"product_brand-brandp_1172","7":"product_cat-cuisine-gourmet","8":"product_cat-equipement-de-cuisine","9":"product_cat-eviers","10":"product_tag-tag_25","12":"first","13":"instock","14":"taxable","15":"shipping-taxable","16":"purchasable","17":"product-type-simple"},"_links":{"self":[{"href":"https:\/\/bigbuy.tupique.com\/es\/wp-json\/wp\/v2\/product\/59234","targetHints":{"allow":["GET"]}}],"collection":[{"href":"https:\/\/bigbuy.tupique.com\/es\/wp-json\/wp\/v2\/product"}],"about":[{"href":"https:\/\/bigbuy.tupique.com\/es\/wp-json\/wp\/v2\/types\/product"}],"replies":[{"embeddable":true,"href":"https:\/\/bigbuy.tupique.com\/es\/wp-json\/wp\/v2\/comments?post=59234"}],"wp:featuredmedia":[{"embeddable":true,"href":"https:\/\/bigbuy.tupique.com\/es\/wp-json\/wp\/v2\/media\/59233"}],"wp:attachment":[{"href":"https:\/\/bigbuy.tupique.com\/es\/wp-json\/wp\/v2\/media?parent=59234"}],"wp:term":[{"taxonomy":"product_brand","embeddable":true,"href":"https:\/\/bigbuy.tupique.com\/es\/wp-json\/wp\/v2\/product_brand?post=59234"},{"taxonomy":"product_cat","embeddable":true,"href":"https:\/\/bigbuy.tupique.com\/es\/wp-json\/wp\/v2\/product_cat?post=59234"},{"taxonomy":"product_tag","embeddable":true,"href":"https:\/\/bigbuy.tupique.com\/es\/wp-json\/wp\/v2\/product_tag?post=59234"}],"curies":[{"name":"wp","href":"https:\/\/api.w.org\/{rel}","templated":true}]}}