{"id":59220,"date":"2026-04-01T14:35:47","date_gmt":"2026-04-01T13:35:47","guid":{"rendered":"https:\/\/bigbuy.tupique.com\/produto\/induction-hot-plate-samsung-nz63c4036gku1\/"},"modified":"2026-04-15T02:56:03","modified_gmt":"2026-04-15T01:56:03","slug":"induction-hot-plate-samsung-nz63c4036gku1","status":"publish","type":"product","link":"https:\/\/bigbuy.tupique.com\/es\/produto\/induction-hot-plate-samsung-nz63c4036gku1\/","title":{"rendered":"Plaque \u00e0 Induction Samsung NZ63C4036GKU1"},"content":{"rendered":"<p>Si vous pensez r\u00e9nover votre cuisine, achetez <b>Plaque \u00e0 Induction Samsung NZ63C4036GKU1<\/b> et d\u00b4autres <b>produits Samsung<\/b> !<\/p>\n<ul>\n<li>Couleur: Noir<\/li>\n<li>Largeur: 60 cm<\/li>\n<li>Connectivit\u00e9: Wi-Fi<\/li>\n<li>Zones de cuisson: 3<\/li>\n<li>Caract\u00e9ristiques:\n<ul>\n<li>Commande tactile<\/li>\n<li>Verrouillage pour enfants<\/li>\n<li>Verrou de s\u00e9curit\u00e9<\/li>\n<\/ul>\n<\/li>\n<li>puissance: 7400 W<\/li>\n<li>Produit \u00e0 brancher: Oui<\/li>\n<li>Type de prise: Prise EU<\/li>\n<li>Type: Plaque \u00e0 Induction<\/li>\n<li>Bloc d\u2019Alimentation: r\u00e9seau \u00e9lectrique<\/li>\n<\/ul>","protected":false},"excerpt":{"rendered":"<p>Si vous pensez r\u00e9nover votre cuisine, achetez Plaque \u00e0 Induction Samsung NZ63C4036GKU1 et d\u00b4autres produits Samsung ! Couleur: Noir Largeur: 60 cm Connectivit\u00e9: Wi-Fi Zones de cuisson: 3 Caract\u00e9ristiques: Commande tactile Verrouillage pour enfants Verrou de s\u00e9curit\u00e9 puissance: 7400 W Produit \u00e0 brancher: Oui Type de prise: Prise EU Type: Plaque \u00e0 Induction Bloc d\u2019Alimentation: [&hellip;]<\/p>\n","protected":false},"featured_media":59219,"comment_status":"open","ping_status":"closed","template":"","meta":[],"product_brand":[183],"product_cat":[60,77,78],"product_tag":[55,56],"class_list":{"0":"post-59220","1":"product","2":"type-product","3":"status-publish","4":"has-post-thumbnail","6":"product_brand-brandp_576","7":"product_cat-cuisine-gourmet","8":"product_cat-petit-electromenager","9":"product_cat-plaques-de-cuisson","10":"product_tag-tag_926","11":"product_tag-tag_930","13":"first","14":"instock","15":"taxable","16":"shipping-taxable","17":"purchasable","18":"product-type-simple"},"_links":{"self":[{"href":"https:\/\/bigbuy.tupique.com\/es\/wp-json\/wp\/v2\/product\/59220","targetHints":{"allow":["GET"]}}],"collection":[{"href":"https:\/\/bigbuy.tupique.com\/es\/wp-json\/wp\/v2\/product"}],"about":[{"href":"https:\/\/bigbuy.tupique.com\/es\/wp-json\/wp\/v2\/types\/product"}],"replies":[{"embeddable":true,"href":"https:\/\/bigbuy.tupique.com\/es\/wp-json\/wp\/v2\/comments?post=59220"}],"wp:featuredmedia":[{"embeddable":true,"href":"https:\/\/bigbuy.tupique.com\/es\/wp-json\/wp\/v2\/media\/59219"}],"wp:attachment":[{"href":"https:\/\/bigbuy.tupique.com\/es\/wp-json\/wp\/v2\/media?parent=59220"}],"wp:term":[{"taxonomy":"product_brand","embeddable":true,"href":"https:\/\/bigbuy.tupique.com\/es\/wp-json\/wp\/v2\/product_brand?post=59220"},{"taxonomy":"product_cat","embeddable":true,"href":"https:\/\/bigbuy.tupique.com\/es\/wp-json\/wp\/v2\/product_cat?post=59220"},{"taxonomy":"product_tag","embeddable":true,"href":"https:\/\/bigbuy.tupique.com\/es\/wp-json\/wp\/v2\/product_tag?post=59220"}],"curies":[{"name":"wp","href":"https:\/\/api.w.org\/{rel}","templated":true}]}}