{"id":59216,"date":"2026-04-01T14:35:43","date_gmt":"2026-04-01T13:35:43","guid":{"rendered":"https:\/\/bigbuy.tupique.com\/produto\/combined-refrigerator-sharp-sjftb30itxwees-white\/"},"modified":"2026-04-15T02:20:04","modified_gmt":"2026-04-15T01:20:04","slug":"combined-refrigerator-sharp-sjftb30itxwees-white","status":"publish","type":"product","link":"https:\/\/bigbuy.tupique.com\/es\/produto\/combined-refrigerator-sharp-sjftb30itxwees-white\/","title":{"rendered":"R\u00e9frig\u00e9rateur Combin\u00e9 Sharp SJFTB30ITXWEES Blanc"},"content":{"rendered":"<p>Si vous pensez r\u00e9nover votre cuisine, achetez <b>R\u00e9frig\u00e9rateur Combin\u00e9 Sharp SJFTB30ITXWEES Blanc<\/b> et d\u00b4autres <b>produits Sharp<\/b> !<\/p>\n<p>Le <b>r\u00e9frig\u00e9rateur combin\u00e9<\/b> <b>Sharp SJFTB30ITXWEES<\/b> est une solution efficace et pratique pour la conservation des aliments \u00e0 domicile, alliant design fonctionnel et espace optimis\u00e9. Avec sa <b>finition blanche<\/b>, cet appareil \u00e9lectrom\u00e9nager s\u2019int\u00e8gre facilement dans diff\u00e9rents styles de cuisine, offrant un aspect propre et moderne. Il mesure <b>175 cm de hauteur et 60 cm de largeur<\/b>, permettant un stockage g\u00e9n\u00e9reux dans un format compact, adapt\u00e9 aussi bien aux cuisines moyennes que petites. Sa <b>capacit\u00e9 totale de 242 litres<\/b> r\u00e9pond aux besoins quotidiens des petits foyers et des couples, facilitant une organisation claire entre le r\u00e9frig\u00e9rateur et le cong\u00e9lateur. La <b>classe \u00e9nerg\u00e9tique E<\/b> assure un \u00e9quilibre entre consommation et performance, id\u00e9ale pour ceux qui recherchent l\u2019efficacit\u00e9 sans compromettre la fonctionnalit\u00e9. Ce mod\u00e8le est ind\u00e9pendant et se branche \u00e0 la <b>r\u00e9seau \u00e9lectrique<\/b> via une prise standard EU, garantissant une installation simple dans la plupart des foyers europ\u00e9ens. Le Sharp SJFTB30ITXWEES constitue un choix fiable et pratique pour ceux qui souhaitent un r\u00e9frig\u00e9rateur combin\u00e9 offrant une capacit\u00e9 suffisante et une efficacit\u00e9 adapt\u00e9e \u00e0 un usage quotidien.<\/p>\n<ul>\n<li>Produit \u00e0 brancher: Oui<\/li>\n<li>Type de prise: Prise EU<\/li>\n<li>Bloc d\u2019Alimentation: r\u00e9seau \u00e9lectrique<\/li>\n<li>Couleur: Blanc<\/li>\n<li>Largeur: 60 cm<\/li>\n<li>Classification \u00e9nerg\u00e9tique: E<\/li>\n<li>\u00c9lev\u00e9: 175 cm<\/li>\n<li>Capacit\u00e9 du cong\u00e9lateur: 70 L<\/li>\n<li>Capacit\u00e9: 242 l<\/li>\n<li>Dimensions approx.: 175 x 60 cm<\/li>\n<li>Type d&#8217;installation: Auto-assemblage<\/li>\n<li>Portes: 2 portes<\/li>\n<li>Technologie: Conventionnel<\/li>\n<\/ul>","protected":false},"excerpt":{"rendered":"<p><span class=\"unit-info\">2.4462 &euro; \/ 1 l<\/span><\/p>","protected":false},"featured_media":59215,"comment_status":"open","ping_status":"closed","template":"","meta":[],"product_brand":[1088],"product_cat":[60,77,226],"product_tag":[56],"class_list":{"0":"post-59216","1":"product","2":"type-product","3":"status-publish","4":"has-post-thumbnail","6":"product_brand-brandp_3340","7":"product_cat-cuisine-gourmet","8":"product_cat-petit-electromenager","9":"product_cat-refrigerateurs-et-congelateurs","10":"product_tag-tag_930","12":"first","13":"instock","14":"taxable","15":"shipping-taxable","16":"purchasable","17":"product-type-simple"},"_links":{"self":[{"href":"https:\/\/bigbuy.tupique.com\/es\/wp-json\/wp\/v2\/product\/59216","targetHints":{"allow":["GET"]}}],"collection":[{"href":"https:\/\/bigbuy.tupique.com\/es\/wp-json\/wp\/v2\/product"}],"about":[{"href":"https:\/\/bigbuy.tupique.com\/es\/wp-json\/wp\/v2\/types\/product"}],"replies":[{"embeddable":true,"href":"https:\/\/bigbuy.tupique.com\/es\/wp-json\/wp\/v2\/comments?post=59216"}],"wp:featuredmedia":[{"embeddable":true,"href":"https:\/\/bigbuy.tupique.com\/es\/wp-json\/wp\/v2\/media\/59215"}],"wp:attachment":[{"href":"https:\/\/bigbuy.tupique.com\/es\/wp-json\/wp\/v2\/media?parent=59216"}],"wp:term":[{"taxonomy":"product_brand","embeddable":true,"href":"https:\/\/bigbuy.tupique.com\/es\/wp-json\/wp\/v2\/product_brand?post=59216"},{"taxonomy":"product_cat","embeddable":true,"href":"https:\/\/bigbuy.tupique.com\/es\/wp-json\/wp\/v2\/product_cat?post=59216"},{"taxonomy":"product_tag","embeddable":true,"href":"https:\/\/bigbuy.tupique.com\/es\/wp-json\/wp\/v2\/product_tag?post=59216"}],"curies":[{"name":"wp","href":"https:\/\/api.w.org\/{rel}","templated":true}]}}