{"id":59198,"date":"2026-04-01T14:35:18","date_gmt":"2026-04-01T13:35:18","guid":{"rendered":"https:\/\/bigbuy.tupique.com\/produto\/conventional-hood-teka-steel\/"},"modified":"2026-04-15T01:26:31","modified_gmt":"2026-04-15T00:26:31","slug":"conventional-hood-teka-steel","status":"publish","type":"product","link":"https:\/\/bigbuy.tupique.com\/es\/produto\/conventional-hood-teka-steel\/","title":{"rendered":"Hotte standard Teka Acier"},"content":{"rendered":"<p>Si vous pensez r\u00e9nover votre cuisine, achetez <b>Hotte standard Teka Acier<\/b> et d\u00b4autres <b>produits Teka<\/b> !<\/p>\n<p>La <b>hotte conventionnelle DSH986<\/b> de la marque <b>Teka<\/b> est un extracteur con\u00e7u pour une installation murale, avec une <b>largeur de 90 cm<\/b>, adapt\u00e9 aux cuisines de taille moyenne \u00e0 grande. Sa <b>puissance de 280 W<\/b> permet une extraction efficace des fum\u00e9es et odeurs, atteignant une <b>capacit\u00e9 maximale d\u2019extraction de 586 m\u00b3\/h<\/b> garantissant un air plus propre et frais lors de la pr\u00e9paration des repas. Elle dispose de <b>trois vitesses de fonctionnement<\/b>, facilitant l\u2019ajustement du niveau d\u2019extraction selon les besoins, tout en maintenant un <b>niveau sonore contenu de 54 dB<\/b> \u00e0 faible vitesse, ce qui am\u00e9liore le confort d\u2019utilisation en r\u00e9duisant les nuisances sonores. Pour optimiser le nettoyage et l\u2019entretien, cette hotte est \u00e9quip\u00e9e de <b>trois filtres m\u00e9talliques \u00e0 graisse, tous lavables et compatibles lave-vaisselle<\/b>, assurant une meilleure durabilit\u00e9 et facilit\u00e9 d\u2019entretien. Sa finition en <b>acier inoxydable<\/b> apporte un aspect moderne et robuste, compatible avec les d\u00e9cors contemporains, et son \u00e9clairage int\u00e9gr\u00e9 <b>LED<\/b> offre une lumi\u00e8re claire et efficace sur la zone de cuisson, facilitant la visibilit\u00e9 sans consommation excessive. Elle fonctionne \u00e0 <b>50 Hz<\/b> et est con\u00e7ue pour un montage mural simple, en faisant une solution pratique pour renouveler ou installer un syst\u00e8me de ventilation dans les cuisines domestiques. Sa classe \u00e9nerg\u00e9tique <b>A<\/b> indique une consommation efficace, \u00e9quilibrant performance et \u00e9conomie d\u2019\u00e9nergie. En r\u00e9sum\u00e9, la hotte Teka DSH986 r\u00e9pond aux attentes de fonctionnalit\u00e9, d\u2019entretien facile et de design solide, destin\u00e9e aux utilisateurs recherchant une hotte performante et facile \u00e0 installer pour maintenir la qualit\u00e9 de l\u2019air dans leur cuisine.<\/p>\n<ul>\n<li>Produit \u00e0 brancher: Oui<\/li>\n<li>Type de prise: Prise EU<\/li>\n<li>Type:\n<ul>\n<li>Hotte standard<\/li>\n<li>Mural<\/li>\n<\/ul>\n<\/li>\n<li>Bloc d\u2019Alimentation: r\u00e9seau \u00e9lectrique<\/li>\n<li>Filtres:\n<ul>\n<li>M\u00e9tal<\/li>\n<li>3<\/li>\n<\/ul>\n<\/li>\n<li>Filtre: Lavable<\/li>\n<li>Niveau sonore: 68 dB<\/li>\n<li>Moteur: 1<\/li>\n<li>Type d&#8217;ampoule: LED<\/li>\n<li>puissance: 280 W<\/li>\n<li>Classification \u00e9nerg\u00e9tique: A<\/li>\n<li>Largeur: 90 cm<\/li>\n<li>Couleur: Acier<\/li>\n<li>Capacit\u00e9 d\u2019extraction: 735 m3\/h<\/li>\n<li>Longueur du c\u00e2ble: 1 m<\/li>\n<li>Fr\u00e9quence: 50 Hz<\/li>\n<li>Non Inclus: Wi-Fi<\/li>\n<li>Tension: 220-240 V<\/li>\n<li>Poids: 15 kg<\/li>\n<li>Vitesse: 3 vitesses<\/li>\n<\/ul>","protected":false},"excerpt":{"rendered":"<p>Si vous pensez r\u00e9nover votre cuisine, achetez Hotte standard Teka Acier et d\u00b4autres produits Teka ! La hotte conventionnelle DSH986 de la marque Teka est un extracteur con\u00e7u pour une installation murale, avec une largeur de 90 cm, adapt\u00e9 aux cuisines de taille moyenne \u00e0 grande. Sa puissance de 280 W permet une extraction efficace [&hellip;]<\/p>\n","protected":false},"featured_media":59196,"comment_status":"open","ping_status":"closed","template":"","meta":[],"product_brand":[667],"product_cat":[60,61,62],"product_tag":[56],"class_list":{"0":"post-59198","1":"product","2":"type-product","3":"status-publish","4":"has-post-thumbnail","6":"product_brand-brandp_1172","7":"product_cat-cuisine-gourmet","8":"product_cat-equipement-de-cuisine","9":"product_cat-hottes-de-cuisine","10":"product_tag-tag_930","12":"first","13":"instock","14":"taxable","15":"shipping-taxable","16":"purchasable","17":"product-type-simple"},"_links":{"self":[{"href":"https:\/\/bigbuy.tupique.com\/es\/wp-json\/wp\/v2\/product\/59198","targetHints":{"allow":["GET"]}}],"collection":[{"href":"https:\/\/bigbuy.tupique.com\/es\/wp-json\/wp\/v2\/product"}],"about":[{"href":"https:\/\/bigbuy.tupique.com\/es\/wp-json\/wp\/v2\/types\/product"}],"replies":[{"embeddable":true,"href":"https:\/\/bigbuy.tupique.com\/es\/wp-json\/wp\/v2\/comments?post=59198"}],"wp:featuredmedia":[{"embeddable":true,"href":"https:\/\/bigbuy.tupique.com\/es\/wp-json\/wp\/v2\/media\/59196"}],"wp:attachment":[{"href":"https:\/\/bigbuy.tupique.com\/es\/wp-json\/wp\/v2\/media?parent=59198"}],"wp:term":[{"taxonomy":"product_brand","embeddable":true,"href":"https:\/\/bigbuy.tupique.com\/es\/wp-json\/wp\/v2\/product_brand?post=59198"},{"taxonomy":"product_cat","embeddable":true,"href":"https:\/\/bigbuy.tupique.com\/es\/wp-json\/wp\/v2\/product_cat?post=59198"},{"taxonomy":"product_tag","embeddable":true,"href":"https:\/\/bigbuy.tupique.com\/es\/wp-json\/wp\/v2\/product_tag?post=59198"}],"curies":[{"name":"wp","href":"https:\/\/api.w.org\/{rel}","templated":true}]}}