{"id":59190,"date":"2026-04-01T14:35:08","date_gmt":"2026-04-01T13:35:08","guid":{"rendered":"https:\/\/bigbuy.tupique.com\/produto\/smartwatch-samsung-galaxy-watch-6-147\/"},"modified":"2026-04-15T00:50:12","modified_gmt":"2026-04-14T23:50:12","slug":"smartwatch-samsung-galaxy-watch-6-147","status":"publish","type":"product","link":"https:\/\/bigbuy.tupique.com\/es\/produto\/smartwatch-samsung-galaxy-watch-6-147\/","title":{"rendered":"Montre intelligente Samsung GALAXY WATCH 6 1,47&#8243;"},"content":{"rendered":"<p>Si vous \u00eates passionn\u00e9 d&#8217;<b>informatique et d&#8217;\u00e9lectronique<\/b>, si vous \u00eates \u00e0 la pointe de la technologie et qu&#8217;aucun d\u00e9tail ne vous \u00e9chappe, achetez <b>Montre intelligente Samsung GALAXY WATCH 6 1,47&#8243;<\/b> au meilleur prix.<\/p>\n<p>Le <b>Samsung GALAXY WATCH 6<\/b> est une <b>montre connect\u00e9e<\/b> con\u00e7ue pour offrir une exp\u00e9rience compl\u00e8te de connectivit\u00e9 et de suivi de la sant\u00e9 au quotidien. \u00c9quip\u00e9e de <b>connectivit\u00e9 Bluetooth, Wi-Fi et 4G<\/b>, elle permet de rester en communication et d\u2019acc\u00e9der aux applications de mani\u00e8re autonome, sans avoir besoin d\u2019\u00eatre constamment appair\u00e9e au t\u00e9l\u00e9phone mobile. Son <b>\u00e9cran tactile<\/b> facilite une navigation intuitive et fluide, tandis que sa r\u00e9sistance \u00e0 l\u2019eau et \u00e0 la poussi\u00e8re certifi\u00e9e par le <b>code IP68<\/b> garantit sa durabilit\u00e9 dans diverses conditions. Ce mod\u00e8le int\u00e8gre un <b>capteur de fr\u00e9quence cardiaque<\/b> qui surveille en temps r\u00e9el la sant\u00e9 cardiovasculaire, fournissant des donn\u00e9es pr\u00e9cises pour ceux qui souhaitent contr\u00f4ler leur activit\u00e9 physique ou leur bien-\u00eatre g\u00e9n\u00e9ral. Compatible avec les syst\u00e8mes d\u2019exploitation mobiles de <b>Android 10 \u00e0 Android 13<\/b>, le GALAXY WATCH 6 s\u2019adapte \u00e0 une large gamme d\u2019appareils. Son design sobre avec <b>bracelet et cadran noirs<\/b> offre un style \u00e9l\u00e9gant et polyvalent, adapt\u00e9 aussi bien aux environnements sportifs que professionnels. Gr\u00e2ce \u00e0 ces sp\u00e9cifications techniques, cette montre intelligente se positionne comme une solution avanc\u00e9e pour les utilisateurs recherchant fonctionnalit\u00e9, connectivit\u00e9 et suivi de sant\u00e9 dans un appareil compact et r\u00e9sistant.<\/p>\n<ul>\n<li>Connectivit\u00e9:\n<ul>\n<li>4G<\/li>\n<li>Bluetooth<\/li>\n<li>Wi-Fi<\/li>\n<\/ul>\n<\/li>\n<li>Produit \u00e0 brancher: Oui<\/li>\n<li>Type de prise: Prise EU<\/li>\n<li>Type de montre: Montre intelligente<\/li>\n<li>Bloc d\u2019Alimentation: r\u00e9seau \u00e9lectrique<\/li>\n<li>Caract\u00e9ristiques: Ecran tactile<\/li>\n<li>Glonass: Oui<\/li>\n<li>Gyroscope: Oui<\/li>\n<li>Podom\u00e8tre: Oui<\/li>\n<li>Classification IP: IP68<\/li>\n<li>Couleur du cadran: Noir<\/li>\n<li>Technologie: OLED<\/li>\n<li>Capacit\u00e9 de la batterie: 425 mAh<\/li>\n<li>Couleur du bracelet: Noir<\/li>\n<li>Ecran: 1,47&#8243;<\/li>\n<li>M\u00e9moire RAM: 2 GB<\/li>\n<li>Syst\u00e8me d&#8217;exploitation: Android 10<\/li>\n<li>Fonctions: Moniteur de Sommeil<\/li>\n<li>Acc\u00e9l\u00e9rom\u00e8tre: Oui<\/li>\n<\/ul>","protected":false},"excerpt":{"rendered":"<p>Si vous \u00eates passionn\u00e9 d&#8217;informatique et d&#8217;\u00e9lectronique, si vous \u00eates \u00e0 la pointe de la technologie et qu&#8217;aucun d\u00e9tail ne vous \u00e9chappe, achetez Montre intelligente Samsung GALAXY WATCH 6 1,47&#8243; au meilleur prix. Le Samsung GALAXY WATCH 6 est une montre connect\u00e9e con\u00e7ue pour offrir une exp\u00e9rience compl\u00e8te de connectivit\u00e9 et de suivi de la [&hellip;]<\/p>\n","protected":false},"featured_media":59189,"comment_status":"open","ping_status":"closed","template":"","meta":[],"product_brand":[183],"product_cat":[575,65,748],"product_tag":[103,566,106],"class_list":{"0":"post-59190","1":"product","2":"type-product","3":"status-publish","4":"has-post-thumbnail","6":"product_brand-brandp_576","7":"product_cat-electronique-telephonie-et-tablettes","8":"product_cat-informatique-electronique","9":"product_cat-smartwatches","10":"product_tag-tag_1261","11":"product_tag-tag_547","12":"product_tag-tag_1295","14":"first","15":"instock","16":"taxable","17":"shipping-taxable","18":"purchasable","19":"product-type-simple"},"_links":{"self":[{"href":"https:\/\/bigbuy.tupique.com\/es\/wp-json\/wp\/v2\/product\/59190","targetHints":{"allow":["GET"]}}],"collection":[{"href":"https:\/\/bigbuy.tupique.com\/es\/wp-json\/wp\/v2\/product"}],"about":[{"href":"https:\/\/bigbuy.tupique.com\/es\/wp-json\/wp\/v2\/types\/product"}],"replies":[{"embeddable":true,"href":"https:\/\/bigbuy.tupique.com\/es\/wp-json\/wp\/v2\/comments?post=59190"}],"wp:featuredmedia":[{"embeddable":true,"href":"https:\/\/bigbuy.tupique.com\/es\/wp-json\/wp\/v2\/media\/59189"}],"wp:attachment":[{"href":"https:\/\/bigbuy.tupique.com\/es\/wp-json\/wp\/v2\/media?parent=59190"}],"wp:term":[{"taxonomy":"product_brand","embeddable":true,"href":"https:\/\/bigbuy.tupique.com\/es\/wp-json\/wp\/v2\/product_brand?post=59190"},{"taxonomy":"product_cat","embeddable":true,"href":"https:\/\/bigbuy.tupique.com\/es\/wp-json\/wp\/v2\/product_cat?post=59190"},{"taxonomy":"product_tag","embeddable":true,"href":"https:\/\/bigbuy.tupique.com\/es\/wp-json\/wp\/v2\/product_tag?post=59190"}],"curies":[{"name":"wp","href":"https:\/\/api.w.org\/{rel}","templated":true}]}}