{"id":59181,"date":"2026-04-01T14:34:55","date_gmt":"2026-04-01T13:34:55","guid":{"rendered":"https:\/\/bigbuy.tupique.com\/produto\/washing-machine-balay-3ti983b-596-cm-1200-rpm-8-kg\/"},"modified":"2026-05-11T19:56:28","modified_gmt":"2026-05-11T17:56:28","slug":"washing-machine-balay-3ti983b-596-cm-1200-rpm-8-kg","status":"publish","type":"product","link":"https:\/\/bigbuy.tupique.com\/es\/produto\/washing-machine-balay-3ti983b-596-cm-1200-rpm-8-kg\/","title":{"rendered":"Machine \u00e0 laver Balay 3TI983B 59,6 cm 1200 rpm 8 kg"},"content":{"rendered":"<p>Si vous \u00eates \u00e0 la recherche de nouvelles tendances sur le march\u00e9, nous vous pr\u00e9sentons <b>Machine \u00e0 laver Balay 3TI983B 59,6 cm 1200 rpm 8 kg<\/b> !<\/p>\n<ul>\n<li>Langue: Espagnol<\/li>\n<li>Bloc d\u2019Alimentation: r\u00e9seau \u00e9lectrique<\/li>\n<li>Couleur: Blanc<\/li>\n<li>Classification \u00e9nerg\u00e9tique: C<\/li>\n<li>vitesse: 1200 rpm<\/li>\n<li>Dimensions approx.: 85 x 60 x 57 cm<\/li>\n<li>Produit \u00e0 brancher: Oui<\/li>\n<li>Type de prise: Prise EU<\/li>\n<li>Largeur: 59,6 cm<\/li>\n<li>Caract\u00e9ristiques:\n<ul>\n<li>Verrouillage pour enfants<\/li>\n<li>\u00c9cran integr\u00e9<\/li>\n<\/ul>\n<\/li>\n<li>Capacit\u00e9: 8 kg<\/li>\n<li>Pays \/ r\u00e9gion de fabrication: Espagne<\/li>\n<li>Poids: 6 Kg<\/li>\n<\/ul>","protected":false},"excerpt":{"rendered":"<p><span class=\"unit-info\">112.6238 &euro; \/ 1 kg<\/span><\/p>","protected":false},"featured_media":59179,"comment_status":"open","ping_status":"closed","template":"","meta":[],"product_brand":[114],"product_cat":[239,240,751],"product_tag":[],"class_list":{"0":"post-59181","1":"product","2":"type-product","3":"status-publish","4":"has-post-thumbnail","6":"product_brand-brandp_1251","7":"product_cat-maison-jardin","8":"product_cat-nettoyage-aspirateur-et-repassage","9":"product_cat-seche-linge-fers-a-repasser-sechoirs","11":"first","12":"instock","13":"taxable","14":"shipping-taxable","15":"purchasable","16":"product-type-simple"},"_links":{"self":[{"href":"https:\/\/bigbuy.tupique.com\/es\/wp-json\/wp\/v2\/product\/59181","targetHints":{"allow":["GET"]}}],"collection":[{"href":"https:\/\/bigbuy.tupique.com\/es\/wp-json\/wp\/v2\/product"}],"about":[{"href":"https:\/\/bigbuy.tupique.com\/es\/wp-json\/wp\/v2\/types\/product"}],"replies":[{"embeddable":true,"href":"https:\/\/bigbuy.tupique.com\/es\/wp-json\/wp\/v2\/comments?post=59181"}],"wp:featuredmedia":[{"embeddable":true,"href":"https:\/\/bigbuy.tupique.com\/es\/wp-json\/wp\/v2\/media\/59179"}],"wp:attachment":[{"href":"https:\/\/bigbuy.tupique.com\/es\/wp-json\/wp\/v2\/media?parent=59181"}],"wp:term":[{"taxonomy":"product_brand","embeddable":true,"href":"https:\/\/bigbuy.tupique.com\/es\/wp-json\/wp\/v2\/product_brand?post=59181"},{"taxonomy":"product_cat","embeddable":true,"href":"https:\/\/bigbuy.tupique.com\/es\/wp-json\/wp\/v2\/product_cat?post=59181"},{"taxonomy":"product_tag","embeddable":true,"href":"https:\/\/bigbuy.tupique.com\/es\/wp-json\/wp\/v2\/product_tag?post=59181"}],"curies":[{"name":"wp","href":"https:\/\/api.w.org\/{rel}","templated":true}]}}