{"id":59094,"date":"2026-04-01T14:30:18","date_gmt":"2026-04-01T13:30:18","guid":{"rendered":"https:\/\/bigbuy.tupique.com\/produto\/dishwasher-balay-3vs506bp-60-cm-white\/"},"modified":"2026-04-14T23:51:53","modified_gmt":"2026-04-14T22:51:53","slug":"dishwasher-balay-3vs506bp-60-cm-white","status":"publish","type":"product","link":"https:\/\/bigbuy.tupique.com\/es\/produto\/dishwasher-balay-3vs506bp-60-cm-white\/","title":{"rendered":"Lave-vaisselle Balay 3VS506BP 60 cm Blanc"},"content":{"rendered":"<p>Si vous pensez r\u00e9nover votre cuisine, achetez <b>Lave-vaisselle Balay 3VS506BP 60 cm Blanc<\/b> et d\u00b4autres <b>produits Balay<\/b> !<\/p>\n<ul>\n<li>Langue: Espagnol<\/li>\n<li>Bloc d\u2019Alimentation: r\u00e9seau \u00e9lectrique<\/li>\n<li>Largeur: 60 cm<\/li>\n<li>Classification \u00e9nerg\u00e9tique: E<\/li>\n<li>Couleur: Blanc<\/li>\n<li>Produit \u00e0 brancher: Oui<\/li>\n<li>Type: Lave-vaisselle<\/li>\n<li>Type de prise: Prise EU<\/li>\n<li>Caract\u00e9ristiques: \u00c9cran integr\u00e9<\/li>\n<li>Tension: 220 V<\/li>\n<li>Niveau sonore: 48 dB<\/li>\n<\/ul>","protected":false},"excerpt":{"rendered":"<p><span class=\"unit-info\">566.9900 &euro; \/ 1 l<\/span><\/p>","protected":false},"featured_media":59091,"comment_status":"open","ping_status":"closed","template":"","meta":[],"product_brand":[114],"product_cat":[393,60,77],"product_tag":[],"class_list":{"0":"post-59094","1":"product","2":"type-product","3":"status-publish","4":"has-post-thumbnail","6":"product_brand-brandp_1251","7":"product_cat-autres-appareils-de-cuisines","8":"product_cat-cuisine-gourmet","9":"product_cat-petit-electromenager","11":"first","12":"instock","13":"taxable","14":"shipping-taxable","15":"purchasable","16":"product-type-simple"},"_links":{"self":[{"href":"https:\/\/bigbuy.tupique.com\/es\/wp-json\/wp\/v2\/product\/59094","targetHints":{"allow":["GET"]}}],"collection":[{"href":"https:\/\/bigbuy.tupique.com\/es\/wp-json\/wp\/v2\/product"}],"about":[{"href":"https:\/\/bigbuy.tupique.com\/es\/wp-json\/wp\/v2\/types\/product"}],"replies":[{"embeddable":true,"href":"https:\/\/bigbuy.tupique.com\/es\/wp-json\/wp\/v2\/comments?post=59094"}],"wp:featuredmedia":[{"embeddable":true,"href":"https:\/\/bigbuy.tupique.com\/es\/wp-json\/wp\/v2\/media\/59091"}],"wp:attachment":[{"href":"https:\/\/bigbuy.tupique.com\/es\/wp-json\/wp\/v2\/media?parent=59094"}],"wp:term":[{"taxonomy":"product_brand","embeddable":true,"href":"https:\/\/bigbuy.tupique.com\/es\/wp-json\/wp\/v2\/product_brand?post=59094"},{"taxonomy":"product_cat","embeddable":true,"href":"https:\/\/bigbuy.tupique.com\/es\/wp-json\/wp\/v2\/product_cat?post=59094"},{"taxonomy":"product_tag","embeddable":true,"href":"https:\/\/bigbuy.tupique.com\/es\/wp-json\/wp\/v2\/product_tag?post=59094"}],"curies":[{"name":"wp","href":"https:\/\/api.w.org\/{rel}","templated":true}]}}