{"id":59036,"date":"2026-04-01T14:28:57","date_gmt":"2026-04-01T13:28:57","guid":{"rendered":"https:\/\/bigbuy.tupique.com\/produto\/conventional-hood-fagor-ch-90-black-art-90-cm-650-m3-h-65-db-black\/"},"modified":"2026-05-11T19:56:15","modified_gmt":"2026-05-11T17:56:15","slug":"conventional-hood-fagor-ch-90-black-art-90-cm-650-m3-h-65-db-black","status":"publish","type":"product","link":"https:\/\/bigbuy.tupique.com\/es\/produto\/conventional-hood-fagor-ch-90-black-art-90-cm-650-m3-h-65-db-black\/","title":{"rendered":"Hotte standard FAGOR CH-90 BLACK ART 90 cm 650 m3\/h 65 dB Noir"},"content":{"rendered":"<p>Si vous pensez r\u00e9nover votre cuisine, achetez <b>Hotte standard FAGOR CH-90 BLACK ART 90 cm 650 m3\/h 65 dB Noir<\/b> et d\u00b4autres <b>produits Fagor<\/b> !<\/p>\n<p>La <b>hotte conventionnelle<\/b> Fagor mod\u00e8le 932013027 est une solution efficace pour l\u2019extraction des fum\u00e9es en cuisine, con\u00e7ue sp\u00e9cifiquement pour une installation <b>murale<\/b> et propos\u00e9e dans un \u00e9l\u00e9gant <b>coloris noir<\/b> qui s\u2019int\u00e8gre parfaitement aux styles modernes et minimalistes. Avec une large <b>dimension de 90 cm<\/b>, elle est id\u00e9ale pour les grandes cuisines et les plaques de cuisson spacieuses, maximisant la couverture et la captation des vapeurs. Elle se distingue par sa <b>capacit\u00e9 d\u2019extraction maximale de 650 m\u00b3\/h<\/b>, permettant de maintenir un environnement propre et sans odeurs m\u00eame lors de cuissons intensives. Cette hotte dispose de <b>3 vitesses d\u2019aspiration plus une fonction intensive<\/b>, pour adapter la puissance selon les besoins, tandis que l\u2019utilisateur contr\u00f4le facilement le fonctionnement gr\u00e2ce \u00e0 son <b>panneau de commandes tactile (Touch Control)<\/b> et \u00e0 l\u2019<b>affichage LED<\/b> du niveau s\u00e9lectionn\u00e9. \u00c9quip\u00e9e de <b>filtres m\u00e9talliques modulaires multicouches<\/b> lavables au lave-vaisselle, elle facilite l\u2019entretien et prolonge la dur\u00e9e de vie de l\u2019appareil, avec un <b>indicateur de saturation des filtres<\/b> pour garantir des performances optimales. L\u2019<b>\u00e9clairage halog\u00e8ne \u00e0 deux lampes<\/b> offre une visibilit\u00e9 puissante sur la zone de cuisson, aidant \u00e0 la pr\u00e9paration des aliments et \u00e0 la s\u00e9curit\u00e9 d\u2019utilisation. Avec un <b>niveau sonore maximal de 65 dB<\/b>, elle reste discr\u00e8te dans l\u2019environnement domestique. Parmi les autres fonctionnalit\u00e9s, on retrouve une <b>valve anti-retour<\/b> emp\u00eachant le reflux d\u2019air, ainsi qu\u2019une fermeture int\u00e9rieure du moteur con\u00e7ue pour simplifier le nettoyage. Concernant la <b>classe \u00e9nerg\u00e9tique<\/b>, elle affiche une efficacit\u00e9 avec double valeur A et C selon les param\u00e8tres, ce qui peut avoir un impact positif sur la consommation \u00e9lectrique annuelle. Avec un poids d\u2019environ 10 kg, ce mod\u00e8le allie robustesse et facilit\u00e9 d\u2019installation, se positionnant comme un choix avanc\u00e9 pour ceux qui recherchent une hotte puissante, durable et facile \u00e0 entretenir dans une cuisine moderne.<\/p>\n<ul>\n<li>Volume sonore: 65 dB<\/li>\n<li>Lumi\u00e8re: Oui<\/li>\n<li>Illumination: 2 x 20 W<\/li>\n<li>Touch Control: Non<\/li>\n<li>Dimensions approx.: 90 x 50 x 67,5 cm<\/li>\n<li>Type d&#8217;installation:\n<ul>\n<li>Montage mural<\/li>\n<li>Facile et rapide<\/li>\n<\/ul>\n<\/li>\n<li>Classification \u00e9nerg\u00e9tique:\n<ul>\n<li>C<\/li>\n<li>A<\/li>\n<\/ul>\n<\/li>\n<li>Largeur: 90 cm<\/li>\n<li>Produit \u00e0 brancher: Oui<\/li>\n<li>Type de prise: Prise EU<\/li>\n<li>Type:\n<ul>\n<li>Hotte standard<\/li>\n<li>Mural<\/li>\n<\/ul>\n<\/li>\n<li>Capacit\u00e9 d\u2019extraction: 650 m3\/h<\/li>\n<li>Bloc d\u2019Alimentation: r\u00e9seau \u00e9lectrique<\/li>\n<li>Couleur: Noir<\/li>\n<li>Profondeur: 50 cm<\/li>\n<li>Moteur: 1<\/li>\n<li>Type de commande: Capteur<\/li>\n<li>Niveau sonore: 65 dB<\/li>\n<li>Taille: 90 cm<\/li>\n<li>Mati\u00e8re: M\u00e9tal<\/li>\n<li>Caract\u00e9ristiques:\n<ul>\n<li>Convient aux lave-vaisselles<\/li>\n<li>Lumi\u00e8re LED<\/li>\n<li>Facile \u00e0 nettoyer<\/li>\n<li>Commande tactile<\/li>\n<li>3 vitesses<\/li>\n<li>Touch Control<\/li>\n<\/ul>\n<\/li>\n<li>Poids: 10 kg<\/li>\n<li>Niveaux de puissance: 3<\/li>\n<li>Inclut: Filtre<\/li>\n<li>Filtre:\n<ul>\n<li>Convient aux lave-vaisselles<\/li>\n<li>3<\/li>\n<li>m\u00e9tallique<\/li>\n<li>Lavable<\/li>\n<\/ul>\n<\/li>\n<li>Contr\u00f4le: Capteur<\/li>\n<li>puissance: 40 W<\/li>\n<li>d\u00e9bit d&#8217;air: 110 m3\/h<\/li>\n<li>Vitesse: 3 vitesses<\/li>\n<\/ul>\n<p><\/p>\n<p>Fagor CH90ART. Puissance d&#8217;extraction maximum: 650 m\u00b3\/h, Type d&#8217;extraction: Conduit \/ Recirculation, La puissance maximale de recirculation: 400 m\u00b3\/h. Type: Mont\u00e9 au mur, Couleur du produit: Noir, Puissance de l&#8217;ampoule: 40 W. Largeur: 900 mm, Profondeur: 500 mm, Hauteur: 675 mm<\/p>\n<p><\/p>\n<ul>\n<li>Puissance d&#8217;extraction maximum: 650 m\u00b3\/h<\/li>\n<li>Type d&#8217;extraction: Conduit \/ Recirculation<\/li>\n<li>Nombre de vitesses: 4<\/li>\n<li>La puissance maximale de recirculation: 400 m\u00b3\/h<\/li>\n<li>Vitesse intensive: Oui<\/li>\n<li>Niveau de son (vitesse lente): 42 dB<\/li>\n<li>Niveau de son (vitesse moyenne): 50 dB<\/li>\n<li>Niveau de son (vitesse rapide): 65 dB<\/li>\n<li>Niveau sonore (mode recyclage): 68 dB<\/li>\n<li>Distance minimale d&#8217;une plaque \u00e9lectrique: 65 cm<\/li>\n<li>Distance minimale d&#8217;une plaque \u00e0 gaz: 55 cm<\/li>\n<li>Type: Mont\u00e9 au mur<\/li>\n<li>Couleur du produit: Noir<\/li>\n<li>Puissance de l&#8217;ampoule: 40 W<\/li>\n<li>Nombre d&#8217;ampoules: 2 ampoule(s)<\/li>\n<li>Type d&#8217;ampoule: Halog\u00e8ne<\/li>\n<li>Type de commande: Senseur<\/li>\n<li>Nombre de moteurs: 1<\/li>\n<li>Certifi\u00e9 Energy Star: Non<\/li>\n<li>Largeur: 900 mm<\/li>\n<li>Profondeur: 500 mm<\/li>\n<li>Hauteur: 675 mm<\/li>\n<li>Hauteur (min): 67,5 cm<\/li>\n<li>Hauteur (max): 102,7 cm<\/li>\n<li>Hauteur sans la chemin\u00e9e: 7,5 cm<\/li>\n<li>Possibilit\u00e9s int\u00e9gr\u00e9es: Non<\/li>\n<\/ul>","protected":false},"excerpt":{"rendered":"<p><span class=\"unit-info\">1025.5444 &euro; \/ 1 m<\/span><\/p>","protected":false},"featured_media":59035,"comment_status":"open","ping_status":"closed","template":"","meta":[],"product_brand":[294],"product_cat":[63,64,60,61,62],"product_tag":[56],"class_list":{"0":"post-59036","1":"product","2":"type-product","3":"status-publish","4":"has-post-thumbnail","6":"product_brand-brandp_961","7":"product_cat-cadeaux-originaux","8":"product_cat-cadeaux-pour-la-maison","9":"product_cat-cuisine-gourmet","10":"product_cat-equipement-de-cuisine","11":"product_cat-hottes-de-cuisine","12":"product_tag-tag_930","14":"first","15":"instock","16":"taxable","17":"shipping-taxable","18":"purchasable","19":"product-type-simple"},"_links":{"self":[{"href":"https:\/\/bigbuy.tupique.com\/es\/wp-json\/wp\/v2\/product\/59036","targetHints":{"allow":["GET"]}}],"collection":[{"href":"https:\/\/bigbuy.tupique.com\/es\/wp-json\/wp\/v2\/product"}],"about":[{"href":"https:\/\/bigbuy.tupique.com\/es\/wp-json\/wp\/v2\/types\/product"}],"replies":[{"embeddable":true,"href":"https:\/\/bigbuy.tupique.com\/es\/wp-json\/wp\/v2\/comments?post=59036"}],"wp:featuredmedia":[{"embeddable":true,"href":"https:\/\/bigbuy.tupique.com\/es\/wp-json\/wp\/v2\/media\/59035"}],"wp:attachment":[{"href":"https:\/\/bigbuy.tupique.com\/es\/wp-json\/wp\/v2\/media?parent=59036"}],"wp:term":[{"taxonomy":"product_brand","embeddable":true,"href":"https:\/\/bigbuy.tupique.com\/es\/wp-json\/wp\/v2\/product_brand?post=59036"},{"taxonomy":"product_cat","embeddable":true,"href":"https:\/\/bigbuy.tupique.com\/es\/wp-json\/wp\/v2\/product_cat?post=59036"},{"taxonomy":"product_tag","embeddable":true,"href":"https:\/\/bigbuy.tupique.com\/es\/wp-json\/wp\/v2\/product_tag?post=59036"}],"curies":[{"name":"wp","href":"https:\/\/api.w.org\/{rel}","templated":true}]}}