{"id":59000,"date":"2026-04-01T14:25:41","date_gmt":"2026-04-01T13:25:41","guid":{"rendered":"https:\/\/bigbuy.tupique.com\/produto\/duct-air-conditioning-samsung-fac100rxn-no-a-a-10000-w\/"},"modified":"2026-04-15T07:38:45","modified_gmt":"2026-04-15T06:38:45","slug":"duct-air-conditioning-samsung-fac100rxn-no-a-a-10000-w","status":"publish","type":"product","link":"https:\/\/bigbuy.tupique.com\/es\/produto\/duct-air-conditioning-samsung-fac100rxn-no-a-a-10000-w\/","title":{"rendered":"Air Conditionn\u00e9 pour Conduits Samsung FAC100RXN No A+\/A+ 10000 W"},"content":{"rendered":"<p>Si vous recherchez des \u00e9lectrom\u00e9nagers pour votre maison aux meilleurs prix, ne manquez pas <b>Air Conditionn\u00e9 pour Conduits Samsung FAC100RXN No A+\/A+ 10000 W<\/b> et une large s\u00e9lection de petits \u00e9lectrom\u00e9nagers de qualit\u00e9 !<\/p>\n<ul>\n<li>Couleur: Blanc<\/li>\n<li>Caract\u00e9ristiques:\n<ul>\n<li>Minuterie<\/li>\n<li>Syst\u00e8me de ventilation<\/li>\n<li>\u00c9cran integr\u00e9<\/li>\n<\/ul>\n<\/li>\n<li>Classification \u00e9nerg\u00e9tique: A+\/A+<\/li>\n<li>Technologie: Inverter<\/li>\n<li>Puissance frigorifique: 10404 fg\/h<\/li>\n<li>Puissance calorifique: 23220 kcal\/h<\/li>\n<li>Tension: 220-240 V<\/li>\n<li>Connectivit\u00e9: No<\/li>\n<li>puissance: 10000 W<\/li>\n<\/ul>","protected":false},"excerpt":{"rendered":"<p>Si vous recherchez des \u00e9lectrom\u00e9nagers pour votre maison aux meilleurs prix, ne manquez pas Air Conditionn\u00e9 pour Conduits Samsung FAC100RXN No A+\/A+ 10000 W et une large s\u00e9lection de petits \u00e9lectrom\u00e9nagers de qualit\u00e9 ! Couleur: Blanc Caract\u00e9ristiques: Minuterie Syst\u00e8me de ventilation \u00c9cran integr\u00e9 Classification \u00e9nerg\u00e9tique: A+\/A+ Technologie: Inverter Puissance frigorifique: 10404 fg\/h Puissance calorifique: 23220 [&hellip;]<\/p>\n","protected":false},"featured_media":58999,"comment_status":"open","ping_status":"closed","template":"","meta":[],"product_brand":[183],"product_cat":[732,1334,239],"product_tag":[721,210],"class_list":{"0":"post-59000","1":"product","2":"type-product","3":"status-publish","4":"has-post-thumbnail","6":"product_brand-brandp_576","7":"product_cat-climatisation-et-chauffage","8":"product_cat-climatiseurs-et-ventilateurs","9":"product_cat-maison-jardin","10":"product_tag-tag_124","11":"product_tag-tag_25","13":"first","14":"instock","15":"taxable","16":"shipping-taxable","17":"purchasable","18":"product-type-simple"},"_links":{"self":[{"href":"https:\/\/bigbuy.tupique.com\/es\/wp-json\/wp\/v2\/product\/59000","targetHints":{"allow":["GET"]}}],"collection":[{"href":"https:\/\/bigbuy.tupique.com\/es\/wp-json\/wp\/v2\/product"}],"about":[{"href":"https:\/\/bigbuy.tupique.com\/es\/wp-json\/wp\/v2\/types\/product"}],"replies":[{"embeddable":true,"href":"https:\/\/bigbuy.tupique.com\/es\/wp-json\/wp\/v2\/comments?post=59000"}],"wp:featuredmedia":[{"embeddable":true,"href":"https:\/\/bigbuy.tupique.com\/es\/wp-json\/wp\/v2\/media\/58999"}],"wp:attachment":[{"href":"https:\/\/bigbuy.tupique.com\/es\/wp-json\/wp\/v2\/media?parent=59000"}],"wp:term":[{"taxonomy":"product_brand","embeddable":true,"href":"https:\/\/bigbuy.tupique.com\/es\/wp-json\/wp\/v2\/product_brand?post=59000"},{"taxonomy":"product_cat","embeddable":true,"href":"https:\/\/bigbuy.tupique.com\/es\/wp-json\/wp\/v2\/product_cat?post=59000"},{"taxonomy":"product_tag","embeddable":true,"href":"https:\/\/bigbuy.tupique.com\/es\/wp-json\/wp\/v2\/product_tag?post=59000"}],"curies":[{"name":"wp","href":"https:\/\/api.w.org\/{rel}","templated":true}]}}