{"id":58998,"date":"2026-04-01T14:25:38","date_gmt":"2026-04-01T13:25:38","guid":{"rendered":"https:\/\/bigbuy.tupique.com\/produto\/duct-air-conditioning-samsung-fac071rxn-no-a-a\/"},"modified":"2026-04-15T07:38:44","modified_gmt":"2026-04-15T06:38:44","slug":"duct-air-conditioning-samsung-fac071rxn-no-a-a","status":"publish","type":"product","link":"https:\/\/bigbuy.tupique.com\/es\/produto\/duct-air-conditioning-samsung-fac071rxn-no-a-a\/","title":{"rendered":"Air Conditionn\u00e9 pour Conduits Samsung FAC071RXN No A+\/A+"},"content":{"rendered":"<p>Si vous recherchez des \u00e9lectrom\u00e9nagers pour votre maison aux meilleurs prix, ne manquez pas <b>Air Conditionn\u00e9 pour Conduits Samsung FAC071RXN No A+\/A+<\/b> et une large s\u00e9lection de petits \u00e9lectrom\u00e9nagers de qualit\u00e9 !<\/p>\n<ul>\n<li>Couleur: Blanc<\/li>\n<li>Mati\u00e8re: M\u00e9tal<\/li>\n<li>Classification \u00e9nerg\u00e9tique: A+\/A+<\/li>\n<li>Technologie: Inverter<\/li>\n<li>Puissance calorifique: 8598 kcal\/h<\/li>\n<li>Tension: 220-240 V<\/li>\n<li>Connectivit\u00e9: No<\/li>\n<li>Puissance frigorifique: 4411 Kcal\/h<\/li>\n<\/ul>","protected":false},"excerpt":{"rendered":"<p>Si vous recherchez des \u00e9lectrom\u00e9nagers pour votre maison aux meilleurs prix, ne manquez pas Air Conditionn\u00e9 pour Conduits Samsung FAC071RXN No A+\/A+ et une large s\u00e9lection de petits \u00e9lectrom\u00e9nagers de qualit\u00e9 ! Couleur: Blanc Mati\u00e8re: M\u00e9tal Classification \u00e9nerg\u00e9tique: A+\/A+ Technologie: Inverter Puissance calorifique: 8598 kcal\/h Tension: 220-240 V Connectivit\u00e9: No Puissance frigorifique: 4411 Kcal\/h<\/p>","protected":false},"featured_media":58997,"comment_status":"open","ping_status":"closed","template":"","meta":[],"product_brand":[183],"product_cat":[732,1334,239],"product_tag":[721,210],"class_list":{"0":"post-58998","1":"product","2":"type-product","3":"status-publish","4":"has-post-thumbnail","6":"product_brand-brandp_576","7":"product_cat-climatisation-et-chauffage","8":"product_cat-climatiseurs-et-ventilateurs","9":"product_cat-maison-jardin","10":"product_tag-tag_124","11":"product_tag-tag_25","13":"first","14":"instock","15":"taxable","16":"shipping-taxable","17":"purchasable","18":"product-type-simple"},"_links":{"self":[{"href":"https:\/\/bigbuy.tupique.com\/es\/wp-json\/wp\/v2\/product\/58998","targetHints":{"allow":["GET"]}}],"collection":[{"href":"https:\/\/bigbuy.tupique.com\/es\/wp-json\/wp\/v2\/product"}],"about":[{"href":"https:\/\/bigbuy.tupique.com\/es\/wp-json\/wp\/v2\/types\/product"}],"replies":[{"embeddable":true,"href":"https:\/\/bigbuy.tupique.com\/es\/wp-json\/wp\/v2\/comments?post=58998"}],"wp:featuredmedia":[{"embeddable":true,"href":"https:\/\/bigbuy.tupique.com\/es\/wp-json\/wp\/v2\/media\/58997"}],"wp:attachment":[{"href":"https:\/\/bigbuy.tupique.com\/es\/wp-json\/wp\/v2\/media?parent=58998"}],"wp:term":[{"taxonomy":"product_brand","embeddable":true,"href":"https:\/\/bigbuy.tupique.com\/es\/wp-json\/wp\/v2\/product_brand?post=58998"},{"taxonomy":"product_cat","embeddable":true,"href":"https:\/\/bigbuy.tupique.com\/es\/wp-json\/wp\/v2\/product_cat?post=58998"},{"taxonomy":"product_tag","embeddable":true,"href":"https:\/\/bigbuy.tupique.com\/es\/wp-json\/wp\/v2\/product_tag?post=58998"}],"curies":[{"name":"wp","href":"https:\/\/api.w.org\/{rel}","templated":true}]}}