{"id":58994,"date":"2026-04-01T14:25:34","date_gmt":"2026-04-01T13:25:34","guid":{"rendered":"https:\/\/bigbuy.tupique.com\/produto\/freezer-samsung-rz32c76ce41-ef-navy-blue-customisable\/"},"modified":"2026-04-15T07:03:22","modified_gmt":"2026-04-15T06:03:22","slug":"freezer-samsung-rz32c76ce41-ef-navy-blue-customisable","status":"publish","type":"product","link":"https:\/\/bigbuy.tupique.com\/es\/produto\/freezer-samsung-rz32c76ce41-ef-navy-blue-customisable\/","title":{"rendered":"Cong\u00e9lateur Samsung RZ32C76CE41\/EF Blue marine Personnalisable"},"content":{"rendered":"<p>Si vous \u00eates \u00e0 la recherche de nouvelles tendances sur le march\u00e9, nous vous pr\u00e9sentons <b>Cong\u00e9lateur Samsung RZ32C76CE41\/EF Blue marine Personnalisable<\/b> !<\/p>\n<ul>\n<li>Type:\n<ul>\n<li>Original<\/li>\n<li>Cong\u00e9lateur<\/li>\n<\/ul>\n<\/li>\n<li>Produit \u00e0 brancher: Oui<\/li>\n<li>Bloc d\u2019Alimentation: r\u00e9seau \u00e9lectrique<\/li>\n<li>Couleur:\n<ul>\n<li>Blue marine<\/li>\n<li>Personnalisable<\/li>\n<\/ul>\n<\/li>\n<li>Largeur: 60 cm<\/li>\n<li>Classification \u00e9nerg\u00e9tique: E<\/li>\n<li>Dimensions approx.: 185 x 60 cm<\/li>\n<\/ul>","protected":false},"excerpt":{"rendered":"<p>Si vous \u00eates \u00e0 la recherche de nouvelles tendances sur le march\u00e9, nous vous pr\u00e9sentons Cong\u00e9lateur Samsung RZ32C76CE41\/EF Blue marine Personnalisable ! Type: Original Cong\u00e9lateur Produit \u00e0 brancher: Oui Bloc d\u2019Alimentation: r\u00e9seau \u00e9lectrique Couleur: Blue marine Personnalisable Largeur: 60 cm Classification \u00e9nerg\u00e9tique: E Dimensions approx.: 185 x 60 cm<\/p>","protected":false},"featured_media":58993,"comment_status":"open","ping_status":"closed","template":"","meta":[],"product_brand":[183],"product_cat":[60,77,226],"product_tag":[],"class_list":{"0":"post-58994","1":"product","2":"type-product","3":"status-publish","4":"has-post-thumbnail","6":"product_brand-brandp_576","7":"product_cat-cuisine-gourmet","8":"product_cat-petit-electromenager","9":"product_cat-refrigerateurs-et-congelateurs","11":"first","12":"instock","13":"taxable","14":"shipping-taxable","15":"purchasable","16":"product-type-simple"},"_links":{"self":[{"href":"https:\/\/bigbuy.tupique.com\/es\/wp-json\/wp\/v2\/product\/58994","targetHints":{"allow":["GET"]}}],"collection":[{"href":"https:\/\/bigbuy.tupique.com\/es\/wp-json\/wp\/v2\/product"}],"about":[{"href":"https:\/\/bigbuy.tupique.com\/es\/wp-json\/wp\/v2\/types\/product"}],"replies":[{"embeddable":true,"href":"https:\/\/bigbuy.tupique.com\/es\/wp-json\/wp\/v2\/comments?post=58994"}],"wp:featuredmedia":[{"embeddable":true,"href":"https:\/\/bigbuy.tupique.com\/es\/wp-json\/wp\/v2\/media\/58993"}],"wp:attachment":[{"href":"https:\/\/bigbuy.tupique.com\/es\/wp-json\/wp\/v2\/media?parent=58994"}],"wp:term":[{"taxonomy":"product_brand","embeddable":true,"href":"https:\/\/bigbuy.tupique.com\/es\/wp-json\/wp\/v2\/product_brand?post=58994"},{"taxonomy":"product_cat","embeddable":true,"href":"https:\/\/bigbuy.tupique.com\/es\/wp-json\/wp\/v2\/product_cat?post=58994"},{"taxonomy":"product_tag","embeddable":true,"href":"https:\/\/bigbuy.tupique.com\/es\/wp-json\/wp\/v2\/product_tag?post=58994"}],"curies":[{"name":"wp","href":"https:\/\/api.w.org\/{rel}","templated":true}]}}