{"id":58974,"date":"2026-04-01T14:24:57","date_gmt":"2026-04-01T13:24:57","guid":{"rendered":"https:\/\/bigbuy.tupique.com\/produto\/dishwasher-teka-dfs76850-steel-60-cm\/"},"modified":"2026-04-15T05:22:38","modified_gmt":"2026-04-15T04:22:38","slug":"dishwasher-teka-dfs76850-steel-60-cm","status":"publish","type":"product","link":"https:\/\/bigbuy.tupique.com\/es\/produto\/dishwasher-teka-dfs76850-steel-60-cm\/","title":{"rendered":"Lave-vaisselle Teka DFS76850 Acier 60 cm"},"content":{"rendered":"<p>Si vous pensez r\u00e9nover votre cuisine, achetez <b>Lave-vaisselle Teka DFS76850 Acier 60 cm<\/b> et d\u00b4autres <b>produits Teka<\/b> !<\/p>\n<p>Le <b>lave-vaisselle DFS76850<\/b> de la marque <b>Teka<\/b> pr\u00e9sente un design moderne et fonctionnel avec une finition \u00e9l\u00e9gante en <b>acier inoxydable<\/b> argent\u00e9, s\u2019adaptant facilement aux cuisines contemporaines tout en offrant une bonne r\u00e9sistance \u00e0 l\u2019usure. Avec des dimensions r\u00e9elles de <b>60 cm de largeur<\/b> et <b>85 cm de hauteur<\/b>, cet appareil est con\u00e7u pour s\u2019int\u00e9grer dans des espaces standards, offrant une capacit\u00e9 de lavage jusqu\u2019\u00e0 <b>14 couverts<\/b>, id\u00e9al pour les familles moyennes ou groupes recherchant efficacit\u00e9 au quotidien. Il se distingue par sa <b>classe \u00e9nerg\u00e9tique C<\/b>, garantissant une consommation ma\u00eetris\u00e9e, et une faible consommation d\u2019eau, utilisant seulement <b>9,8 litres par cycle<\/b>, ce qui contribue \u00e0 sa durabilit\u00e9 et \u00e0 des \u00e9conomies sur les factures. Ce mod\u00e8le propose plusieurs programmes adapt\u00e9s \u00e0 divers besoins, incluant des options automatiques, Eco pour une consommation optimis\u00e9e, Express pour des cycles rapides, Hygi\u00e8ne pour un nettoyage maximal, Intensif pour les salissures tenaces, Pr\u00e9lavage et mode Silence pour un fonctionnement discret, parfait pour pr\u00e9server la tranquillit\u00e9 \u00e0 la maison. De plus, le lave-vaisselle int\u00e8gre une technologie invers\u00e9e, un syst\u00e8me qui optimise la performance du lavage pour de meilleurs r\u00e9sultats \u00e0 chaque cycle. L\u2019\u00e9cran int\u00e9gr\u00e9 permet une utilisation intuitive et confortable, tandis que la fonction d\u00e9part diff\u00e9r\u00e9 jusqu\u2019\u00e0 24 heures facilite la planification selon les besoins de l\u2019utilisateur. Enfin, son syst\u00e8me de <b>verrouillage enfant<\/b> offre une s\u00e9curit\u00e9 suppl\u00e9mentaire en emp\u00eachant toute manipulation accidentelle pendant le fonctionnement. En r\u00e9sum\u00e9, le <b>lave-vaisselle DFS76850<\/b> allie grande capacit\u00e9, fonctionnalit\u00e9s polyvalentes et design robuste en acier inoxydable, constituant une option adapt\u00e9e aux foyers recherchant un bon \u00e9quilibre entre efficacit\u00e9 \u00e9nerg\u00e9tique et praticit\u00e9.<\/p>\n<ul>\n<li>Produit \u00e0 brancher: Oui<\/li>\n<li>Type de prise: Prise EU<\/li>\n<li>Type: Lave-vaisselle<\/li>\n<li>Bloc d\u2019Alimentation: r\u00e9seau \u00e9lectrique<\/li>\n<li>Couleur:\n<ul>\n<li>Acier<\/li>\n<li>Argent\u00e9<\/li>\n<\/ul>\n<\/li>\n<li>Largeur: 60 cm<\/li>\n<li>Caract\u00e9ristiques:\n<ul>\n<li>Verrouillage pour enfants<\/li>\n<li>\u00c9cran integr\u00e9<\/li>\n<li>Voyant lumineux<\/li>\n<\/ul>\n<\/li>\n<li>Capacit\u00e9 (Nb de couverts): 14<\/li>\n<li>Classification \u00e9nerg\u00e9tique: C<\/li>\n<li>Programmes:\n<ul>\n<li>8<\/li>\n<li>Intensif<\/li>\n<li>ECO<\/li>\n<\/ul>\n<\/li>\n<li>Niveau sonore: 42 dB<\/li>\n<li>Capacit\u00e9:\n<ul>\n<li>14 Kg<\/li>\n<li>14 L<\/li>\n<\/ul>\n<\/li>\n<li>Mati\u00e8re: Acier<\/li>\n<li>puissance: 1800 W<\/li>\n<li>Tension: 220 V<\/li>\n<li>Technologie: LED<\/li>\n<li>Fr\u00e9quence: 50 Hz<\/li>\n<li>Piles incluses: Oui<\/li>\n<li>Fonctions:\n<ul>\n<li>ECO<\/li>\n<li>Auto-nettoyant<\/li>\n<li>Programmes automatiques<\/li>\n<\/ul>\n<\/li>\n<li>Fonctionne \u00e0 piles: AA x 1, incluses<\/li>\n<li>\u00c9lev\u00e9: 85 cm<\/li>\n<li>Type d&#8217;installation: Ind\u00e9pendant<\/li>\n<\/ul>","protected":false},"excerpt":{"rendered":"<p><span class=\"unit-info\">55.7136 &euro; \/ 1 kg<\/span><\/p>","protected":false},"featured_media":58953,"comment_status":"open","ping_status":"closed","template":"","meta":[],"product_brand":[667],"product_cat":[393,60,77],"product_tag":[],"class_list":{"0":"post-58974","1":"product","2":"type-product","3":"status-publish","4":"has-post-thumbnail","6":"product_brand-brandp_1172","7":"product_cat-autres-appareils-de-cuisines","8":"product_cat-cuisine-gourmet","9":"product_cat-petit-electromenager","11":"first","12":"instock","13":"taxable","14":"shipping-taxable","15":"purchasable","16":"product-type-simple"},"_links":{"self":[{"href":"https:\/\/bigbuy.tupique.com\/es\/wp-json\/wp\/v2\/product\/58974","targetHints":{"allow":["GET"]}}],"collection":[{"href":"https:\/\/bigbuy.tupique.com\/es\/wp-json\/wp\/v2\/product"}],"about":[{"href":"https:\/\/bigbuy.tupique.com\/es\/wp-json\/wp\/v2\/types\/product"}],"replies":[{"embeddable":true,"href":"https:\/\/bigbuy.tupique.com\/es\/wp-json\/wp\/v2\/comments?post=58974"}],"wp:featuredmedia":[{"embeddable":true,"href":"https:\/\/bigbuy.tupique.com\/es\/wp-json\/wp\/v2\/media\/58953"}],"wp:attachment":[{"href":"https:\/\/bigbuy.tupique.com\/es\/wp-json\/wp\/v2\/media?parent=58974"}],"wp:term":[{"taxonomy":"product_brand","embeddable":true,"href":"https:\/\/bigbuy.tupique.com\/es\/wp-json\/wp\/v2\/product_brand?post=58974"},{"taxonomy":"product_cat","embeddable":true,"href":"https:\/\/bigbuy.tupique.com\/es\/wp-json\/wp\/v2\/product_cat?post=58974"},{"taxonomy":"product_tag","embeddable":true,"href":"https:\/\/bigbuy.tupique.com\/es\/wp-json\/wp\/v2\/product_tag?post=58974"}],"curies":[{"name":"wp","href":"https:\/\/api.w.org\/{rel}","templated":true}]}}