{"id":58937,"date":"2026-04-01T14:23:59","date_gmt":"2026-04-01T13:23:59","guid":{"rendered":"https:\/\/bigbuy.tupique.com\/produto\/air-conditioning-hisense-ca70btia-a-a\/"},"modified":"2026-04-15T02:19:50","modified_gmt":"2026-04-15T01:19:50","slug":"air-conditioning-hisense-ca70btia-a-a","status":"publish","type":"product","link":"https:\/\/bigbuy.tupique.com\/es\/produto\/air-conditioning-hisense-ca70btia-a-a\/","title":{"rendered":"Air Conditionn\u00e9 Hisense CA70BTIA A+\/A++"},"content":{"rendered":"<p>Si vous recherchez des \u00e9lectrom\u00e9nagers pour votre maison aux meilleurs prix, ne manquez pas <b>Air Conditionn\u00e9 Hisense CA70BTIA A+\/A++<\/b> et une large s\u00e9lection de petits \u00e9lectrom\u00e9nagers de qualit\u00e9 !<\/p>\n<p>Le <b>Climatiseur Hisense CA70BTIA<\/b> est un appareil con\u00e7u pour offrir une solution efficace et \u00e9quilibr\u00e9e en refroidissement comme en chauffage, id\u00e9al pour maintenir le confort dans des espaces r\u00e9sidentiels ou commerciaux. Il pr\u00e9sente une <b>puissance frigorifique de 5500 frigor\u00edas par heure<\/b> et une capacit\u00e9 de chauffage de 4730 calories, garantissant une performance adapt\u00e9e aux environnements moyens ou grands. Ce mod\u00e8le se distingue par sa <b>haute efficacit\u00e9 \u00e9nerg\u00e9tique<\/b>, avec une classification <b>A++ en froid<\/b> et <b>A+<\/b> en mode chauffage, optimisant ainsi la consommation \u00e9lectrique tout en r\u00e9duisant l\u2019impact environnemental et les co\u00fbts. Il int\u00e8gre \u00e9galement la technologie <b>Inverter<\/b>, qui ajuste la vitesse du compresseur pour maintenir la temp\u00e9rature souhait\u00e9e de fa\u00e7on constante, \u00e9vitant les pics de consommation et assurant un fonctionnement silencieux et durable. Il utilise le gaz r\u00e9frig\u00e9rant <b>R32<\/b>, reconnu pour son moindre impact environnemental et sa meilleure performance thermique par rapport aux gaz traditionnels. Sa finition en <b>couleur blanche<\/b> garantit une int\u00e9gration esth\u00e9tique neutre et moderne dans tout espace. La combinaison de ces caract\u00e9ristiques fait du Hisense CA70BTIA une option fiable et efficace pour ceux qui recherchent un climatiseur capable d\u2019offrir un confort thermique homog\u00e8ne et durable avec une consommation responsable, s\u2019adaptant aux variations climatiques sans compromettre l\u2019efficacit\u00e9 ni la qualit\u00e9 de l\u2019air. Cet appareil r\u00e9unit des performances techniques adapt\u00e9es aux exigences actuelles en climatisation, repr\u00e9sentant un \u00e9quilibre optimal entre puissance, \u00e9conomie d\u2019\u00e9nergie et durabilit\u00e9.<\/p>\n<ul>\n<li>Gaz: R32<\/li>\n<li>Couleur: Blanc<\/li>\n<li>Classification \u00e9nerg\u00e9tique:\n<ul>\n<li>A++<\/li>\n<li>A+\/A++<\/li>\n<\/ul>\n<\/li>\n<li>Technologie: Inverter<\/li>\n<li>T\u00e9l\u00e9commande: Oui<\/li>\n<li>Puissance frigorifique: 5500 fg\/h<\/li>\n<li>\u00c9cran integr\u00e9: Non<\/li>\n<li>puissance: 5762 fg\/h<\/li>\n<\/ul>","protected":false},"excerpt":{"rendered":"<p>Si vous recherchez des \u00e9lectrom\u00e9nagers pour votre maison aux meilleurs prix, ne manquez pas Air Conditionn\u00e9 Hisense CA70BTIA A+\/A++ et une large s\u00e9lection de petits \u00e9lectrom\u00e9nagers de qualit\u00e9 ! Le Climatiseur Hisense CA70BTIA est un appareil con\u00e7u pour offrir une solution efficace et \u00e9quilibr\u00e9e en refroidissement comme en chauffage, id\u00e9al pour maintenir le confort dans [&hellip;]<\/p>\n","protected":false},"featured_media":58935,"comment_status":"open","ping_status":"closed","template":"","meta":[],"product_brand":[1341],"product_cat":[732,1334,239],"product_tag":[721,210],"class_list":{"0":"post-58937","1":"product","2":"type-product","3":"status-publish","4":"has-post-thumbnail","6":"product_brand-brandp_612","7":"product_cat-climatisation-et-chauffage","8":"product_cat-climatiseurs-et-ventilateurs","9":"product_cat-maison-jardin","10":"product_tag-tag_124","11":"product_tag-tag_25","13":"first","14":"instock","15":"taxable","16":"shipping-taxable","17":"purchasable","18":"product-type-simple"},"_links":{"self":[{"href":"https:\/\/bigbuy.tupique.com\/es\/wp-json\/wp\/v2\/product\/58937","targetHints":{"allow":["GET"]}}],"collection":[{"href":"https:\/\/bigbuy.tupique.com\/es\/wp-json\/wp\/v2\/product"}],"about":[{"href":"https:\/\/bigbuy.tupique.com\/es\/wp-json\/wp\/v2\/types\/product"}],"replies":[{"embeddable":true,"href":"https:\/\/bigbuy.tupique.com\/es\/wp-json\/wp\/v2\/comments?post=58937"}],"wp:featuredmedia":[{"embeddable":true,"href":"https:\/\/bigbuy.tupique.com\/es\/wp-json\/wp\/v2\/media\/58935"}],"wp:attachment":[{"href":"https:\/\/bigbuy.tupique.com\/es\/wp-json\/wp\/v2\/media?parent=58937"}],"wp:term":[{"taxonomy":"product_brand","embeddable":true,"href":"https:\/\/bigbuy.tupique.com\/es\/wp-json\/wp\/v2\/product_brand?post=58937"},{"taxonomy":"product_cat","embeddable":true,"href":"https:\/\/bigbuy.tupique.com\/es\/wp-json\/wp\/v2\/product_cat?post=58937"},{"taxonomy":"product_tag","embeddable":true,"href":"https:\/\/bigbuy.tupique.com\/es\/wp-json\/wp\/v2\/product_tag?post=58937"}],"curies":[{"name":"wp","href":"https:\/\/api.w.org\/{rel}","templated":true}]}}