{"id":58934,"date":"2026-04-01T14:23:55","date_gmt":"2026-04-01T13:23:55","guid":{"rendered":"https:\/\/bigbuy.tupique.com\/produto\/freezer-tensai-rita310d-steel-268-l\/"},"modified":"2026-04-15T02:18:32","modified_gmt":"2026-04-15T01:18:32","slug":"freezer-tensai-rita310d-steel-268-l","status":"publish","type":"product","link":"https:\/\/bigbuy.tupique.com\/es\/produto\/freezer-tensai-rita310d-steel-268-l\/","title":{"rendered":"Cong\u00e9lateur Tensai RITA310D Acier 268 L"},"content":{"rendered":"<p>Si vous pensez r\u00e9nover votre cuisine, achetez <b>Cong\u00e9lateur Tensai RITA310D Acier 268 L<\/b> et d\u00b4autres <b>produits Tensai<\/b> !<\/p>\n<p>Le <b>cong\u00e9lateur<\/b> Tensai RITA310D est une solution de stockage efficace et robuste, con\u00e7ue pour ceux qui ont besoin de conserver de grands volumes d\u2019aliments tout en maintenant une qualit\u00e9 de cong\u00e9lation optimale. Avec une <b>capacit\u00e9 de 268 litres<\/b>, ce mod\u00e8le arbore une \u00e9l\u00e9gante <b>finition en acier<\/b> qui offre non seulement durabilit\u00e9, mais facilite aussi son int\u00e9gration dans diff\u00e9rentes cuisines ou espaces professionnels. Il se distingue par sa <b>classe \u00e9nerg\u00e9tique D<\/b>, permettant un \u00e9quilibre entre consommation et performance, id\u00e9al pour ceux qui souhaitent ma\u00eetriser leur facture d\u2019\u00e9lectricit\u00e9. Ses dimensions g\u00e9n\u00e9reuses, avec <b>132 cm de largeur et 86 cm de hauteur<\/b>, offrent un espace int\u00e9rieur suffisant pour organiser efficacement divers aliments, des produits frais aux surgel\u00e9s de longue dur\u00e9e. Con\u00e7u pour les prises europ\u00e9ennes (<b>prise EU<\/b>) et une alimentation par <b>secteur<\/b>, il garantit compatibilit\u00e9 et facilit\u00e9 d\u2019installation dans la plupart des foyers et commerces. Sa composition interne permet un nettoyage et un entretien ais\u00e9s, tandis que sa structure solide assure des performances fiables et constantes, m\u00eame en usage intensif. Ce <b>cong\u00e9lateur Tensai<\/b> est un choix pratique et polyvalent pour ceux qui recherchent capacit\u00e9 et fiabilit\u00e9 pour la conservation des aliments.<\/p>\n<ul>\n<li>Produit \u00e0 brancher: Oui<\/li>\n<li>Type: Cong\u00e9lateur<\/li>\n<li>Type de prise: Prise EU<\/li>\n<li>\u00c9lev\u00e9: 86 cm<\/li>\n<li>Largeur: 132 cm<\/li>\n<li>Couleur: Acier<\/li>\n<li>Capacit\u00e9: 268 L<\/li>\n<li>Classification \u00e9nerg\u00e9tique: D<\/li>\n<li>Bloc d\u2019Alimentation: r\u00e9seau \u00e9lectrique<\/li>\n<li>Type d&#8217;installation: Auto-assemblage<\/li>\n<\/ul>","protected":false},"excerpt":{"rendered":"<p><span class=\"unit-info\">2.9888 &euro; \/ 1 l<\/span><\/p>","protected":false},"featured_media":58930,"comment_status":"open","ping_status":"closed","template":"","meta":[],"product_brand":[1546],"product_cat":[60,77,226],"product_tag":[],"class_list":{"0":"post-58934","1":"product","2":"type-product","3":"status-publish","4":"has-post-thumbnail","6":"product_brand-brandp_1202","7":"product_cat-cuisine-gourmet","8":"product_cat-petit-electromenager","9":"product_cat-refrigerateurs-et-congelateurs","11":"first","12":"instock","13":"taxable","14":"shipping-taxable","15":"purchasable","16":"product-type-simple"},"_links":{"self":[{"href":"https:\/\/bigbuy.tupique.com\/es\/wp-json\/wp\/v2\/product\/58934","targetHints":{"allow":["GET"]}}],"collection":[{"href":"https:\/\/bigbuy.tupique.com\/es\/wp-json\/wp\/v2\/product"}],"about":[{"href":"https:\/\/bigbuy.tupique.com\/es\/wp-json\/wp\/v2\/types\/product"}],"replies":[{"embeddable":true,"href":"https:\/\/bigbuy.tupique.com\/es\/wp-json\/wp\/v2\/comments?post=58934"}],"wp:featuredmedia":[{"embeddable":true,"href":"https:\/\/bigbuy.tupique.com\/es\/wp-json\/wp\/v2\/media\/58930"}],"wp:attachment":[{"href":"https:\/\/bigbuy.tupique.com\/es\/wp-json\/wp\/v2\/media?parent=58934"}],"wp:term":[{"taxonomy":"product_brand","embeddable":true,"href":"https:\/\/bigbuy.tupique.com\/es\/wp-json\/wp\/v2\/product_brand?post=58934"},{"taxonomy":"product_cat","embeddable":true,"href":"https:\/\/bigbuy.tupique.com\/es\/wp-json\/wp\/v2\/product_cat?post=58934"},{"taxonomy":"product_tag","embeddable":true,"href":"https:\/\/bigbuy.tupique.com\/es\/wp-json\/wp\/v2\/product_tag?post=58934"}],"curies":[{"name":"wp","href":"https:\/\/api.w.org\/{rel}","templated":true}]}}