{"id":58903,"date":"2026-04-01T14:21:58","date_gmt":"2026-04-01T13:21:58","guid":{"rendered":"https:\/\/bigbuy.tupique.com\/produto\/microwave-with-grill-panasonic-nn-cd575mepg-1000-w-27-l-silver\/"},"modified":"2026-04-15T00:48:58","modified_gmt":"2026-04-14T23:48:58","slug":"microwave-with-grill-panasonic-nn-cd575mepg-1000-w-27-l-silver","status":"publish","type":"product","link":"https:\/\/bigbuy.tupique.com\/es\/produto\/microwave-with-grill-panasonic-nn-cd575mepg-1000-w-27-l-silver\/","title":{"rendered":"Micro-ondes avec Gril Panasonic NN-CD575MEPG 1000 W 27 L Argent\u00e9"},"content":{"rendered":"<p>Si vous recherchez des \u00e9lectrom\u00e9nagers pour votre maison aux meilleurs prix, ne manquez pas <b>Micro-ondes avec Gril Panasonic NN-CD575MEPG 1000 W 27 L Argent\u00e9<\/b> et une large s\u00e9lection de petits \u00e9lectrom\u00e9nagers de qualit\u00e9 !<\/p>\n<p>Le <b>micro-ondes avec grill Panasonic NN-CD575MEPG<\/b> est une solution pratique et efficace pour ceux qui recherchent de la polyvalence en cuisine gr\u00e2ce \u00e0 sa <b>puissance de 1000 W<\/b>, garantissant un chauffage rapide et uniforme. Avec une <b>capacit\u00e9 int\u00e9rieure de 27 litres<\/b>, il offre un espace adapt\u00e9 pour cuisiner ou r\u00e9chauffer des plats de taille moyenne \u00e0 grande, s\u2019adaptant bien aux besoins familiaux ou personnels. Son design <b>pose libre<\/b> en <b>acier inoxydable couleur argent<\/b> apporte robustesse et une finition moderne facilitant son int\u00e9gration dans tout style de cuisine. L\u2019appareil int\u00e8gre un <b>moteur inverter<\/b> qui optimise la consommation d\u2019\u00e9nergie et permet un contr\u00f4le pr\u00e9cis de la temp\u00e9rature pour mieux pr\u00e9server les qualit\u00e9s des aliments lors du chauffage. De plus, il dispose d\u2019une fonction <b>grill<\/b>, id\u00e9ale pour dorer ou gratiner les plats, offrant une plus grande vari\u00e9t\u00e9 culinaire. Son syst\u00e8me de commande simple et pratique est de type <b>rotatif<\/b>, compl\u00e9t\u00e9 par un \u00e9cran int\u00e9gr\u00e9 facilitant la visualisation et le r\u00e9glage des temps et modes de cuisson. Ce micro-ondes s\u2019installe librement sur le plan de travail sans n\u00e9cessiter d\u2019encastrement, ce qui facilite sa mise en place et sa mobilit\u00e9. En r\u00e9sum\u00e9, le Panasonic NN-CD575MEPG allie un design fonctionnel \u00e0 des caract\u00e9ristiques techniques offrant confort et polyvalence pour un usage quotidien \u00e0 la maison.<\/p>\n<ul>\n<li>puissance: 1000 W<\/li>\n<li>Technologie: Inverter<\/li>\n<li>Plateau tournant: \u00d8 34 cm<\/li>\n<li>Grill: Oui<\/li>\n<li>Dimensions approx.: 52 x 39,5 x 31 cm<\/li>\n<li>Minuterie: Oui<\/li>\n<li>Couleur:\n<ul>\n<li>Argent\u00e9<\/li>\n<li>Argent<\/li>\n<\/ul>\n<\/li>\n<li>Largeur: 52 cm<\/li>\n<li>Produit \u00e0 brancher: Oui<\/li>\n<li>Type de prise: Prise EU<\/li>\n<li>Capacit\u00e9: 27 L<\/li>\n<li>Type: Micro-ondes avec Gril<\/li>\n<li>Bloc d\u2019Alimentation: r\u00e9seau \u00e9lectrique<\/li>\n<li>Caract\u00e9ristiques:\n<ul>\n<li>Minuterie<\/li>\n<li>\u00c9cran integr\u00e9<\/li>\n<\/ul>\n<\/li>\n<li>Type d&#8217;installation: Auto-assemblage<\/li>\n<li>Type de commande: Plaque Tournante<\/li>\n<li>Mati\u00e8re: Acier inoxydable<\/li>\n<\/ul>","protected":false},"excerpt":{"rendered":"<p><span class=\"unit-info\">16.5552 &euro; \/ 1 l<\/span><\/p>","protected":false},"featured_media":58902,"comment_status":"open","ping_status":"closed","template":"","meta":[],"product_brand":[1226],"product_cat":[63,227,60,727,77],"product_tag":[55,56],"class_list":{"0":"post-58903","1":"product","2":"type-product","3":"status-publish","4":"has-post-thumbnail","6":"product_brand-brandp_944","7":"product_cat-cadeaux-originaux","8":"product_cat-cadeaux-pour-la-cuisine","9":"product_cat-cuisine-gourmet","10":"product_cat-micro-ondes","11":"product_cat-petit-electromenager","12":"product_tag-tag_926","13":"product_tag-tag_930","15":"first","16":"instock","17":"taxable","18":"shipping-taxable","19":"purchasable","20":"product-type-simple"},"_links":{"self":[{"href":"https:\/\/bigbuy.tupique.com\/es\/wp-json\/wp\/v2\/product\/58903","targetHints":{"allow":["GET"]}}],"collection":[{"href":"https:\/\/bigbuy.tupique.com\/es\/wp-json\/wp\/v2\/product"}],"about":[{"href":"https:\/\/bigbuy.tupique.com\/es\/wp-json\/wp\/v2\/types\/product"}],"replies":[{"embeddable":true,"href":"https:\/\/bigbuy.tupique.com\/es\/wp-json\/wp\/v2\/comments?post=58903"}],"wp:featuredmedia":[{"embeddable":true,"href":"https:\/\/bigbuy.tupique.com\/es\/wp-json\/wp\/v2\/media\/58902"}],"wp:attachment":[{"href":"https:\/\/bigbuy.tupique.com\/es\/wp-json\/wp\/v2\/media?parent=58903"}],"wp:term":[{"taxonomy":"product_brand","embeddable":true,"href":"https:\/\/bigbuy.tupique.com\/es\/wp-json\/wp\/v2\/product_brand?post=58903"},{"taxonomy":"product_cat","embeddable":true,"href":"https:\/\/bigbuy.tupique.com\/es\/wp-json\/wp\/v2\/product_cat?post=58903"},{"taxonomy":"product_tag","embeddable":true,"href":"https:\/\/bigbuy.tupique.com\/es\/wp-json\/wp\/v2\/product_tag?post=58903"}],"curies":[{"name":"wp","href":"https:\/\/api.w.org\/{rel}","templated":true}]}}