{"id":58849,"date":"2026-04-01T14:20:30","date_gmt":"2026-04-01T13:20:30","guid":{"rendered":"https:\/\/bigbuy.tupique.com\/produto\/combined-refrigerator-hisense-rb390n4ccd-steel\/"},"modified":"2026-04-16T12:24:03","modified_gmt":"2026-04-16T11:24:03","slug":"combined-refrigerator-hisense-rb390n4ccd-steel","status":"publish","type":"product","link":"https:\/\/bigbuy.tupique.com\/es\/produto\/combined-refrigerator-hisense-rb390n4ccd-steel\/","title":{"rendered":"R\u00e9frig\u00e9rateur Combin\u00e9 Hisense RB390N4CCD  Acier"},"content":{"rendered":"<p>Si vous pensez r\u00e9nover votre cuisine, achetez <b>R\u00e9frig\u00e9rateur Combin\u00e9 Hisense RB390N4CCD  Acier<\/b> et d\u00b4autres <b>produits Hisense<\/b> !<\/p>\n<ul>\n<li>Bloc d\u2019Alimentation: r\u00e9seau \u00e9lectrique<\/li>\n<li>Dimensions approx.: 186 x 60 cm<\/li>\n<li>Classification \u00e9nerg\u00e9tique: D<\/li>\n<li>Couleur:\n<ul>\n<li>Gris<\/li>\n<li>Acier<\/li>\n<\/ul>\n<\/li>\n<li>Largeur:\n<ul>\n<li>59,5 cm<\/li>\n<li>60 cm<\/li>\n<\/ul>\n<\/li>\n<li>Produit \u00e0 brancher: Oui<\/li>\n<li>Type de prise: Prise EU<\/li>\n<li>Type d&#8217;installation: Auto-assemblage<\/li>\n<li>Portes: 2 portes<\/li>\n<li>Caract\u00e9ristiques:\n<ul>\n<li>\u00c9cran integr\u00e9<\/li>\n<li>Commande tactile<\/li>\n<\/ul>\n<\/li>\n<\/ul>","protected":false},"excerpt":{"rendered":"<p>Si vous pensez r\u00e9nover votre cuisine, achetez R\u00e9frig\u00e9rateur Combin\u00e9 Hisense RB390N4CCD Acier et d\u00b4autres produits Hisense ! Bloc d\u2019Alimentation: r\u00e9seau \u00e9lectrique Dimensions approx.: 186 x 60 cm Classification \u00e9nerg\u00e9tique: D Couleur: Gris Acier Largeur: 59,5 cm 60 cm Produit \u00e0 brancher: Oui Type de prise: Prise EU Type d&#8217;installation: Auto-assemblage Portes: 2 portes Caract\u00e9ristiques: \u00c9cran [&hellip;]<\/p>\n","protected":false},"featured_media":58847,"comment_status":"open","ping_status":"closed","template":"","meta":[],"product_brand":[1341],"product_cat":[60,77,226],"product_tag":[56],"class_list":{"0":"post-58849","1":"product","2":"type-product","3":"status-publish","4":"has-post-thumbnail","6":"product_brand-brandp_612","7":"product_cat-cuisine-gourmet","8":"product_cat-petit-electromenager","9":"product_cat-refrigerateurs-et-congelateurs","10":"product_tag-tag_930","12":"first","13":"instock","14":"taxable","15":"shipping-taxable","16":"purchasable","17":"product-type-simple"},"_links":{"self":[{"href":"https:\/\/bigbuy.tupique.com\/es\/wp-json\/wp\/v2\/product\/58849","targetHints":{"allow":["GET"]}}],"collection":[{"href":"https:\/\/bigbuy.tupique.com\/es\/wp-json\/wp\/v2\/product"}],"about":[{"href":"https:\/\/bigbuy.tupique.com\/es\/wp-json\/wp\/v2\/types\/product"}],"replies":[{"embeddable":true,"href":"https:\/\/bigbuy.tupique.com\/es\/wp-json\/wp\/v2\/comments?post=58849"}],"wp:featuredmedia":[{"embeddable":true,"href":"https:\/\/bigbuy.tupique.com\/es\/wp-json\/wp\/v2\/media\/58847"}],"wp:attachment":[{"href":"https:\/\/bigbuy.tupique.com\/es\/wp-json\/wp\/v2\/media?parent=58849"}],"wp:term":[{"taxonomy":"product_brand","embeddable":true,"href":"https:\/\/bigbuy.tupique.com\/es\/wp-json\/wp\/v2\/product_brand?post=58849"},{"taxonomy":"product_cat","embeddable":true,"href":"https:\/\/bigbuy.tupique.com\/es\/wp-json\/wp\/v2\/product_cat?post=58849"},{"taxonomy":"product_tag","embeddable":true,"href":"https:\/\/bigbuy.tupique.com\/es\/wp-json\/wp\/v2\/product_tag?post=58849"}],"curies":[{"name":"wp","href":"https:\/\/api.w.org\/{rel}","templated":true}]}}