{"id":58833,"date":"2026-04-01T14:20:05","date_gmt":"2026-04-01T13:20:05","guid":{"rendered":"https:\/\/bigbuy.tupique.com\/produto\/induction-hot-plate-teka-izf-32400-msp-30-cm\/"},"modified":"2026-05-11T19:56:24","modified_gmt":"2026-05-11T17:56:24","slug":"induction-hot-plate-teka-izf-32400-msp-30-cm","status":"publish","type":"product","link":"https:\/\/bigbuy.tupique.com\/es\/produto\/induction-hot-plate-teka-izf-32400-msp-30-cm\/","title":{"rendered":"Plaque \u00e0 Induction Teka IZF 32400 MSP 30 cm"},"content":{"rendered":"<p>Si vous pensez r\u00e9nover votre cuisine, achetez <b>Plaque \u00e0 Induction Teka IZF 32400 MSP 30 cm<\/b> et d\u00b4autres <b>produits Teka<\/b> !<\/p>\n<ul>\n<li>Couleur: Noir<\/li>\n<li>Zones de cuisson: 2<\/li>\n<li>Caract\u00e9ristiques:\n<ul>\n<li>Commande tactile<\/li>\n<li>9 niveaux<\/li>\n<li>R\u00e9gulateur<\/li>\n<\/ul>\n<\/li>\n<li>Arr\u00eat Automatique: Oui<\/li>\n<li>Largeur: 30 cm<\/li>\n<li>puissance: 2200 W<\/li>\n<li>Fr\u00e9quence:\n<ul>\n<li>50-60 Hz<\/li>\n<li>50 &#8211; 60 Hz<\/li>\n<\/ul>\n<\/li>\n<li>Mat\u00e9riel: verre<\/li>\n<li>Tension: 220-240 V<\/li>\n<li>Produit \u00e0 brancher: Oui<\/li>\n<li>Type de prise: Prise EU<\/li>\n<li>Type:\n<ul>\n<li>Plaque \u00e0 Induction<\/li>\n<li>Int\u00e9gr\u00e9<\/li>\n<\/ul>\n<\/li>\n<li>Forme: Rectangulaire<\/li>\n<li>Bloc d\u2019Alimentation: Batterie<\/li>\n<li>Fonction: Minuterie<\/li>\n<li>Type de commande: Tactile<\/li>\n<li>Fonctions: Fonction garder au chaud<\/li>\n<\/ul>","protected":false},"excerpt":{"rendered":"<p>Si vous pensez r\u00e9nover votre cuisine, achetez Plaque \u00e0 Induction Teka IZF 32400 MSP 30 cm et d\u00b4autres produits Teka ! Couleur: Noir Zones de cuisson: 2 Caract\u00e9ristiques: Commande tactile 9 niveaux R\u00e9gulateur Arr\u00eat Automatique: Oui Largeur: 30 cm puissance: 2200 W Fr\u00e9quence: 50-60 Hz 50 &#8211; 60 Hz Mat\u00e9riel: verre Tension: 220-240 V Produit [&hellip;]<\/p>\n","protected":false},"featured_media":58832,"comment_status":"open","ping_status":"closed","template":"","meta":[],"product_brand":[667],"product_cat":[60,77,78],"product_tag":[55,56],"class_list":{"0":"post-58833","1":"product","2":"type-product","3":"status-publish","4":"has-post-thumbnail","6":"product_brand-brandp_1172","7":"product_cat-cuisine-gourmet","8":"product_cat-petit-electromenager","9":"product_cat-plaques-de-cuisson","10":"product_tag-tag_926","11":"product_tag-tag_930","13":"first","14":"instock","15":"taxable","16":"shipping-taxable","17":"purchasable","18":"product-type-simple"},"_links":{"self":[{"href":"https:\/\/bigbuy.tupique.com\/es\/wp-json\/wp\/v2\/product\/58833","targetHints":{"allow":["GET"]}}],"collection":[{"href":"https:\/\/bigbuy.tupique.com\/es\/wp-json\/wp\/v2\/product"}],"about":[{"href":"https:\/\/bigbuy.tupique.com\/es\/wp-json\/wp\/v2\/types\/product"}],"replies":[{"embeddable":true,"href":"https:\/\/bigbuy.tupique.com\/es\/wp-json\/wp\/v2\/comments?post=58833"}],"wp:featuredmedia":[{"embeddable":true,"href":"https:\/\/bigbuy.tupique.com\/es\/wp-json\/wp\/v2\/media\/58832"}],"wp:attachment":[{"href":"https:\/\/bigbuy.tupique.com\/es\/wp-json\/wp\/v2\/media?parent=58833"}],"wp:term":[{"taxonomy":"product_brand","embeddable":true,"href":"https:\/\/bigbuy.tupique.com\/es\/wp-json\/wp\/v2\/product_brand?post=58833"},{"taxonomy":"product_cat","embeddable":true,"href":"https:\/\/bigbuy.tupique.com\/es\/wp-json\/wp\/v2\/product_cat?post=58833"},{"taxonomy":"product_tag","embeddable":true,"href":"https:\/\/bigbuy.tupique.com\/es\/wp-json\/wp\/v2\/product_tag?post=58833"}],"curies":[{"name":"wp","href":"https:\/\/api.w.org\/{rel}","templated":true}]}}