{"id":58811,"date":"2026-04-01T14:19:34","date_gmt":"2026-04-01T13:19:34","guid":{"rendered":"https:\/\/bigbuy.tupique.com\/produto\/conventional-hood-cata-gc-dual-wh-white\/"},"modified":"2026-04-15T23:30:17","modified_gmt":"2026-04-15T22:30:17","slug":"conventional-hood-cata-gc-dual-wh-white","status":"publish","type":"product","link":"https:\/\/bigbuy.tupique.com\/es\/produto\/conventional-hood-cata-gc-dual-wh-white\/","title":{"rendered":"Hotte standard Cata GC DUAL WH Blanc"},"content":{"rendered":"<p>Si vous pensez r\u00e9nover votre cuisine, achetez <b>Hotte standard Cata GC DUAL WH Blanc<\/b> et d\u00b4autres <b>produits Cata<\/b> !<\/p>\n<p>La <b>hotte conventionnelle GC DUAL WH<\/b> de la marque <b>Cata<\/b> est con\u00e7ue pour offrir une extraction efficace des fum\u00e9es en cuisine avec des caract\u00e9ristiques alliant fonctionnalit\u00e9 et confort. Sa <b>couleur blanche<\/b> apporte un design classique et polyvalent qui s\u2019adapte \u00e0 tout style d\u00e9coratif, tandis que sa <b>classe \u00e9nerg\u00e9tique A<\/b> garantit une faible consommation \u00e9lectrique, contribuant \u00e0 l\u2019efficacit\u00e9 et aux \u00e9conomies \u00e0 la maison. Cette hotte int\u00e8gre un syst\u00e8me de <b>commande tactile<\/b>, facilitant son utilisation gr\u00e2ce \u00e0 un panneau moderne et intuitif, am\u00e9liorant l\u2019exp\u00e9rience utilisateur en permettant des r\u00e9glages simples et pr\u00e9cis sans complication. De plus, elle dispose d\u2019un \u00e9clairage <b>LED<\/b>, fournissant une lumi\u00e8re claire et efficace pour une meilleure visibilit\u00e9 lors de la cuisson sans augmenter la consommation d\u2019\u00e9nergie. Concernant le niveau sonore, la GC DUAL WH se distingue par un fonctionnement entre <b>40 et 65 dB<\/b>, assurant un usage relativement silencieux pour \u00e9viter les nuisances dans un environnement domestique. Avec une extraction performante et une construction pratique, cette hotte conventionnelle repr\u00e9sente une solution fiable pour maintenir un air propre pendant la cuisson, alliant technologie accessible et design soign\u00e9. Ce mod\u00e8le convient \u00e0 ceux qui recherchent une hotte durable avec les fonctions essentielles pour la ventilation domestique, \u00e9quilibrant performance et efficacit\u00e9 \u00e9nerg\u00e9tique.<\/p>\n<ul>\n<li>Produit \u00e0 brancher: Oui<\/li>\n<li>Type de prise: Prise EU<\/li>\n<li>Capacit\u00e9 d\u2019extraction: 710 m3\/h<\/li>\n<li>Type:\n<ul>\n<li>Hotte standard<\/li>\n<li>LED<\/li>\n<\/ul>\n<\/li>\n<li>Bloc d\u2019Alimentation: r\u00e9seau \u00e9lectrique<\/li>\n<li>Couleur: Blanc<\/li>\n<li>Caract\u00e9ristiques: Commande tactile<\/li>\n<li>Classification \u00e9nerg\u00e9tique: A<\/li>\n<li>Moteur: 1<\/li>\n<li>Niveau sonore:\n<ul>\n<li>40 dB<\/li>\n<li>64 dB<\/li>\n<li>65 dB<\/li>\n<\/ul>\n<\/li>\n<li>Arr\u00eat Automatique: Oui<\/li>\n<li>Filtres:\n<ul>\n<li>M\u00e9tal<\/li>\n<li>1 uds<\/li>\n<\/ul>\n<\/li>\n<\/ul>\n<p><\/p>\n<p>CATA GC DUAL WH. Puissance d&#8217;extraction maximum: 820 m\u00b3\/h, Type d&#8217;extraction: Conduit \/ Recirculation, Niveau sonore: 50 dB. Type: Encastr\u00e9e, Nombre d&#8217;ampoules: 2 ampoule(s), Type d&#8217;ampoule: LED. Type de filtre \u00e0 graisse: Metal, Nombre de filtres: 1 pi\u00e8ce(s). Classe d&#8217;efficacit\u00e9 \u00e9nerg\u00e9tique: A, Charge connect\u00e9e: 280 W. Largeur: 792 mm, Profondeur: 253 mm<\/p>\n<p><\/p>\n<ul>\n<li>Puissance d&#8217;extraction maximum: 820 m\u00b3\/h<\/li>\n<li>Type d&#8217;extraction: Conduit \/ Recirculation<\/li>\n<li>Nombre de vitesses: 4<\/li>\n<li>Niveau sonore: 50 dB<\/li>\n<li>Niveau de son (vitesse lente): 50 dB<\/li>\n<li>Niveau de son (vitesse rapide): 65 dB<\/li>\n<li>Type: Encastr\u00e9e<\/li>\n<li>Nombre d&#8217;ampoules: 2 ampoule(s)<\/li>\n<li>Type d&#8217;ampoule: LED<\/li>\n<li>Type de commande: Tactile<\/li>\n<li>lieu d&#8217;\u00e9chappement: Haut<\/li>\n<li>Diam\u00e8tre du conduit d&#8217;\u00e9vacuation: 15 cm<\/li>\n<li>Moteur inclus: Oui<\/li>\n<li>Type de filtre \u00e0 graisse: Metal<\/li>\n<li>Nombre de filtres: 1 pi\u00e8ce(s)<\/li>\n<li>Classe d&#8217;efficacit\u00e9 \u00e9nerg\u00e9tique: A<\/li>\n<li>Charge connect\u00e9e: 280 W<\/li>\n<li>Largeur: 792 mm<\/li>\n<li>Profondeur: 253 mm<\/li>\n<\/ul>","protected":false},"excerpt":{"rendered":"<p>Si vous pensez r\u00e9nover votre cuisine, achetez Hotte standard Cata GC DUAL WH Blanc et d\u00b4autres produits Cata ! La hotte conventionnelle GC DUAL WH de la marque Cata est con\u00e7ue pour offrir une extraction efficace des fum\u00e9es en cuisine avec des caract\u00e9ristiques alliant fonctionnalit\u00e9 et confort. Sa couleur blanche apporte un design classique et [&hellip;]<\/p>\n","protected":false},"featured_media":58808,"comment_status":"open","ping_status":"closed","template":"","meta":[],"product_brand":[155],"product_cat":[60,61,62],"product_tag":[56],"class_list":{"0":"post-58811","1":"product","2":"type-product","3":"status-publish","4":"has-post-thumbnail","6":"product_brand-brandp_1208","7":"product_cat-cuisine-gourmet","8":"product_cat-equipement-de-cuisine","9":"product_cat-hottes-de-cuisine","10":"product_tag-tag_930","12":"first","13":"instock","14":"taxable","15":"shipping-taxable","16":"purchasable","17":"product-type-simple"},"_links":{"self":[{"href":"https:\/\/bigbuy.tupique.com\/es\/wp-json\/wp\/v2\/product\/58811","targetHints":{"allow":["GET"]}}],"collection":[{"href":"https:\/\/bigbuy.tupique.com\/es\/wp-json\/wp\/v2\/product"}],"about":[{"href":"https:\/\/bigbuy.tupique.com\/es\/wp-json\/wp\/v2\/types\/product"}],"replies":[{"embeddable":true,"href":"https:\/\/bigbuy.tupique.com\/es\/wp-json\/wp\/v2\/comments?post=58811"}],"wp:featuredmedia":[{"embeddable":true,"href":"https:\/\/bigbuy.tupique.com\/es\/wp-json\/wp\/v2\/media\/58808"}],"wp:attachment":[{"href":"https:\/\/bigbuy.tupique.com\/es\/wp-json\/wp\/v2\/media?parent=58811"}],"wp:term":[{"taxonomy":"product_brand","embeddable":true,"href":"https:\/\/bigbuy.tupique.com\/es\/wp-json\/wp\/v2\/product_brand?post=58811"},{"taxonomy":"product_cat","embeddable":true,"href":"https:\/\/bigbuy.tupique.com\/es\/wp-json\/wp\/v2\/product_cat?post=58811"},{"taxonomy":"product_tag","embeddable":true,"href":"https:\/\/bigbuy.tupique.com\/es\/wp-json\/wp\/v2\/product_tag?post=58811"}],"curies":[{"name":"wp","href":"https:\/\/api.w.org\/{rel}","templated":true}]}}