{"id":58756,"date":"2026-04-01T14:15:23","date_gmt":"2026-04-01T13:15:23","guid":{"rendered":"https:\/\/bigbuy.tupique.com\/produto\/microwave-with-grill-bosch-bel523ms0-20-l-led-1270w-black-black-silver-silver-800-w-20-l\/"},"modified":"2026-04-14T23:38:18","modified_gmt":"2026-04-14T22:38:18","slug":"microwave-with-grill-bosch-bel523ms0-20-l-led-1270w-black-black-silver-silver-800-w-20-l","status":"publish","type":"product","link":"https:\/\/bigbuy.tupique.com\/es\/produto\/microwave-with-grill-bosch-bel523ms0-20-l-led-1270w-black-black-silver-silver-800-w-20-l\/","title":{"rendered":"Micro-ondes avec Gril BOSCH BEL523MS0 20 L LED 1270W Noir Noir\/Argent\u00e9 Argent\u00e9 800 W 20 L"},"content":{"rendered":"<p>Si vous recherchez des \u00e9lectrom\u00e9nagers pour votre maison aux meilleurs prix, ne manquez pas <b>Micro-ondes avec Gril BOSCH BEL523MS0 20 L LED 1270W Noir Noir\/Argent\u00e9 Argent\u00e9 800 W 20 L<\/b> et une large s\u00e9lection de petits \u00e9lectrom\u00e9nagers de qualit\u00e9 !<\/p>\n<p>Le <b>micro-ondes avec grill Bosch mod\u00e8le BEL523MS0<\/b> allie fonctionnalit\u00e9 et design avanc\u00e9 pour offrir une solution efficace en cuisine. Avec une <b>capacit\u00e9 de 20 litres<\/b> et un <b>plateau tournant de 25,5 cm de diam\u00e8tre<\/b>, il permet de cuire et r\u00e9chauffer uniform\u00e9ment des aliments de taille moyenne. Cet appareil dispose d\u2019une <b>puissance maximale de 800 W en mode micro-ondes<\/b> et d\u2019un <b>grill simultan\u00e9 de 1000 W<\/b>, combinable avec diff\u00e9rentes puissances micro-ondes (360\/180\/90 W) pour ajuster l\u2019intensit\u00e9 selon la recette ou l\u2019aliment. Son <b>int\u00e9rieur en acier inoxydable<\/b> assure durabilit\u00e9, facilite le nettoyage et optimise la r\u00e9partition de la chaleur. Le design est \u00e9l\u00e9gant et moderne, avec une finition <b>noire et d\u00e9tails argent\u00e9s<\/b>, et un syst\u00e8me sans cadre id\u00e9al pour une installation en colonne de 60 cm de large, avec <b>une hauteur compacte de 38 cm<\/b> et une <b>porte \u00e0 ouverture lat\u00e9rale gauche<\/b> am\u00e9liorant l\u2019acc\u00e8s dans les espaces int\u00e9gr\u00e9s. Il int\u00e8gre un <b>affichage LED avec lumi\u00e8re rouge<\/b> pour une lecture claire et un bouton escamotable offrant un aspect \u00e9pur\u00e9 et contemporain. Parmi ses fonctions intelligentes, il propose 8 recettes automatiques Gourmet permettant de s\u00e9lectionner le type et le poids de l\u2019aliment pour r\u00e9gler automatiquement temps et puissance de cuisson, garantissant des r\u00e9sultats pr\u00e9cis et pratiques. Ce micro-ondes offre aussi cinq niveaux de puissance r\u00e9glables, un \u00e9clairage LED int\u00e9rieur pour un contr\u00f4le visuel, et une horloge \u00e9lectronique programmable facilitant la gestion du temps de cuisson. Une grille est incluse pour optimiser la fonction grill. Il est essentiel de consulter les dimensions d\u2019encastrement indiqu\u00e9es dans le manuel pour une installation correcte. Le Bosch BEL523MS0 est un choix \u00e9quilibr\u00e9 pour ceux qui recherchent un micro-ondes avec grill interm\u00e9diaire, alliant robustesse, efficacit\u00e9 \u00e9nerg\u00e9tique et options polyvalentes pour une cuisine moderne et fonctionnelle.<\/p>\n<ul>\n<li>Contr\u00f4le:\n<ul>\n<li>Touch Control<\/li>\n<li>Plaque Tournante<\/li>\n<\/ul>\n<\/li>\n<li>Dimensions approx.: 38,2 x 59,4 x 31,7 cm<\/li>\n<li>Plateau tournant:\n<ul>\n<li>\u00d8 25,5 cm<\/li>\n<li>Oui<\/li>\n<\/ul>\n<\/li>\n<li>Inclut:\n<ul>\n<li>Accessoires<\/li>\n<li>Manuel de l&#8217;utilisateur<\/li>\n<li>Montre<\/li>\n<\/ul>\n<\/li>\n<li>Display: LED<\/li>\n<li>Mati\u00e8re: Acier inoxydable<\/li>\n<li>Montre: Oui<\/li>\n<li>Capacit\u00e9: 20 L<\/li>\n<li>Longueur du c\u00e2ble: 1,3 m<\/li>\n<li>puissance:\n<ul>\n<li>1270 W<\/li>\n<li>800 W<\/li>\n<\/ul>\n<\/li>\n<li>Grill: Oui<\/li>\n<li>Technologie: LED<\/li>\n<li>Produit \u00e0 brancher: Oui<\/li>\n<li>Type de prise: Prise EU<\/li>\n<li>Couleur:\n<ul>\n<li>Noir<\/li>\n<li>Argent\u00e9<\/li>\n<\/ul>\n<\/li>\n<li>Type: Micro-ondes avec Gril<\/li>\n<li>Bloc d\u2019Alimentation: r\u00e9seau \u00e9lectrique<\/li>\n<li>Largeur: 60 cm<\/li>\n<li>Caract\u00e9ristiques:\n<ul>\n<li>Lumi\u00e8re int\u00e9rieure<\/li>\n<li>Fonction de d\u00e9givrage<\/li>\n<li>\u00c9cran integr\u00e9<\/li>\n<li>5 niveaux<\/li>\n<li>Int\u00e9gr\u00e9<\/li>\n<\/ul>\n<\/li>\n<li>Tension: 230 V<\/li>\n<li>Direction d&#8217;ouverture: Gauche<\/li>\n<\/ul>","protected":false},"excerpt":{"rendered":"<p><span class=\"unit-info\">15.3995 &euro; \/ 1 l<\/span><\/p>","protected":false},"featured_media":58755,"comment_status":"open","ping_status":"closed","template":"","meta":[],"product_brand":[162],"product_cat":[60,727,77],"product_tag":[55,56],"class_list":{"0":"post-58756","1":"product","2":"type-product","3":"status-publish","4":"has-post-thumbnail","6":"product_brand-brandp_959","7":"product_cat-cuisine-gourmet","8":"product_cat-micro-ondes","9":"product_cat-petit-electromenager","10":"product_tag-tag_926","11":"product_tag-tag_930","13":"first","14":"instock","15":"taxable","16":"shipping-taxable","17":"purchasable","18":"product-type-simple"},"_links":{"self":[{"href":"https:\/\/bigbuy.tupique.com\/es\/wp-json\/wp\/v2\/product\/58756","targetHints":{"allow":["GET"]}}],"collection":[{"href":"https:\/\/bigbuy.tupique.com\/es\/wp-json\/wp\/v2\/product"}],"about":[{"href":"https:\/\/bigbuy.tupique.com\/es\/wp-json\/wp\/v2\/types\/product"}],"replies":[{"embeddable":true,"href":"https:\/\/bigbuy.tupique.com\/es\/wp-json\/wp\/v2\/comments?post=58756"}],"wp:featuredmedia":[{"embeddable":true,"href":"https:\/\/bigbuy.tupique.com\/es\/wp-json\/wp\/v2\/media\/58755"}],"wp:attachment":[{"href":"https:\/\/bigbuy.tupique.com\/es\/wp-json\/wp\/v2\/media?parent=58756"}],"wp:term":[{"taxonomy":"product_brand","embeddable":true,"href":"https:\/\/bigbuy.tupique.com\/es\/wp-json\/wp\/v2\/product_brand?post=58756"},{"taxonomy":"product_cat","embeddable":true,"href":"https:\/\/bigbuy.tupique.com\/es\/wp-json\/wp\/v2\/product_cat?post=58756"},{"taxonomy":"product_tag","embeddable":true,"href":"https:\/\/bigbuy.tupique.com\/es\/wp-json\/wp\/v2\/product_tag?post=58756"}],"curies":[{"name":"wp","href":"https:\/\/api.w.org\/{rel}","templated":true}]}}