{"id":58711,"date":"2026-04-01T14:14:26","date_gmt":"2026-04-01T13:14:26","guid":{"rendered":"https:\/\/bigbuy.tupique.com\/produto\/conventional-hood-bosch-dwk67fn60-black\/"},"modified":"2026-04-15T13:02:04","modified_gmt":"2026-04-15T12:02:04","slug":"conventional-hood-bosch-dwk67fn60-black","status":"publish","type":"product","link":"https:\/\/bigbuy.tupique.com\/es\/produto\/conventional-hood-bosch-dwk67fn60-black\/","title":{"rendered":"Hotte standard BOSCH DWK67FN60 Noir"},"content":{"rendered":"<p>Si vous pensez r\u00e9nover votre cuisine, achetez <b>Hotte standard BOSCH DWK67FN60 Noir<\/b> et d\u00b4autres <b>produits BOSCH<\/b> !<\/p>\n<ul>\n<li>Produit \u00e0 brancher: Oui<\/li>\n<li>Type de prise: Prise EU<\/li>\n<li>Type:\n<ul>\n<li>Hotte standard<\/li>\n<li>Mural<\/li>\n<\/ul>\n<\/li>\n<li>Bloc d\u2019Alimentation: r\u00e9seau \u00e9lectrique<\/li>\n<li>Filtres:\n<ul>\n<li>2<\/li>\n<li>M\u00e9tal<\/li>\n<\/ul>\n<\/li>\n<li>Filtre: Lavable<\/li>\n<li>Volume sonore: 56 dB<\/li>\n<li>Moteur: 1<\/li>\n<li>Type d&#8217;ampoule: LED<\/li>\n<li>puissance: 140 W<\/li>\n<li>Classification \u00e9nerg\u00e9tique:\n<ul>\n<li>A+<\/li>\n<li>A<\/li>\n<li>A+++<\/li>\n<\/ul>\n<\/li>\n<li>Caract\u00e9ristiques:\n<ul>\n<li>\u00c9cran integr\u00e9<\/li>\n<li>Commande tactile<\/li>\n<\/ul>\n<\/li>\n<li>Largeur:\n<ul>\n<li>60 cm<\/li>\n<li>59 cm<\/li>\n<\/ul>\n<\/li>\n<li>Couleur: Noir<\/li>\n<li>Capacit\u00e9 d\u2019extraction: 768 m3\/h<\/li>\n<li>Tension:\n<ul>\n<li>220 V<\/li>\n<li>220-240 V<\/li>\n<\/ul>\n<\/li>\n<li>Fr\u00e9quence:\n<ul>\n<li>50 &#8211; 60 Hz<\/li>\n<li>60 Hz<\/li>\n<\/ul>\n<\/li>\n<li>Longueur du c\u00e2ble: 1,3 m<\/li>\n<li>consommation d&#8217;\u00e9nergie: 32 kWh\/annum<\/li>\n<li>Niveau sonore: 56 dB<\/li>\n<li>Amp\u00e9rage: 10 A<\/li>\n<\/ul>","protected":false},"excerpt":{"rendered":"<p>Si vous pensez r\u00e9nover votre cuisine, achetez Hotte standard BOSCH DWK67FN60 Noir et d\u00b4autres produits BOSCH ! Produit \u00e0 brancher: Oui Type de prise: Prise EU Type: Hotte standard Mural Bloc d\u2019Alimentation: r\u00e9seau \u00e9lectrique Filtres: 2 M\u00e9tal Filtre: Lavable Volume sonore: 56 dB Moteur: 1 Type d&#8217;ampoule: LED puissance: 140 W Classification \u00e9nerg\u00e9tique: A+ A [&hellip;]<\/p>\n","protected":false},"featured_media":58709,"comment_status":"open","ping_status":"closed","template":"","meta":[],"product_brand":[162],"product_cat":[60,61,62],"product_tag":[56],"class_list":{"0":"post-58711","1":"product","2":"type-product","3":"status-publish","4":"has-post-thumbnail","6":"product_brand-brandp_959","7":"product_cat-cuisine-gourmet","8":"product_cat-equipement-de-cuisine","9":"product_cat-hottes-de-cuisine","10":"product_tag-tag_930","12":"first","13":"instock","14":"taxable","15":"shipping-taxable","16":"purchasable","17":"product-type-simple"},"_links":{"self":[{"href":"https:\/\/bigbuy.tupique.com\/es\/wp-json\/wp\/v2\/product\/58711","targetHints":{"allow":["GET"]}}],"collection":[{"href":"https:\/\/bigbuy.tupique.com\/es\/wp-json\/wp\/v2\/product"}],"about":[{"href":"https:\/\/bigbuy.tupique.com\/es\/wp-json\/wp\/v2\/types\/product"}],"replies":[{"embeddable":true,"href":"https:\/\/bigbuy.tupique.com\/es\/wp-json\/wp\/v2\/comments?post=58711"}],"wp:featuredmedia":[{"embeddable":true,"href":"https:\/\/bigbuy.tupique.com\/es\/wp-json\/wp\/v2\/media\/58709"}],"wp:attachment":[{"href":"https:\/\/bigbuy.tupique.com\/es\/wp-json\/wp\/v2\/media?parent=58711"}],"wp:term":[{"taxonomy":"product_brand","embeddable":true,"href":"https:\/\/bigbuy.tupique.com\/es\/wp-json\/wp\/v2\/product_brand?post=58711"},{"taxonomy":"product_cat","embeddable":true,"href":"https:\/\/bigbuy.tupique.com\/es\/wp-json\/wp\/v2\/product_cat?post=58711"},{"taxonomy":"product_tag","embeddable":true,"href":"https:\/\/bigbuy.tupique.com\/es\/wp-json\/wp\/v2\/product_tag?post=58711"}],"curies":[{"name":"wp","href":"https:\/\/api.w.org\/{rel}","templated":true}]}}