{"id":58642,"date":"2026-04-01T14:04:00","date_gmt":"2026-04-01T13:04:00","guid":{"rendered":"https:\/\/bigbuy.tupique.com\/produto\/washer-dryer-lg-f4dr6010a0w-1400-rpm-10-kg-6-kg\/"},"modified":"2026-05-11T19:56:34","modified_gmt":"2026-05-11T17:56:34","slug":"washer-dryer-lg-f4dr6010a0w-1400-rpm-10-kg-6-kg","status":"publish","type":"product","link":"https:\/\/bigbuy.tupique.com\/es\/produto\/washer-dryer-lg-f4dr6010a0w-1400-rpm-10-kg-6-kg\/","title":{"rendered":"Laveuse &#8211; S\u00e9cheuse LG F4DR6010A0W 1400 rpm 10 kg 6 Kg"},"content":{"rendered":"<p>Si vous pensez r\u00e9nover votre cuisine, achetez <b>Laveuse &#8211; S\u00e9cheuse LG F4DR6010A0W 1400 rpm 10 kg 6 Kg<\/b> et d\u00b4autres <b>produits LG<\/b> !<\/p>\n<p>La <b>lave-linge s\u00e9chant LG F4DR6010A0W<\/b> est un appareil con\u00e7u pour offrir une solution compl\u00e8te de lavage et s\u00e9chage avec haute performance et efficacit\u00e9. Avec une <b>capacit\u00e9 de lavage de 10 kg<\/b> et une <b>capacit\u00e9 de s\u00e9chage de 6 kg<\/b>, ce lave-linge s\u00e9chant est id\u00e9al pour les familles ayant besoin de traiter de grandes quantit\u00e9s de linge facilement. Il est \u00e9quip\u00e9 d\u2019un <b>moteur inverter<\/b>, qui assure un fonctionnement plus silencieux, efficace et durable, r\u00e9duisant la consommation d\u2019\u00e9nergie et pr\u00e9servant mieux les tissus. Sa <b>vitesse d\u2019essorage maximale de 1400 tr\/min<\/b> permet un s\u00e9chage plus rapide et efficace, minimisant l\u2019humidit\u00e9 r\u00e9siduelle dans les v\u00eatements. Il pr\u00e9sente un design en <b>couleur blanche<\/b> et des dimensions standard de <b>60 cm<\/b>, facilitant son int\u00e9gration dans diff\u00e9rents espaces, que ce soit en appareil ind\u00e9pendant ou encastr\u00e9 sous plan de travail, s\u2019adaptant aux besoins et \u00e0 l\u2019ergonomie de tout foyer. De plus, il int\u00e8gre un <b>\u00e9cran int\u00e9gr\u00e9<\/b> et un syst\u00e8me de commande par boutons garantissant une programmation simple et intuitive, tandis que le <b>verrouillage enfant<\/b> augmente la s\u00e9curit\u00e9 d\u2019utilisation au quotidien. Concernant l\u2019efficacit\u00e9 \u00e9nerg\u00e9tique, ce mod\u00e8le affiche la classification <b>A en lavage<\/b> et <b>D combin\u00e9e (lavage+s\u00e9chage)<\/b>, refl\u00e9tant un bon \u00e9quilibre entre consommation et r\u00e9sultat. La <b>classe A<\/b> en lavage contribue \u00e0 une utilisation responsable et \u00e9conomique de l\u2019\u00e9lectricit\u00e9 sans compromettre la qualit\u00e9 du lavage. La LG F4DR6010A0W offre une performance solide et polyvalente pour ceux qui recherchent un appareil alliant fonctionnalit\u00e9 et fiabilit\u00e9 en un seul \u00e9quipement, adapt\u00e9 aux exigences quotidiennes les plus strictes.<\/p>\n<ul>\n<li>Capacit\u00e9:\n<ul>\n<li>10kg \/ 6kg<\/li>\n<li>10 kg<\/li>\n<li>6 Kg<\/li>\n<\/ul>\n<\/li>\n<li>Classification \u00e9nerg\u00e9tique:\n<ul>\n<li>A<\/li>\n<li>D<\/li>\n<\/ul>\n<\/li>\n<li>Type d&#8217;installation:\n<ul>\n<li>Sous le plan de travail<\/li>\n<li>Ind\u00e9pendant<\/li>\n<\/ul>\n<\/li>\n<li>Produit \u00e0 brancher: Oui<\/li>\n<li>Langue: Espagnol<\/li>\n<li>Type de prise: Prise EU<\/li>\n<li>Bloc d\u2019Alimentation: r\u00e9seau \u00e9lectrique<\/li>\n<li>Couleur: Blanc<\/li>\n<li>Largeur: 60 cm<\/li>\n<li>vitesse: 1400 rpm<\/li>\n<li>Caract\u00e9ristiques:\n<ul>\n<li>Verrouillage pour enfants<\/li>\n<li>Commande par boutons<\/li>\n<li>\u00c9cran integr\u00e9<\/li>\n<li>Temp\u00e9rature r\u00e9glable<\/li>\n<\/ul>\n<\/li>\n<li>Type de charge: Frontal<\/li>\n<li>Auto-nettoyant: Oui<\/li>\n<li>Pieds: Ajustables<\/li>\n<\/ul>","protected":false},"excerpt":{"rendered":"<p>Si vous pensez r\u00e9nover votre cuisine, achetez Laveuse &#8211; S\u00e9cheuse LG F4DR6010A0W 1400 rpm 10 kg 6 Kg et d\u00b4autres produits LG ! La lave-linge s\u00e9chant LG F4DR6010A0W est un appareil con\u00e7u pour offrir une solution compl\u00e8te de lavage et s\u00e9chage avec haute performance et efficacit\u00e9. Avec une capacit\u00e9 de lavage de 10 kg et [&hellip;]<\/p>\n","protected":false},"featured_media":58640,"comment_status":"open","ping_status":"closed","template":"","meta":[],"product_brand":[662],"product_cat":[239,240,751],"product_tag":[104],"class_list":{"0":"post-58642","1":"product","2":"type-product","3":"status-publish","4":"has-post-thumbnail","6":"product_brand-brandp_559","7":"product_cat-maison-jardin","8":"product_cat-nettoyage-aspirateur-et-repassage","9":"product_cat-seche-linge-fers-a-repasser-sechoirs","10":"product_tag-tag_1279","12":"first","13":"instock","14":"taxable","15":"shipping-taxable","16":"purchasable","17":"product-type-simple"},"_links":{"self":[{"href":"https:\/\/bigbuy.tupique.com\/es\/wp-json\/wp\/v2\/product\/58642","targetHints":{"allow":["GET"]}}],"collection":[{"href":"https:\/\/bigbuy.tupique.com\/es\/wp-json\/wp\/v2\/product"}],"about":[{"href":"https:\/\/bigbuy.tupique.com\/es\/wp-json\/wp\/v2\/types\/product"}],"replies":[{"embeddable":true,"href":"https:\/\/bigbuy.tupique.com\/es\/wp-json\/wp\/v2\/comments?post=58642"}],"wp:featuredmedia":[{"embeddable":true,"href":"https:\/\/bigbuy.tupique.com\/es\/wp-json\/wp\/v2\/media\/58640"}],"wp:attachment":[{"href":"https:\/\/bigbuy.tupique.com\/es\/wp-json\/wp\/v2\/media?parent=58642"}],"wp:term":[{"taxonomy":"product_brand","embeddable":true,"href":"https:\/\/bigbuy.tupique.com\/es\/wp-json\/wp\/v2\/product_brand?post=58642"},{"taxonomy":"product_cat","embeddable":true,"href":"https:\/\/bigbuy.tupique.com\/es\/wp-json\/wp\/v2\/product_cat?post=58642"},{"taxonomy":"product_tag","embeddable":true,"href":"https:\/\/bigbuy.tupique.com\/es\/wp-json\/wp\/v2\/product_tag?post=58642"}],"curies":[{"name":"wp","href":"https:\/\/api.w.org\/{rel}","templated":true}]}}