{"id":58600,"date":"2026-04-01T13:54:26","date_gmt":"2026-04-01T12:54:26","guid":{"rendered":"https:\/\/bigbuy.tupique.com\/produto\/washer-dryer-balay-3tw773b-7kg-4kg-1200-rpm-white\/"},"modified":"2026-04-14T23:38:41","modified_gmt":"2026-04-14T22:38:41","slug":"washer-dryer-balay-3tw773b-7kg-4kg-1200-rpm-white","status":"publish","type":"product","link":"https:\/\/bigbuy.tupique.com\/es\/produto\/washer-dryer-balay-3tw773b-7kg-4kg-1200-rpm-white\/","title":{"rendered":"Laveuse &#8211; S\u00e9cheuse Balay 3TW773B 7kg \/ 4kg 1200 rpm Blanc"},"content":{"rendered":"<p>Si vous pensez r\u00e9nover votre cuisine, achetez <b>Laveuse &#8211; S\u00e9cheuse Balay 3TW773B 7kg \/ 4kg 1200 rpm Blanc<\/b> et d\u00b4autres <b>produits Balay<\/b> !<\/p>\n<ul>\n<li>Capacit\u00e9:\n<ul>\n<li>7kg \/ 4kg<\/li>\n<li>7 kg<\/li>\n<\/ul>\n<\/li>\n<li>vitesse: 1200 rpm<\/li>\n<li>Couleur: Blanc<\/li>\n<li>Classification \u00e9nerg\u00e9tique: E<\/li>\n<li>Type d&#8217;installation:\n<ul>\n<li>Sous le plan de travail<\/li>\n<li>Ind\u00e9pendant<\/li>\n<\/ul>\n<\/li>\n<li>Langue:\n<ul>\n<li>Espagnol<\/li>\n<li>ES-PT<\/li>\n<\/ul>\n<\/li>\n<li>Dimensions approx.: 85 x 60 x 54 cm<\/li>\n<li>Type de charge: Frontal<\/li>\n<li>Type: Laveuse &#8211; S\u00e9cheuse<\/li>\n<li>Largeur:\n<ul>\n<li>59,5 cm<\/li>\n<li>60 cm<\/li>\n<\/ul>\n<\/li>\n<li>Produit \u00e0 brancher: Oui<\/li>\n<li>Type de prise: Prise EU<\/li>\n<li>Bloc d\u2019Alimentation: r\u00e9seau \u00e9lectrique<\/li>\n<li>Poids: 6 Kg<\/li>\n<li>Tension: 230 V<\/li>\n<\/ul>","protected":false},"excerpt":{"rendered":"<p>Si vous pensez r\u00e9nover votre cuisine, achetez Laveuse &#8211; S\u00e9cheuse Balay 3TW773B 7kg \/ 4kg 1200 rpm Blanc et d\u00b4autres produits Balay ! Capacit\u00e9: 7kg \/ 4kg 7 kg vitesse: 1200 rpm Couleur: Blanc Classification \u00e9nerg\u00e9tique: E Type d&#8217;installation: Sous le plan de travail Ind\u00e9pendant Langue: Espagnol ES-PT Dimensions approx.: 85 x 60 x 54 [&hellip;]<\/p>\n","protected":false},"featured_media":58597,"comment_status":"open","ping_status":"closed","template":"","meta":[],"product_brand":[114],"product_cat":[239,240,751],"product_tag":[],"class_list":{"0":"post-58600","1":"product","2":"type-product","3":"status-publish","4":"has-post-thumbnail","6":"product_brand-brandp_1251","7":"product_cat-maison-jardin","8":"product_cat-nettoyage-aspirateur-et-repassage","9":"product_cat-seche-linge-fers-a-repasser-sechoirs","11":"first","12":"instock","13":"taxable","14":"shipping-taxable","15":"purchasable","16":"product-type-simple"},"_links":{"self":[{"href":"https:\/\/bigbuy.tupique.com\/es\/wp-json\/wp\/v2\/product\/58600","targetHints":{"allow":["GET"]}}],"collection":[{"href":"https:\/\/bigbuy.tupique.com\/es\/wp-json\/wp\/v2\/product"}],"about":[{"href":"https:\/\/bigbuy.tupique.com\/es\/wp-json\/wp\/v2\/types\/product"}],"replies":[{"embeddable":true,"href":"https:\/\/bigbuy.tupique.com\/es\/wp-json\/wp\/v2\/comments?post=58600"}],"wp:featuredmedia":[{"embeddable":true,"href":"https:\/\/bigbuy.tupique.com\/es\/wp-json\/wp\/v2\/media\/58597"}],"wp:attachment":[{"href":"https:\/\/bigbuy.tupique.com\/es\/wp-json\/wp\/v2\/media?parent=58600"}],"wp:term":[{"taxonomy":"product_brand","embeddable":true,"href":"https:\/\/bigbuy.tupique.com\/es\/wp-json\/wp\/v2\/product_brand?post=58600"},{"taxonomy":"product_cat","embeddable":true,"href":"https:\/\/bigbuy.tupique.com\/es\/wp-json\/wp\/v2\/product_cat?post=58600"},{"taxonomy":"product_tag","embeddable":true,"href":"https:\/\/bigbuy.tupique.com\/es\/wp-json\/wp\/v2\/product_tag?post=58600"}],"curies":[{"name":"wp","href":"https:\/\/api.w.org\/{rel}","templated":true}]}}