{"id":58013,"date":"2026-04-01T11:54:15","date_gmt":"2026-04-01T10:54:15","guid":{"rendered":"https:\/\/bigbuy.tupique.com\/produto\/switch-zyxel-xmg1915-18ep-eu0101f\/"},"modified":"2026-04-15T02:19:21","modified_gmt":"2026-04-15T01:19:21","slug":"switch-zyxel-xmg1915-18ep-eu0101f","status":"publish","type":"product","link":"https:\/\/bigbuy.tupique.com\/es\/produto\/switch-zyxel-xmg1915-18ep-eu0101f\/","title":{"rendered":"Switch ZyXEL XMG1915-18EP-EU0101F"},"content":{"rendered":"<p>Si vous \u00eates passionn\u00e9 d&#8217;<b>informatique et d&#8217;\u00e9lectronique<\/b>, si vous \u00eates \u00e0 la pointe de la technologie et qu&#8217;aucun d\u00e9tail ne vous \u00e9chappe, achetez <b>Switch ZyXEL XMG1915-18EP-EU0101F<\/b> au meilleur prix.<\/p>\n<ul>\n<li>Produit \u00e0 brancher: Oui<\/li>\n<li>Type de prise: Prise EU<\/li>\n<li>Type: Switch<\/li>\n<li>Bloc d\u2019Alimentation: r\u00e9seau \u00e9lectrique<\/li>\n<li>Connexions:\n<ul>\n<li>RJ45<\/li>\n<li>8<\/li>\n<li>PoE x 1<\/li>\n<\/ul>\n<\/li>\n<li>Tension: 100-240 V<\/li>\n<li>Fr\u00e9quence: 50-60 Hz<\/li>\n<\/ul>","protected":false},"excerpt":{"rendered":"<p>Si vous \u00eates passionn\u00e9 d&#8217;informatique et d&#8217;\u00e9lectronique, si vous \u00eates \u00e0 la pointe de la technologie et qu&#8217;aucun d\u00e9tail ne vous \u00e9chappe, achetez Switch ZyXEL XMG1915-18EP-EU0101F au meilleur prix. Produit \u00e0 brancher: Oui Type de prise: Prise EU Type: Switch Bloc d\u2019Alimentation: r\u00e9seau \u00e9lectrique Connexions: RJ45 8 PoE x 1 Tension: 100-240 V Fr\u00e9quence: 50-60 [&hellip;]<\/p>\n","protected":false},"featured_media":58012,"comment_status":"open","ping_status":"closed","template":"","meta":[],"product_brand":[648],"product_cat":[65,584,585],"product_tag":[106],"class_list":{"0":"post-58013","1":"product","2":"type-product","3":"status-publish","4":"has-post-thumbnail","6":"product_brand-brandp_669","7":"product_cat-informatique-electronique","8":"product_cat-informatique-reseaux-et-composants","9":"product_cat-switch","10":"product_tag-tag_1295","12":"first","13":"instock","14":"taxable","15":"shipping-taxable","16":"purchasable","17":"product-type-simple"},"_links":{"self":[{"href":"https:\/\/bigbuy.tupique.com\/es\/wp-json\/wp\/v2\/product\/58013","targetHints":{"allow":["GET"]}}],"collection":[{"href":"https:\/\/bigbuy.tupique.com\/es\/wp-json\/wp\/v2\/product"}],"about":[{"href":"https:\/\/bigbuy.tupique.com\/es\/wp-json\/wp\/v2\/types\/product"}],"replies":[{"embeddable":true,"href":"https:\/\/bigbuy.tupique.com\/es\/wp-json\/wp\/v2\/comments?post=58013"}],"wp:featuredmedia":[{"embeddable":true,"href":"https:\/\/bigbuy.tupique.com\/es\/wp-json\/wp\/v2\/media\/58012"}],"wp:attachment":[{"href":"https:\/\/bigbuy.tupique.com\/es\/wp-json\/wp\/v2\/media?parent=58013"}],"wp:term":[{"taxonomy":"product_brand","embeddable":true,"href":"https:\/\/bigbuy.tupique.com\/es\/wp-json\/wp\/v2\/product_brand?post=58013"},{"taxonomy":"product_cat","embeddable":true,"href":"https:\/\/bigbuy.tupique.com\/es\/wp-json\/wp\/v2\/product_cat?post=58013"},{"taxonomy":"product_tag","embeddable":true,"href":"https:\/\/bigbuy.tupique.com\/es\/wp-json\/wp\/v2\/product_tag?post=58013"}],"curies":[{"name":"wp","href":"https:\/\/api.w.org\/{rel}","templated":true}]}}