{"id":57317,"date":"2026-04-01T07:08:22","date_gmt":"2026-04-01T06:08:22","guid":{"rendered":"https:\/\/bigbuy.tupique.com\/produto\/ice-cream-maker-hkoenig-hf320-2-l-180-w-steel-stainless-steel\/"},"modified":"2026-04-16T19:06:13","modified_gmt":"2026-04-16T18:06:13","slug":"ice-cream-maker-hkoenig-hf320-2-l-180-w-steel-stainless-steel","status":"publish","type":"product","link":"https:\/\/bigbuy.tupique.com\/es\/produto\/ice-cream-maker-hkoenig-hf320-2-l-180-w-steel-stainless-steel\/","title":{"rendered":"Sorbeti\u00e8re Hkoenig HF320 2 L 180 W Acier Acier inoxydable"},"content":{"rendered":"<p>Si vous recherchez des \u00e9lectrom\u00e9nagers pour votre maison aux meilleurs prix, ne manquez pas <b>Sorbeti\u00e8re Hkoenig HF320 2 L 180 W Acier Acier inoxydable<\/b> et une large s\u00e9lection de petits \u00e9lectrom\u00e9nagers de qualit\u00e9 !<\/p>\n<p>La <b>machine \u00e0 glace HF320<\/b> de la marque <b>Hkoenig<\/b> est un appareil con\u00e7u pour la fabrication maison de glaces et sorbets avec une capacit\u00e9 de <b>2 litres<\/b>, id\u00e9al pour pr\u00e9parer des desserts de taille moyenne en toute simplicit\u00e9. \u00c9quip\u00e9 d\u2019une puissante unit\u00e9 de froid int\u00e9gr\u00e9e avec une technologie professionnelle \u00e0 turbine, ce mod\u00e8le permet d\u2019atteindre et de maintenir efficacement des basses temp\u00e9ratures, garantissant un processus de cong\u00e9lation rapide et uniforme qui compl\u00e8te la pr\u00e9paration en moins de 40 minutes. Sa structure robuste est fabriqu\u00e9e en <b>acier inoxydable<\/b>, assurant durabilit\u00e9 et facilit\u00e9 de nettoyage, tandis que le bol antiadh\u00e9sif et amovible facilite la manipulation et la conservation du m\u00e9lange durant la pr\u00e9paration. Avec une <b>puissance de 180 W<\/b>, la machine offre une performance solide alliant rapidit\u00e9 et efficacit\u00e9 \u00e9nerg\u00e9tique dans un design compact et fonctionnel, disponible en <b>gris<\/b> s\u2019adaptant esth\u00e9tiquement \u00e0 toute cuisine moderne. Sa taille, avec un diam\u00e8tre d\u2019environ <b>28 cm<\/b>, la rend suffisamment compacte pour un rangement facile sans sacrifier la capacit\u00e9 souhait\u00e9e. Gr\u00e2ce \u00e0 ces caract\u00e9ristiques, la HF320 est une solution pratique pour les utilisateurs cr\u00e9atifs, permettant de savourer des glaces fra\u00eeches et personnalis\u00e9es avec des ingr\u00e9dients naturels. Cet \u00e9quipement repr\u00e9sente une option \u00e9quilibr\u00e9e dans la gamme moyenne, se distinguant par son \u00e9quilibre entre technologie professionnelle et usage domestique.<\/p>\n<ul>\n<li>Capacit\u00e9: 2 L<\/li>\n<li>puissance: 180 W<\/li>\n<li>Couleur: Gris<\/li>\n<li>Mat\u00e9riel:\n<ul>\n<li>Acier inoxydable<\/li>\n<li>Acier<\/li>\n<\/ul>\n<\/li>\n<\/ul>","protected":false},"excerpt":{"rendered":"<p>Si vous recherchez des \u00e9lectrom\u00e9nagers pour votre maison aux meilleurs prix, ne manquez pas Sorbeti\u00e8re Hkoenig HF320 2 L 180 W Acier Acier inoxydable et une large s\u00e9lection de petits \u00e9lectrom\u00e9nagers de qualit\u00e9 ! La machine \u00e0 glace HF320 de la marque Hkoenig est un appareil con\u00e7u pour la fabrication maison de glaces et sorbets [&hellip;]<\/p>\n","protected":false},"featured_media":57314,"comment_status":"open","ping_status":"closed","template":"","meta":[],"product_brand":[288],"product_cat":[60,254,246],"product_tag":[55,59,56],"class_list":{"0":"post-57317","1":"product","2":"type-product","3":"status-publish","4":"has-post-thumbnail","6":"product_brand-brandp_5611","7":"product_cat-cuisine-gourmet","8":"product_cat-machines-a-glaces-et-yaourts","9":"product_cat-patisserie","10":"product_tag-tag_926","11":"product_tag-tag_1304","12":"product_tag-tag_930","14":"first","15":"instock","16":"taxable","17":"shipping-taxable","18":"purchasable","19":"product-type-simple"},"_links":{"self":[{"href":"https:\/\/bigbuy.tupique.com\/es\/wp-json\/wp\/v2\/product\/57317","targetHints":{"allow":["GET"]}}],"collection":[{"href":"https:\/\/bigbuy.tupique.com\/es\/wp-json\/wp\/v2\/product"}],"about":[{"href":"https:\/\/bigbuy.tupique.com\/es\/wp-json\/wp\/v2\/types\/product"}],"replies":[{"embeddable":true,"href":"https:\/\/bigbuy.tupique.com\/es\/wp-json\/wp\/v2\/comments?post=57317"}],"wp:featuredmedia":[{"embeddable":true,"href":"https:\/\/bigbuy.tupique.com\/es\/wp-json\/wp\/v2\/media\/57314"}],"wp:attachment":[{"href":"https:\/\/bigbuy.tupique.com\/es\/wp-json\/wp\/v2\/media?parent=57317"}],"wp:term":[{"taxonomy":"product_brand","embeddable":true,"href":"https:\/\/bigbuy.tupique.com\/es\/wp-json\/wp\/v2\/product_brand?post=57317"},{"taxonomy":"product_cat","embeddable":true,"href":"https:\/\/bigbuy.tupique.com\/es\/wp-json\/wp\/v2\/product_cat?post=57317"},{"taxonomy":"product_tag","embeddable":true,"href":"https:\/\/bigbuy.tupique.com\/es\/wp-json\/wp\/v2\/product_tag?post=57317"}],"curies":[{"name":"wp","href":"https:\/\/api.w.org\/{rel}","templated":true}]}}