{"id":55850,"date":"2026-03-31T16:38:31","date_gmt":"2026-03-31T15:38:31","guid":{"rendered":"https:\/\/bigbuy.tupique.com\/produto\/day-cream-guerlain\/"},"modified":"2026-04-15T05:45:22","modified_gmt":"2026-04-15T04:45:22","slug":"day-cream-guerlain","status":"publish","type":"product","link":"https:\/\/bigbuy.tupique.com\/es\/produto\/day-cream-guerlain\/","title":{"rendered":"Cr\u00e8me de jour Guerlain"},"content":{"rendered":"<p>Si vous envisagez de renouveler votre garde-robe, achetez <b>Cr\u00e8me de jour Guerlain<\/b> et d\u2019autres<b>produits Guerlain<\/b>! La meilleure qualit\u00e9 au meilleur prix est \u00e0 votre port\u00e9e!<\/p>\n<ul>\n<li>Genre: Femme<\/li>\n<li>Type: Nuit<\/li>\n<\/ul>","protected":false},"excerpt":{"rendered":"<p>Si vous envisagez de renouveler votre garde-robe, achetez Cr\u00e8me de jour Guerlain et d\u2019autresproduits Guerlain! La meilleure qualit\u00e9 au meilleur prix est \u00e0 votre port\u00e9e! Genre: Femme Type: Nuit<\/p>","protected":false},"featured_media":55849,"comment_status":"open","ping_status":"closed","template":"","meta":[],"product_brand":[1505],"product_cat":[1503,769,1495],"product_tag":[722],"class_list":{"0":"post-55850","1":"product","2":"type-product","3":"status-publish","4":"has-post-thumbnail","6":"product_brand-brandp_390","7":"product_cat-cremes-anti-rides-et-hydratantes","8":"product_cat-parfum-cosmetique","9":"product_cat-soin-du-visage","10":"product_tag-tag_923","12":"first","13":"instock","14":"taxable","15":"shipping-taxable","16":"purchasable","17":"product-type-simple"},"_links":{"self":[{"href":"https:\/\/bigbuy.tupique.com\/es\/wp-json\/wp\/v2\/product\/55850","targetHints":{"allow":["GET"]}}],"collection":[{"href":"https:\/\/bigbuy.tupique.com\/es\/wp-json\/wp\/v2\/product"}],"about":[{"href":"https:\/\/bigbuy.tupique.com\/es\/wp-json\/wp\/v2\/types\/product"}],"replies":[{"embeddable":true,"href":"https:\/\/bigbuy.tupique.com\/es\/wp-json\/wp\/v2\/comments?post=55850"}],"wp:featuredmedia":[{"embeddable":true,"href":"https:\/\/bigbuy.tupique.com\/es\/wp-json\/wp\/v2\/media\/55849"}],"wp:attachment":[{"href":"https:\/\/bigbuy.tupique.com\/es\/wp-json\/wp\/v2\/media?parent=55850"}],"wp:term":[{"taxonomy":"product_brand","embeddable":true,"href":"https:\/\/bigbuy.tupique.com\/es\/wp-json\/wp\/v2\/product_brand?post=55850"},{"taxonomy":"product_cat","embeddable":true,"href":"https:\/\/bigbuy.tupique.com\/es\/wp-json\/wp\/v2\/product_cat?post=55850"},{"taxonomy":"product_tag","embeddable":true,"href":"https:\/\/bigbuy.tupique.com\/es\/wp-json\/wp\/v2\/product_tag?post=55850"}],"curies":[{"name":"wp","href":"https:\/\/api.w.org\/{rel}","templated":true}]}}