{"id":55839,"date":"2026-03-31T16:33:26","date_gmt":"2026-03-31T15:33:26","guid":{"rendered":"https:\/\/bigbuy.tupique.com\/produto\/womens-perfume-roja-parfums-enigma\/"},"modified":"2026-04-15T02:19:12","modified_gmt":"2026-04-15T01:19:12","slug":"womens-perfume-roja-parfums-enigma","status":"publish","type":"product","link":"https:\/\/bigbuy.tupique.com\/es\/produto\/womens-perfume-roja-parfums-enigma\/","title":{"rendered":"Parfum Femme Roja Parfums Enigma"},"content":{"rendered":"<p>Laissez-vous surprendre par le parfum de marque&nbsp;<strong>Parfum Femme Roja Parfums Enigma<\/strong> et faites ressortir votre f&eacute;minit&eacute; en portant ce <strong>parfum femme <\/strong><strong>100 % authentique<\/strong>. Sa composition unique exalte un parfum &agrave; votre image. D&eacute;couvrez sans plus tarder nos produits <strong>Roja Parfums 100 % authentiques<\/strong> !<\/p>\n<ul>\n<li>Genre: Femme<\/li>\n<li>Capacit\u00e9: 50 ml<\/li>\n<li>Type: EDP (Eau de Parfum)<\/li>\n<li>Informations importantes: La conception de l&#8217;emballage du produit peut varier en fonction des promotions publicitaires du fabricant ou de la p\u00e9riode de l&#8217;ann\u00e9e. Les diff\u00e9rents emballages sont conserv\u00e9s jusqu&#8217;\u00e0 la fin du stock.<\/li>\n<li>Nom du parfum: Enigma<\/li>\n<li>Utilisation recommand\u00e9e: Tous les types de peau<\/li>\n<\/ul>","protected":false},"excerpt":{"rendered":"<p><span class=\"unit-info\">669.9800 &euro; \/ 100 ml<\/span><\/p>","protected":false},"featured_media":55838,"comment_status":"open","ping_status":"closed","template":"","meta":[],"product_brand":[1499],"product_cat":[769,1056,1486],"product_tag":[542,1048,543],"class_list":{"0":"post-55839","1":"product","2":"type-product","3":"status-publish","4":"has-post-thumbnail","6":"product_brand-brandp_7505","7":"product_cat-parfum-cosmetique","8":"product_cat-parfums","9":"product_cat-parfums-pour-femme","10":"product_tag-tag_1274","11":"product_tag-tag_1262","12":"product_tag-tag_61","14":"first","15":"instock","16":"taxable","17":"shipping-taxable","18":"purchasable","19":"product-type-simple"},"_links":{"self":[{"href":"https:\/\/bigbuy.tupique.com\/es\/wp-json\/wp\/v2\/product\/55839","targetHints":{"allow":["GET"]}}],"collection":[{"href":"https:\/\/bigbuy.tupique.com\/es\/wp-json\/wp\/v2\/product"}],"about":[{"href":"https:\/\/bigbuy.tupique.com\/es\/wp-json\/wp\/v2\/types\/product"}],"replies":[{"embeddable":true,"href":"https:\/\/bigbuy.tupique.com\/es\/wp-json\/wp\/v2\/comments?post=55839"}],"wp:featuredmedia":[{"embeddable":true,"href":"https:\/\/bigbuy.tupique.com\/es\/wp-json\/wp\/v2\/media\/55838"}],"wp:attachment":[{"href":"https:\/\/bigbuy.tupique.com\/es\/wp-json\/wp\/v2\/media?parent=55839"}],"wp:term":[{"taxonomy":"product_brand","embeddable":true,"href":"https:\/\/bigbuy.tupique.com\/es\/wp-json\/wp\/v2\/product_brand?post=55839"},{"taxonomy":"product_cat","embeddable":true,"href":"https:\/\/bigbuy.tupique.com\/es\/wp-json\/wp\/v2\/product_cat?post=55839"},{"taxonomy":"product_tag","embeddable":true,"href":"https:\/\/bigbuy.tupique.com\/es\/wp-json\/wp\/v2\/product_tag?post=55839"}],"curies":[{"name":"wp","href":"https:\/\/api.w.org\/{rel}","templated":true}]}}