{"id":55470,"date":"2026-03-31T13:56:41","date_gmt":"2026-03-31T12:56:41","guid":{"rendered":"https:\/\/bigbuy.tupique.com\/produto\/soundbar-samsung\/"},"modified":"2026-05-11T20:02:14","modified_gmt":"2026-05-11T18:02:14","slug":"soundbar-samsung","status":"publish","type":"product","link":"https:\/\/bigbuy.tupique.com\/es\/produto\/soundbar-samsung\/","title":{"rendered":"Barre audio Samsung"},"content":{"rendered":"<p>Si vous \u00eates passionn\u00e9 d&#8217;<b>informatique et d&#8217;\u00e9lectronique<\/b>, si vous \u00eates \u00e0 la pointe de la technologie et qu&#8217;aucun d\u00e9tail ne vous \u00e9chappe, achetez <b>Barre audio Samsung<\/b> au meilleur prix.<\/p>\n<ul>\n<li>Type:\n<ul>\n<li>Haut-parleur<\/li>\n<li>Wireless<\/li>\n<\/ul>\n<\/li>\n<li>Produit \u00e0 brancher: Oui<\/li>\n<li>Bloc d\u2019Alimentation: r\u00e9seau \u00e9lectrique<\/li>\n<li>Couleur:\n<ul>\n<li>Noir<\/li>\n<li>noir<\/li>\n<\/ul>\n<\/li>\n<li>Largeur: 89 cm<\/li>\n<li>Fonctions: Wi-Fi<\/li>\n<li>Connectivit\u00e9:\n<ul>\n<li>Wi-Fi<\/li>\n<li>Bluetooth 5.2<\/li>\n<li>Bluetooth<\/li>\n<\/ul>\n<\/li>\n<li>Inclut:\n<ul>\n<li>2<\/li>\n<li>T\u00e9l\u00e9commande<\/li>\n<li>Subwoofer<\/li>\n<li>Kit de montage mural<\/li>\n<\/ul>\n<\/li>\n<li>Son:\n<ul>\n<li>Dolby Atmos<\/li>\n<li>DTS Digital Surround<\/li>\n<\/ul>\n<\/li>\n<li>Dimensions approx.:\n<ul>\n<li>38 cm<\/li>\n<li>27,2 cm<\/li>\n<\/ul>\n<\/li>\n<li>Caract\u00e9ristiques:\n<ul>\n<li>Montage mural<\/li>\n<li>Apple AirPlay 2<\/li>\n<li>Mode nuit<\/li>\n<\/ul>\n<\/li>\n<li>Connexions: HDMI<\/li>\n<li>Cha\u00eenes: 3.1<\/li>\n<li>Chromecast: Oui<\/li>\n<li>Audio: Dolby Atmos,Dolby Digital Plus,Dolby TrueHD<\/li>\n<\/ul>","protected":false},"excerpt":{"rendered":"<p>Si vous \u00eates passionn\u00e9 d&#8217;informatique et d&#8217;\u00e9lectronique, si vous \u00eates \u00e0 la pointe de la technologie et qu&#8217;aucun d\u00e9tail ne vous \u00e9chappe, achetez Barre audio Samsung au meilleur prix. Type: Haut-parleur Wireless Produit \u00e0 brancher: Oui Bloc d\u2019Alimentation: r\u00e9seau \u00e9lectrique Couleur: Noir noir Largeur: 89 cm Fonctions: Wi-Fi Connectivit\u00e9: Wi-Fi Bluetooth 5.2 Bluetooth Inclut: 2 [&hellip;]<\/p>\n","protected":false},"featured_media":55462,"comment_status":"open","ping_status":"closed","template":"","meta":[],"product_brand":[183],"product_cat":[1278,755,65],"product_tag":[59,106],"class_list":{"0":"post-55470","1":"product","2":"type-product","3":"status-publish","4":"has-post-thumbnail","6":"product_brand-brandp_576","7":"product_cat-barres-de-son","8":"product_cat-electronique-son","9":"product_cat-informatique-electronique","10":"product_tag-tag_1304","11":"product_tag-tag_1295","13":"first","14":"instock","15":"taxable","16":"shipping-taxable","17":"purchasable","18":"product-type-simple"},"_links":{"self":[{"href":"https:\/\/bigbuy.tupique.com\/es\/wp-json\/wp\/v2\/product\/55470","targetHints":{"allow":["GET"]}}],"collection":[{"href":"https:\/\/bigbuy.tupique.com\/es\/wp-json\/wp\/v2\/product"}],"about":[{"href":"https:\/\/bigbuy.tupique.com\/es\/wp-json\/wp\/v2\/types\/product"}],"replies":[{"embeddable":true,"href":"https:\/\/bigbuy.tupique.com\/es\/wp-json\/wp\/v2\/comments?post=55470"}],"wp:featuredmedia":[{"embeddable":true,"href":"https:\/\/bigbuy.tupique.com\/es\/wp-json\/wp\/v2\/media\/55462"}],"wp:attachment":[{"href":"https:\/\/bigbuy.tupique.com\/es\/wp-json\/wp\/v2\/media?parent=55470"}],"wp:term":[{"taxonomy":"product_brand","embeddable":true,"href":"https:\/\/bigbuy.tupique.com\/es\/wp-json\/wp\/v2\/product_brand?post=55470"},{"taxonomy":"product_cat","embeddable":true,"href":"https:\/\/bigbuy.tupique.com\/es\/wp-json\/wp\/v2\/product_cat?post=55470"},{"taxonomy":"product_tag","embeddable":true,"href":"https:\/\/bigbuy.tupique.com\/es\/wp-json\/wp\/v2\/product_tag?post=55470"}],"curies":[{"name":"wp","href":"https:\/\/api.w.org\/{rel}","templated":true}]}}