{"id":55420,"date":"2026-03-31T13:54:12","date_gmt":"2026-03-31T12:54:12","guid":{"rendered":"https:\/\/bigbuy.tupique.com\/produto\/atx-semi-tower-box-corsair-7000d-airflow-white\/"},"modified":"2026-05-11T20:02:46","modified_gmt":"2026-05-11T18:02:46","slug":"atx-semi-tower-box-corsair-7000d-airflow-white","status":"publish","type":"product","link":"https:\/\/bigbuy.tupique.com\/es\/produto\/atx-semi-tower-box-corsair-7000d-airflow-white\/","title":{"rendered":"Bo\u00eetier ATX semi-tour Corsair 7000D AIRFLOW Blanc"},"content":{"rendered":"<p>Si vous \u00eates passionn\u00e9 d&#8217;<b>informatique et d&#8217;\u00e9lectronique<\/b>, si vous \u00eates \u00e0 la pointe de la technologie et qu&#8217;aucun d\u00e9tail ne vous \u00e9chappe, achetez <b>Bo\u00eetier ATX semi-tour Corsair 7000D AIRFLOW Blanc<\/b> au meilleur prix.<\/p>\n<p>Le <b>Corsair 7000D AIRFLOW<\/b> est un <b>bo\u00eetier semi-tour ATX<\/b> con\u00e7u sp\u00e9cifiquement pour les utilisateurs recherchant une solution avanc\u00e9e pour des configurations <b>gaming<\/b> et haute performance. Sa structure robuste en <b>acier<\/b> de haute qualit\u00e9 associe une finition <b>blanche<\/b> qui apporte un aspect moderne et \u00e9pur\u00e9 au montage du PC. Il est pens\u00e9 pour optimiser le flux d\u2019air, garantissant une meilleure dissipation thermique dans des configurations exigeantes, un point cl\u00e9 pour maintenir la stabilit\u00e9 des composants lors de longues sessions intensives. Il int\u00e8gre de nombreuses options de connectivit\u00e9, notamment des ports <b>USB 3.1<\/b> et un pratique <b>USB-C<\/b> en fa\u00e7ade, facilitant la connexion des p\u00e9riph\u00e9riques actuels et des appareils \u00e0 haute vitesse. De plus, sa compatibilit\u00e9 avec le format <b>ATX<\/b> assure la capacit\u00e9 d\u2019accueillir des cartes m\u00e8res standards et diverses configurations mat\u00e9rielles, offrant polyvalence et adaptation \u00e0 diff\u00e9rents besoins. Le design comprend un <b>bouton d\u2019alimentation<\/b> accessible et un int\u00e9rieur optimis\u00e9 pour faciliter le montage et la gestion des c\u00e2bles, am\u00e9liorant l\u2019esth\u00e9tique et le flux d\u2019air interne. Ce bo\u00eetier s\u2019adresse aux utilisateurs exigeants qui souhaitent allier fonctionnalit\u00e9, espace et flux d\u2019air efficace pour pr\u00e9server la performance et la durabilit\u00e9 de leurs composants. En r\u00e9sum\u00e9, le Corsair 7000D AIRFLOW est un bo\u00eetier PC orient\u00e9 <b>gaming<\/b> qui vise un ch\u00e2ssis robuste, bien ventil\u00e9 et dot\u00e9 de connexions modernes pour des constructions \u00e0 fortes exigences techniques.<\/p>\n<ul>\n<li>Couleur: Blanc<\/li>\n<li>Connexions:\n<ul>\n<li>USB-C<\/li>\n<li>USB 3.1<\/li>\n<li>USB A 3.2 Gen 1 (3.1 Gen 1) x 4<\/li>\n<li>USB-C 3.2 Gen 2 (3.1 Gen 2)<\/li>\n<\/ul>\n<\/li>\n<li>Facteur de forme: ATX<\/li>\n<li>Illumination: RGB<\/li>\n<li>Type:\n<ul>\n<li>Tour<\/li>\n<li>Bo\u00eetier ATX semi-tour<\/li>\n<li>Jeux<\/li>\n<li>PC<\/li>\n<\/ul>\n<\/li>\n<li>Mati\u00e8re: Acier<\/li>\n<li>Caract\u00e9ristiques:\n<ul>\n<li>Bouton marche\/arr\u00eat<\/li>\n<li>Organisateur de C\u00e2bles<\/li>\n<\/ul>\n<\/li>\n<li>Ports:\n<ul>\n<li>Entr\u00e9e audio<\/li>\n<li>Sortie audio<\/li>\n<\/ul>\n<\/li>\n<li>Bloc d\u2019Alimentation: ATX<\/li>\n<\/ul>","protected":false},"excerpt":{"rendered":"<p>Si vous \u00eates passionn\u00e9 d&#8217;informatique et d&#8217;\u00e9lectronique, si vous \u00eates \u00e0 la pointe de la technologie et qu&#8217;aucun d\u00e9tail ne vous \u00e9chappe, achetez Bo\u00eetier ATX semi-tour Corsair 7000D AIRFLOW Blanc au meilleur prix. Le Corsair 7000D AIRFLOW est un bo\u00eetier semi-tour ATX con\u00e7u sp\u00e9cifiquement pour les utilisateurs recherchant une solution avanc\u00e9e pour des configurations gaming [&hellip;]<\/p>\n","protected":false},"featured_media":172874,"comment_status":"open","ping_status":"closed","template":"","meta":[],"product_brand":[857],"product_cat":[615,65,584],"product_tag":[59,106],"class_list":{"0":"post-55420","1":"product","2":"type-product","3":"status-publish","4":"has-post-thumbnail","6":"product_brand-brandp_3072","7":"product_cat-boitiers-et-caisses","8":"product_cat-informatique-electronique","9":"product_cat-informatique-reseaux-et-composants","10":"product_tag-tag_1304","11":"product_tag-tag_1295","13":"first","14":"instock","15":"taxable","16":"shipping-taxable","17":"purchasable","18":"product-type-simple"},"_links":{"self":[{"href":"https:\/\/bigbuy.tupique.com\/es\/wp-json\/wp\/v2\/product\/55420","targetHints":{"allow":["GET"]}}],"collection":[{"href":"https:\/\/bigbuy.tupique.com\/es\/wp-json\/wp\/v2\/product"}],"about":[{"href":"https:\/\/bigbuy.tupique.com\/es\/wp-json\/wp\/v2\/types\/product"}],"replies":[{"embeddable":true,"href":"https:\/\/bigbuy.tupique.com\/es\/wp-json\/wp\/v2\/comments?post=55420"}],"wp:featuredmedia":[{"embeddable":true,"href":"https:\/\/bigbuy.tupique.com\/es\/wp-json\/wp\/v2\/media\/172874"}],"wp:attachment":[{"href":"https:\/\/bigbuy.tupique.com\/es\/wp-json\/wp\/v2\/media?parent=55420"}],"wp:term":[{"taxonomy":"product_brand","embeddable":true,"href":"https:\/\/bigbuy.tupique.com\/es\/wp-json\/wp\/v2\/product_brand?post=55420"},{"taxonomy":"product_cat","embeddable":true,"href":"https:\/\/bigbuy.tupique.com\/es\/wp-json\/wp\/v2\/product_cat?post=55420"},{"taxonomy":"product_tag","embeddable":true,"href":"https:\/\/bigbuy.tupique.com\/es\/wp-json\/wp\/v2\/product_tag?post=55420"}],"curies":[{"name":"wp","href":"https:\/\/api.w.org\/{rel}","templated":true}]}}