{"id":55289,"date":"2026-03-31T13:03:03","date_gmt":"2026-03-31T12:03:03","guid":{"rendered":"https:\/\/bigbuy.tupique.com\/produto\/monitor-lg-49u950a-w-49\/"},"modified":"2026-04-15T05:47:52","modified_gmt":"2026-04-15T04:47:52","slug":"monitor-lg-49u950a-w-49","status":"publish","type":"product","link":"https:\/\/bigbuy.tupique.com\/es\/produto\/monitor-lg-49u950a-w-49\/","title":{"rendered":"\u00c9cran LG 49U950A-W 49&#8243;"},"content":{"rendered":"<p>Si vous \u00eates passionn\u00e9 d&#8217;<b>informatique et d&#8217;\u00e9lectronique<\/b>, si vous \u00eates \u00e0 la pointe de la technologie et qu&#8217;aucun d\u00e9tail ne vous \u00e9chappe, achetez <b>\u00c9cran LG 49U950A-W 49&#8243;<\/b> au meilleur prix.<\/p>\n<p>Le <b>moniteur<\/b> LG mod\u00e8le <b>49U950A-W<\/b> offre une exp\u00e9rience visuelle exceptionnelle gr\u00e2ce \u00e0 son imposant <b>\u00e9cran de 49 pouces<\/b> avec une r\u00e9solution ultra-large de <b>5120 x 1440 pixels<\/b> et un format <b>32:9<\/b>, id\u00e9al pour le multit\u00e2che et les environnements professionnels n\u00e9cessitant un large espace de travail visuel. Cet appareil int\u00e8gre une dalle <b>Nano IPS<\/b> qui assure une reproduction pr\u00e9cise des couleurs avec une couverture de <b>98 % DCI-P3<\/b>, des angles de vue larges de <b>178\u00b0<\/b> \u00e0 l\u2019horizontale comme \u00e0 la verticale, et une luminosit\u00e9 typique de <b>400 cd\/m\u00b2<\/b> garantissant une image nette m\u00eame en environnements lumineux, compl\u00e9t\u00e9e par un traitement <b>anti-reflets<\/b> pour r\u00e9duire les g\u00eanes visuelles. Sa fr\u00e9quence de rafra\u00eechissement jusqu\u2019\u00e0 <b>144 Hz<\/b> et un temps de r\u00e9ponse de <b>5 ms (GtG)<\/b> le rendent adapt\u00e9 aux jeux et contenus multim\u00e9dias dynamiques, tandis que la compatibilit\u00e9 avec les technologies <b>HDR 10<\/b>, <b>NVIDIA G-SYNC<\/b> et <b>AMD FreeSync Premium<\/b> assure une qualit\u00e9 d\u2019image fluide et un contraste renforc\u00e9, minimisant les effets de tearing et flickering. C\u00f4t\u00e9 connectivit\u00e9, ce moniteur est \u00e9quip\u00e9 des options les plus r\u00e9centes, incluant <b>DisplayPort 1.4<\/b>, <b>HDMI<\/b>, <b>USB-C<\/b> avec prise en charge jusqu\u2019\u00e0 90 W pour la charge et un d\u00e9bit \u00e9lev\u00e9, ainsi qu\u2019un port <b>KVM int\u00e9gr\u00e9<\/b> facilitant le contr\u00f4le de plusieurs appareils via un seul clavier et souris. Son design ergonomique permet d\u2019ajuster l\u2019inclinaison, la hauteur et la rotation, assurant un confort lors de longues sessions, le tout dans un ch\u00e2ssis moderne aux bords ultra-fins sur trois c\u00f4t\u00e9s de couleur <b>blanche<\/b>, apportant \u00e9l\u00e9gance \u00e0 tout espace. Il dispose aussi de fonctions pratiques telles que mode lecture, stabilisateur de noir, r\u00e9ticule pour pr\u00e9cision, super r\u00e9solution et modes d\u2019\u00e9conomie d\u2019\u00e9nergie optimisant une consommation maximale de <b>103 W<\/b>. Ses dimensions de <b>1215,1 x 598,2 x 260 mm<\/b> et un poids de <b>17,3 kg<\/b> t\u00e9moignent de sa robustesse, avec un support compatible montage VESA pour une installation flexible. En r\u00e9sum\u00e9, le LG 49U950A-W est un moniteur polyvalent et avanc\u00e9, con\u00e7u pour les professionnels et utilisateurs exigeants recherchant un \u00e9cran panoramique avec une haute fid\u00e9lit\u00e9 des couleurs, des performances visuelles \u00e9lev\u00e9es et de nombreuses options de connectivit\u00e9 int\u00e9gr\u00e9es.<\/p>\n<ul>\n<li>Couleur:\n<ul>\n<li>Blanc<\/li>\n<li>Noir<\/li>\n<\/ul>\n<\/li>\n<li>Temps de r\u00e9ponse: 5 ms<\/li>\n<li>VESA: 10 x 10 cm<\/li>\n<li>Brille: 400 cd\/m\u00b2<\/li>\n<li>Tension:\n<ul>\n<li>100-240 V<\/li>\n<li>100 &#8211; 240 V<\/li>\n<\/ul>\n<\/li>\n<li>Ecran: 49&#8243;<\/li>\n<li>Classification \u00e9nerg\u00e9tique: G<\/li>\n<li>Rapport d&#8217;aspect: 32:9<\/li>\n<li>Connexions:\n<ul>\n<li>HDMI<\/li>\n<li>DisplayPort<\/li>\n<li>2<\/li>\n<li>HDMI x 2<\/li>\n<li>USB<\/li>\n<li>USB-C<\/li>\n<li>USB A x 2<\/li>\n<li>DisplayPort x 1<\/li>\n<\/ul>\n<\/li>\n<li>Caract\u00e9ristiques:\n<ul>\n<li>Plaque Tournante<\/li>\n<li>R\u00e9glable<\/li>\n<li>HDR<\/li>\n<li>Inclinaison r\u00e9glable<\/li>\n<li>Haut-parleurs int\u00e9gr\u00e9s<\/li>\n<\/ul>\n<\/li>\n<li>R\u00e9solution (px): 5120 x 1440 px<\/li>\n<li>Technologie:\n<ul>\n<li>LED<\/li>\n<li>Flicker free<\/li>\n<li>NVIDIA G-SYNC<\/li>\n<\/ul>\n<\/li>\n<li>Fr\u00e9quence:\n<ul>\n<li>144 Hz<\/li>\n<li>50 &#8211; 60 Hz<\/li>\n<\/ul>\n<\/li>\n<li>Rapport de contraste: 1000:1<\/li>\n<li>Compatible: VESA<\/li>\n<li>Design: Courbe<\/li>\n<li>Fr\u00e9quence d&#8217;entr\u00e9e AC: 50-60 Hz<\/li>\n<li>Inclut: Sortie d&#8217;\u00e9couteurs<\/li>\n<li>Angle: 178\u00ba<\/li>\n<li>Montage: VESA<\/li>\n<\/ul>","protected":false},"excerpt":{"rendered":"<p>Si vous \u00eates passionn\u00e9 d&#8217;informatique et d&#8217;\u00e9lectronique, si vous \u00eates \u00e0 la pointe de la technologie et qu&#8217;aucun d\u00e9tail ne vous \u00e9chappe, achetez \u00c9cran LG 49U950A-W 49&#8243; au meilleur prix. Le moniteur LG mod\u00e8le 49U950A-W offre une exp\u00e9rience visuelle exceptionnelle gr\u00e2ce \u00e0 son imposant \u00e9cran de 49 pouces avec une r\u00e9solution ultra-large de 5120 x [&hellip;]<\/p>\n","protected":false},"featured_media":55243,"comment_status":"open","ping_status":"closed","template":"","meta":[],"product_brand":[662],"product_cat":[65,581,616],"product_tag":[213,106],"class_list":{"0":"post-55289","1":"product","2":"type-product","3":"status-publish","4":"has-post-thumbnail","6":"product_brand-brandp_559","7":"product_cat-informatique-electronique","8":"product_cat-informatique-peripheriques-et-consommables","9":"product_cat-moniteurs","10":"product_tag-tag_933","11":"product_tag-tag_1295","13":"first","14":"instock","15":"taxable","16":"shipping-taxable","17":"purchasable","18":"product-type-simple"},"_links":{"self":[{"href":"https:\/\/bigbuy.tupique.com\/es\/wp-json\/wp\/v2\/product\/55289","targetHints":{"allow":["GET"]}}],"collection":[{"href":"https:\/\/bigbuy.tupique.com\/es\/wp-json\/wp\/v2\/product"}],"about":[{"href":"https:\/\/bigbuy.tupique.com\/es\/wp-json\/wp\/v2\/types\/product"}],"replies":[{"embeddable":true,"href":"https:\/\/bigbuy.tupique.com\/es\/wp-json\/wp\/v2\/comments?post=55289"}],"wp:featuredmedia":[{"embeddable":true,"href":"https:\/\/bigbuy.tupique.com\/es\/wp-json\/wp\/v2\/media\/55243"}],"wp:attachment":[{"href":"https:\/\/bigbuy.tupique.com\/es\/wp-json\/wp\/v2\/media?parent=55289"}],"wp:term":[{"taxonomy":"product_brand","embeddable":true,"href":"https:\/\/bigbuy.tupique.com\/es\/wp-json\/wp\/v2\/product_brand?post=55289"},{"taxonomy":"product_cat","embeddable":true,"href":"https:\/\/bigbuy.tupique.com\/es\/wp-json\/wp\/v2\/product_cat?post=55289"},{"taxonomy":"product_tag","embeddable":true,"href":"https:\/\/bigbuy.tupique.com\/es\/wp-json\/wp\/v2\/product_tag?post=55289"}],"curies":[{"name":"wp","href":"https:\/\/api.w.org\/{rel}","templated":true}]}}