{"id":55235,"date":"2026-03-31T12:59:58","date_gmt":"2026-03-31T11:59:58","guid":{"rendered":"https:\/\/bigbuy.tupique.com\/produto\/duplex-colour-portable-scanner-brother-ads1800wun1-6-20-ppm\/"},"modified":"2026-04-15T03:34:37","modified_gmt":"2026-04-15T02:34:37","slug":"duplex-colour-portable-scanner-brother-ads1800wun1-6-20-ppm","status":"publish","type":"product","link":"https:\/\/bigbuy.tupique.com\/es\/produto\/duplex-colour-portable-scanner-brother-ads1800wun1-6-20-ppm\/","title":{"rendered":"Scanner Portable Duplex Couleur Brother ADS1800WUN1 6-20 ppm"},"content":{"rendered":"<p>Si vous \u00eates passionn\u00e9 d&#8217;<b>informatique et d&#8217;\u00e9lectronique<\/b>, si vous \u00eates \u00e0 la pointe de la technologie et qu&#8217;aucun d\u00e9tail ne vous \u00e9chappe, achetez <b>Scanner Portable Duplex Couleur Brother ADS1800WUN1 6-20 ppm<\/b> au meilleur prix.<\/p>\n<p>Le <b>Brother ADS1800WUN1<\/b> est un <b>scanner portable couleur recto verso<\/b> con\u00e7u pour offrir une haute qualit\u00e9 et performance dans la num\u00e9risation de documents en d\u00e9placement ou dans des bureaux \u00e0 espace limit\u00e9. Cet appareil se distingue par sa capacit\u00e9 \u00e0 scanner des feuilles au format <b>A4<\/b> avec une taille maximale de num\u00e9risation de <b>215,9 x 355,6 mm<\/b>, adapt\u00e9e \u00e0 une large vari\u00e9t\u00e9 de formats. Il dispose d\u2019une <b>r\u00e9solution optique de num\u00e9risation de 1200 x 1200 dpi<\/b> et d\u2019une r\u00e9solution effective de <b>600 x 600 dpi<\/b>, garantissant des images nettes et d\u00e9taill\u00e9es, en noir et blanc comme en couleur. Son chargeur automatique de documents (ADF) peut contenir jusqu\u2019\u00e0 <b>20 feuilles<\/b>, facilitant des scans rapides et continus \u00e0 une vitesse allant jusqu\u2019\u00e0 <b>20 pages par minute<\/b> en noir et blanc au format A4. Pour plus de facilit\u00e9 d\u2019utilisation, il int\u00e8gre un <b>\u00e9cran tactile LCD couleur<\/b> permettant de configurer ais\u00e9ment les param\u00e8tres directement depuis le scanner. Parmi ses options de connectivit\u00e9 figurent <b>USB, USB-C, USB 2.0<\/b> et <b>Wi-Fi<\/b>, offrant une grande flexibilit\u00e9 pour le transfert de fichiers vers diff\u00e9rents appareils et r\u00e9seaux, facilitant ainsi la num\u00e9risation directe vers PC, serveurs FTP et syst\u00e8mes SMB. De plus, le scanner est compatible avec des pilotes standards tels que <b>SANE, TWAIN et WIA<\/b>, assurant son int\u00e9gration avec plusieurs logiciels et syst\u00e8mes d\u2019exploitation. Son design compact de couleur <b>blanche<\/b> et son faible niveau sonore durant la num\u00e9risation (<b>62 dB<\/b>) le rendent adapt\u00e9 aux environnements de travail n\u00e9cessitant discr\u00e9tion et efficacit\u00e9. Il prend en charge la num\u00e9risation de divers supports, notamment <b>cartes de visite, papier ordinaire, cartes plastiques, papier recycl\u00e9, papier \u00e9pais et fin<\/b>, ce qui en fait un outil polyvalent pour diff\u00e9rentes exigences professionnelles. En r\u00e9sum\u00e9, le Brother ADS1800WUN1 est une solution compl\u00e8te pour ceux qui recherchent un scanner portable alliant haute r\u00e9solution, rapidit\u00e9 et connectivit\u00e9 avanc\u00e9e, id\u00e9al pour des environnements professionnels demandant mobilit\u00e9 et gain de place.<\/p>\n<ul>\n<li>Taille: A4<\/li>\n<li>R\u00e9solution: 600 x 600 dpi<\/li>\n<li>Type:\n<ul>\n<li>Scanner Portable<\/li>\n<li>Scanner Double Face<\/li>\n<\/ul>\n<\/li>\n<li>Produit \u00e0 brancher: Oui<\/li>\n<li>Type de prise: Prise EU<\/li>\n<li>Bloc d\u2019Alimentation: r\u00e9seau \u00e9lectrique<\/li>\n<li>Couleur: Blanc<\/li>\n<li>Caract\u00e9ristiques:\n<ul>\n<li>Ecran tactile<\/li>\n<li>\u00c9cran integr\u00e9<\/li>\n<li>\u00c9cran couleur<\/li>\n<li>\u00c9cran LCD<\/li>\n<li>Scanner Double Face<\/li>\n<li>Tactile<\/li>\n<\/ul>\n<\/li>\n<li>Connexions:\n<ul>\n<li>USB-C<\/li>\n<li>USB 2.0<\/li>\n<li>USB<\/li>\n<\/ul>\n<\/li>\n<li>R\u00e9solution d&#8217;image maximale: 1200 x 1200 dpi<\/li>\n<li>Ecran:\n<ul>\n<li>2,8&#8221;<\/li>\n<li>2,8&#8243;<\/li>\n<\/ul>\n<\/li>\n<li>Technologie: LCD<\/li>\n<li>Connectivit\u00e9: Wi-Fi<\/li>\n<li>Scanner: 1200 x 1200 dpi<\/li>\n<li>Inclut: C\u00e2ble USB<\/li>\n<li>Papier: A4<\/li>\n<li>vitesse: 6-20 ppm<\/li>\n<li>Type de commande: Tactile<\/li>\n<li>Niveau sonore: 62 dB<\/li>\n<li>Compatible: SANE,TWAIN,WIA<\/li>\n<li>Poids approx.: 1,42 kg<\/li>\n<\/ul>","protected":false},"excerpt":{"rendered":"<p>Si vous \u00eates passionn\u00e9 d&#8217;informatique et d&#8217;\u00e9lectronique, si vous \u00eates \u00e0 la pointe de la technologie et qu&#8217;aucun d\u00e9tail ne vous \u00e9chappe, achetez Scanner Portable Duplex Couleur Brother ADS1800WUN1 6-20 ppm au meilleur prix. Le Brother ADS1800WUN1 est un scanner portable couleur recto verso con\u00e7u pour offrir une haute qualit\u00e9 et performance dans la num\u00e9risation [&hellip;]<\/p>\n","protected":false},"featured_media":55232,"comment_status":"open","ping_status":"closed","template":"","meta":[],"product_brand":[669],"product_cat":[65,581,587],"product_tag":[213,106],"class_list":{"0":"post-55235","1":"product","2":"type-product","3":"status-publish","4":"has-post-thumbnail","6":"product_brand-brandp_538","7":"product_cat-informatique-electronique","8":"product_cat-informatique-peripheriques-et-consommables","9":"product_cat-scanners","10":"product_tag-tag_933","11":"product_tag-tag_1295","13":"first","14":"instock","15":"taxable","16":"shipping-taxable","17":"purchasable","18":"product-type-simple"},"_links":{"self":[{"href":"https:\/\/bigbuy.tupique.com\/es\/wp-json\/wp\/v2\/product\/55235","targetHints":{"allow":["GET"]}}],"collection":[{"href":"https:\/\/bigbuy.tupique.com\/es\/wp-json\/wp\/v2\/product"}],"about":[{"href":"https:\/\/bigbuy.tupique.com\/es\/wp-json\/wp\/v2\/types\/product"}],"replies":[{"embeddable":true,"href":"https:\/\/bigbuy.tupique.com\/es\/wp-json\/wp\/v2\/comments?post=55235"}],"wp:featuredmedia":[{"embeddable":true,"href":"https:\/\/bigbuy.tupique.com\/es\/wp-json\/wp\/v2\/media\/55232"}],"wp:attachment":[{"href":"https:\/\/bigbuy.tupique.com\/es\/wp-json\/wp\/v2\/media?parent=55235"}],"wp:term":[{"taxonomy":"product_brand","embeddable":true,"href":"https:\/\/bigbuy.tupique.com\/es\/wp-json\/wp\/v2\/product_brand?post=55235"},{"taxonomy":"product_cat","embeddable":true,"href":"https:\/\/bigbuy.tupique.com\/es\/wp-json\/wp\/v2\/product_cat?post=55235"},{"taxonomy":"product_tag","embeddable":true,"href":"https:\/\/bigbuy.tupique.com\/es\/wp-json\/wp\/v2\/product_tag?post=55235"}],"curies":[{"name":"wp","href":"https:\/\/api.w.org\/{rel}","templated":true}]}}