{"id":54741,"date":"2026-03-31T09:59:14","date_gmt":"2026-03-31T08:59:14","guid":{"rendered":"https:\/\/bigbuy.tupique.com\/produto\/multifunction-printer-brother-mfcl3760cdwre1\/"},"modified":"2026-04-15T01:26:25","modified_gmt":"2026-04-15T00:26:25","slug":"multifunction-printer-brother-mfcl3760cdwre1","status":"publish","type":"product","link":"https:\/\/bigbuy.tupique.com\/es\/produto\/multifunction-printer-brother-mfcl3760cdwre1\/","title":{"rendered":"Imprimante Multifonction Brother MFCL3760CDWRE1"},"content":{"rendered":"<p>Si vous \u00eates passionn\u00e9 d&#8217;<b>informatique et d&#8217;\u00e9lectronique<\/b>, si vous \u00eates \u00e0 la pointe de la technologie et qu&#8217;aucun d\u00e9tail ne vous \u00e9chappe, achetez <b>Imprimante Multifonction Brother MFCL3760CDWRE1<\/b> au meilleur prix.<\/p>\n<p>La <b>Brother MFCL3760CDWRE1 imprimante multifonction<\/b> est un appareil polyvalent et efficace con\u00e7u pour les environnements professionnels n\u00e9cessitant des solutions compl\u00e8tes d\u2019impression, de copie, de num\u00e9risation et de fax couleur. Cette imprimante LED offre une <b>vitesse d\u2019impression allant jusqu\u2019\u00e0 26 pages par minute<\/b> en couleur comme en monochrome, avec une r\u00e9solution maximale de <b>600 x 2 400 ppp<\/b>, garantissant des r\u00e9sultats nets et d\u00e9taill\u00e9s. Sa fonction de <b>recto verso automatique<\/b> am\u00e9liore la productivit\u00e9 et permet d\u2019\u00e9conomiser du papier. Pour les copies, elle maintient la m\u00eame rapidit\u00e9 avec jusqu\u2019\u00e0 26 copies par minute en couleur et monochrome, et une r\u00e9solution jusqu\u2019\u00e0 <b>600 x 600 ppp<\/b>. Le scanner CIS int\u00e9gr\u00e9 atteint une haute r\u00e9solution de <b>1 200 x 1 200 dpi<\/b>, permettant des num\u00e9risations directes vers USB, e-mail, OCR, image et fichier, ainsi que des fonctions r\u00e9seau avanc\u00e9es comme FTP, SFTP et SharePoint, facilitant l\u2019int\u00e9gration dans les flux de travail num\u00e9riques. Son alimentation par un <b>chargeur automatique de documents (ADF) de 50 feuilles<\/b> acc\u00e9l\u00e8re le traitement de plusieurs documents. C\u00f4t\u00e9 connectivit\u00e9, elle propose des options filaires via Gigabit Ethernet et USB 2.0, ainsi qu\u2019une connexion sans fil double bande (2,4 GHz et 5 GHz) compatible avec les normes Wi-Fi actuelles, incluant Wi-Fi Direct et s\u00e9curit\u00e9 avanc\u00e9e WPA3-SAE, ainsi que plusieurs protocoles et authentifications pour un r\u00e9seau s\u00e9curis\u00e9. L\u2019\u00e9cran tactile couleur de <b>8,8 cm<\/b> facilite la gestion directe depuis l\u2019imprimante. Pour la gestion du papier, elle dispose d\u2019un bac standard de <b>250 feuilles<\/b> et d\u2019un bac multifonction compatible avec divers formats et grammages, du A4 et Legal aux enveloppes, s\u2019adaptant \u00e0 de nombreuses applications professionnelles. Elle prend en charge les enveloppes fines, \u00e9paisses et le papier recycl\u00e9, avec support du recto verso automatique en impression et num\u00e9risation. L\u2019appareil int\u00e8gre des fonctions de s\u00e9curit\u00e9 avanc\u00e9es, telles que la d\u00e9tection automatique d\u2019intrusion, un firmware sign\u00e9 num\u00e9riquement, un contr\u00f4le d\u2019acc\u00e8s bas\u00e9 sur les ports et un verrouillage s\u00e9curis\u00e9 des fonctions pour prot\u00e9ger les donn\u00e9es et la configuration. Sa consommation \u00e9nerg\u00e9tique est efficace dans sa cat\u00e9gorie, avec des modes r\u00e9duisant significativement la consommation en veille et hibernation. Concernant les consommables, elle propose des toners avec des capacit\u00e9s allant de 1 000 pages standard \u00e0 des options haute capacit\u00e9 jusqu\u2019\u00e0 4 500 pages pour le noir et 4 000 pour la couleur, ainsi que tambour, courroie de transfert et r\u00e9servoir de toner r\u00e9siduel assurant une op\u00e9ration continue et optimale. Avec des dimensions compactes de <b>410 x 444 x 401 mm<\/b> et un poids de <b>20,20 kg<\/b>, cette imprimante multifonction est con\u00e7ue pour s\u2019int\u00e9grer dans des espaces professionnels sans encombrement. Fabriqu\u00e9e en Chine, elle pr\u00e9sente un design blanc adapt\u00e9 aux environnements d\u2019entreprise. En r\u00e9sum\u00e9, la Brother MFCL3760CDWRE1 se positionne comme une solution multifonction robuste, id\u00e9ale pour les bureaux exigeant haute productivit\u00e9, qualit\u00e9 couleur et monochrome, ainsi qu\u2019une connectivit\u00e9 avanc\u00e9e et une s\u00e9curit\u00e9 renforc\u00e9e pour les environnements professionnels.<\/p>\n<ul>\n<li>Produit \u00e0 brancher: Oui<\/li>\n<li>Type de prise: Prise EU<\/li>\n<li>Type:\n<ul>\n<li>Imprimante laser<\/li>\n<li>Imprimante Multifonction<\/li>\n<li>Couleur<\/li>\n<\/ul>\n<\/li>\n<li>Bloc d\u2019Alimentation: r\u00e9seau \u00e9lectrique<\/li>\n<li>R\u00e9solution d&#8217;image maximale:\n<ul>\n<li>1200 x 1200 dpi<\/li>\n<li>600 x 600 dpi<\/li>\n<li>2400 x 600 dpi<\/li>\n<\/ul>\n<\/li>\n<li>M\u00e9moire interne: 512 MB<\/li>\n<li>Connectivit\u00e9:\n<ul>\n<li>Wi-Fi<\/li>\n<li>Ethernet LAN<\/li>\n<\/ul>\n<\/li>\n<li>Connexions:\n<ul>\n<li>USB<\/li>\n<li>USB 2.0<\/li>\n<li>Ethernet LAN<\/li>\n<\/ul>\n<\/li>\n<li>Caract\u00e9ristiques:\n<ul>\n<li>\u00c9cran integr\u00e9<\/li>\n<li>Impression recto verso<\/li>\n<li>Commande tactile<\/li>\n<\/ul>\n<\/li>\n<li>Largeur:\n<ul>\n<li>410 mm<\/li>\n<li>41 cm<\/li>\n<\/ul>\n<\/li>\n<li>Couleur:\n<ul>\n<li>Blanc<\/li>\n<li>Noir<\/li>\n<\/ul>\n<\/li>\n<li>Technologie: LED<\/li>\n<li>Capacit\u00e9: 250 Volets<\/li>\n<li>Langue: Anglais<\/li>\n<li>Impression couleur: Oui<\/li>\n<li>Scanner: 1200 x 1200 dpi<\/li>\n<li>Papier:\n<ul>\n<li>A4<\/li>\n<li>B5<\/li>\n<\/ul>\n<\/li>\n<li>Impression recto verso: Automatique<\/li>\n<li>Plateau: 1<\/li>\n<li>Utilisation recommand\u00e9e: Maison<\/li>\n<li>Fonctions: Imprimer<\/li>\n<\/ul>","protected":false},"excerpt":{"rendered":"<p>Si vous \u00eates passionn\u00e9 d&#8217;informatique et d&#8217;\u00e9lectronique, si vous \u00eates \u00e0 la pointe de la technologie et qu&#8217;aucun d\u00e9tail ne vous \u00e9chappe, achetez Imprimante Multifonction Brother MFCL3760CDWRE1 au meilleur prix. La Brother MFCL3760CDWRE1 imprimante multifonction est un appareil polyvalent et efficace con\u00e7u pour les environnements professionnels n\u00e9cessitant des solutions compl\u00e8tes d\u2019impression, de copie, de num\u00e9risation [&hellip;]<\/p>\n","protected":false},"featured_media":54738,"comment_status":"open","ping_status":"closed","template":"","meta":[],"product_brand":[669],"product_cat":[592,65,581],"product_tag":[213,106],"class_list":{"0":"post-54741","1":"product","2":"type-product","3":"status-publish","4":"has-post-thumbnail","6":"product_brand-brandp_538","7":"product_cat-imprimantes","8":"product_cat-informatique-electronique","9":"product_cat-informatique-peripheriques-et-consommables","10":"product_tag-tag_933","11":"product_tag-tag_1295","13":"first","14":"instock","15":"taxable","16":"shipping-taxable","17":"purchasable","18":"product-type-simple"},"_links":{"self":[{"href":"https:\/\/bigbuy.tupique.com\/es\/wp-json\/wp\/v2\/product\/54741","targetHints":{"allow":["GET"]}}],"collection":[{"href":"https:\/\/bigbuy.tupique.com\/es\/wp-json\/wp\/v2\/product"}],"about":[{"href":"https:\/\/bigbuy.tupique.com\/es\/wp-json\/wp\/v2\/types\/product"}],"replies":[{"embeddable":true,"href":"https:\/\/bigbuy.tupique.com\/es\/wp-json\/wp\/v2\/comments?post=54741"}],"wp:featuredmedia":[{"embeddable":true,"href":"https:\/\/bigbuy.tupique.com\/es\/wp-json\/wp\/v2\/media\/54738"}],"wp:attachment":[{"href":"https:\/\/bigbuy.tupique.com\/es\/wp-json\/wp\/v2\/media?parent=54741"}],"wp:term":[{"taxonomy":"product_brand","embeddable":true,"href":"https:\/\/bigbuy.tupique.com\/es\/wp-json\/wp\/v2\/product_brand?post=54741"},{"taxonomy":"product_cat","embeddable":true,"href":"https:\/\/bigbuy.tupique.com\/es\/wp-json\/wp\/v2\/product_cat?post=54741"},{"taxonomy":"product_tag","embeddable":true,"href":"https:\/\/bigbuy.tupique.com\/es\/wp-json\/wp\/v2\/product_tag?post=54741"}],"curies":[{"name":"wp","href":"https:\/\/api.w.org\/{rel}","templated":true}]}}