{"id":54233,"date":"2026-03-31T08:00:32","date_gmt":"2026-03-31T07:00:32","guid":{"rendered":"https:\/\/bigbuy.tupique.com\/produto\/kitchen-tap-grohe-blue-pure-start-fork-u-shaped\/"},"modified":"2026-04-16T18:25:30","modified_gmt":"2026-04-16T17:25:30","slug":"kitchen-tap-grohe-blue-pure-start-fork-u-shaped","status":"publish","type":"product","link":"https:\/\/bigbuy.tupique.com\/es\/produto\/kitchen-tap-grohe-blue-pure-start-fork-u-shaped\/","title":{"rendered":"Kitchen Tap Grohe Blue Pure Start Fourchette \/ forme en U"},"content":{"rendered":"<p>Si vous pensez r\u00e9nover votre cuisine, achetez <b>Kitchen Tap Grohe Blue Pure Start Fourchette \/ forme en U<\/b> et d\u00b4autres <b>produits Grohe<\/b> !<\/p>\n<p>Le <b>Grohe Blue Pure Start<\/b> est un <b>robinet de cuisine<\/b> con\u00e7u pour offrir une solution compl\u00e8te de filtration et de fonctionnalit\u00e9 dans les espaces domestiques et professionnels. Fabriqu\u00e9 en <b>m\u00e9tal de haute qualit\u00e9 avec finition chrom\u00e9e argent\u00e9e et grise<\/b>, il assure r\u00e9sistance et durabilit\u00e9, garantissant une longue dur\u00e9e de vie et une esth\u00e9tique moderne qui s\u2019int\u00e8gre facilement \u00e0 toute cuisine. Ce mod\u00e8le dispose d\u2019un <b>bec haut en forme de U<\/b> facilitant le remplissage de grands r\u00e9cipients et offrant un confort d\u2019utilisation accru, compl\u00e9t\u00e9 par une <b>rotation de 150\u00b0<\/b> qui \u00e9largit le champ d\u2019action, permettant d\u2019acc\u00e9der ais\u00e9ment \u00e0 diff\u00e9rents points de l\u2019\u00e9vier. De plus, il int\u00e8gre un syst\u00e8me de <b>filtration d\u2019eau<\/b> am\u00e9liorant la qualit\u00e9 de l\u2019eau consomm\u00e9e en r\u00e9duisant les impuret\u00e9s, particuli\u00e8rement avantageux pour ceux qui recherchent une eau plus propre et saine directement au robinet sans syst\u00e8mes externes. Le design et la fonctionnalit\u00e9 se combinent dans ce robinet avec une connexion standard de <b>3\/8 pouces<\/b>, compatible avec les installations courantes en cuisine. La technologie et l\u2019esth\u00e9tique convergent dans ce produit premium, qui facilite non seulement les t\u00e2ches quotidiennes mais apporte aussi une valeur ajout\u00e9e gr\u00e2ce \u00e0 son filtre int\u00e9gr\u00e9 et sa finition en <b>supersteel<\/b>, mat\u00e9riau renfor\u00e7ant sa r\u00e9sistance \u00e0 la corrosion et \u00e0 l\u2019usure. Le <b>Grohe Blue Pure Start<\/b> repr\u00e9sente une option technique et esth\u00e9tique avanc\u00e9e pour ceux qui cherchent un robinet de cuisine robuste, efficace et fiable pour un usage domestique ou en petit commerce.<\/p>\n<ul>\n<li>Couleur: Argent\u00e9<\/li>\n<li>Design: Chrome<\/li>\n<li>Caract\u00e9ristiques: Filtre \u00e0 eau<\/li>\n<li>Forme: Fourchette \/ forme en U<\/li>\n<li>Angle: 150\u00ba<\/li>\n<li>Taille du filetage: 3\/8&#8243;<\/li>\n<\/ul>","protected":false},"excerpt":{"rendered":"<p>Si vous pensez r\u00e9nover votre cuisine, achetez Kitchen Tap Grohe Blue Pure Start Fourchette \/ forme en U et d\u00b4autres produits Grohe ! Le Grohe Blue Pure Start est un robinet de cuisine con\u00e7u pour offrir une solution compl\u00e8te de filtration et de fonctionnalit\u00e9 dans les espaces domestiques et professionnels. Fabriqu\u00e9 en m\u00e9tal de haute [&hellip;]<\/p>\n","protected":false},"featured_media":56525,"comment_status":"open","ping_status":"closed","template":"","meta":[],"product_brand":[848],"product_cat":[60,61,1063],"product_tag":[59,210],"class_list":{"0":"post-54233","1":"product","2":"type-product","3":"status-publish","4":"has-post-thumbnail","6":"product_brand-brandp_3107","7":"product_cat-cuisine-gourmet","8":"product_cat-equipement-de-cuisine","9":"product_cat-robinets","10":"product_tag-tag_1304","11":"product_tag-tag_25","13":"first","14":"instock","15":"taxable","16":"shipping-taxable","17":"purchasable","18":"product-type-simple"},"_links":{"self":[{"href":"https:\/\/bigbuy.tupique.com\/es\/wp-json\/wp\/v2\/product\/54233","targetHints":{"allow":["GET"]}}],"collection":[{"href":"https:\/\/bigbuy.tupique.com\/es\/wp-json\/wp\/v2\/product"}],"about":[{"href":"https:\/\/bigbuy.tupique.com\/es\/wp-json\/wp\/v2\/types\/product"}],"replies":[{"embeddable":true,"href":"https:\/\/bigbuy.tupique.com\/es\/wp-json\/wp\/v2\/comments?post=54233"}],"wp:featuredmedia":[{"embeddable":true,"href":"https:\/\/bigbuy.tupique.com\/es\/wp-json\/wp\/v2\/media\/56525"}],"wp:attachment":[{"href":"https:\/\/bigbuy.tupique.com\/es\/wp-json\/wp\/v2\/media?parent=54233"}],"wp:term":[{"taxonomy":"product_brand","embeddable":true,"href":"https:\/\/bigbuy.tupique.com\/es\/wp-json\/wp\/v2\/product_brand?post=54233"},{"taxonomy":"product_cat","embeddable":true,"href":"https:\/\/bigbuy.tupique.com\/es\/wp-json\/wp\/v2\/product_cat?post=54233"},{"taxonomy":"product_tag","embeddable":true,"href":"https:\/\/bigbuy.tupique.com\/es\/wp-json\/wp\/v2\/product_tag?post=54233"}],"curies":[{"name":"wp","href":"https:\/\/api.w.org\/{rel}","templated":true}]}}