{"id":52242,"date":"2026-03-31T04:24:50","date_gmt":"2026-03-31T03:24:50","guid":{"rendered":"https:\/\/bigbuy.tupique.com\/produto\/original-ink-cartridge-xerox-115r00115-black\/"},"modified":"2026-05-11T19:59:09","modified_gmt":"2026-05-11T17:59:09","slug":"original-ink-cartridge-xerox-115r00115-black","status":"publish","type":"product","link":"https:\/\/bigbuy.tupique.com\/es\/produto\/original-ink-cartridge-xerox-115r00115-black\/","title":{"rendered":"Cartouche d&#8217;encre originale Xerox 115R00115 Noir"},"content":{"rendered":"<p>Retournez au bureau sans rien oublier ! Achetez <b>Cartouche d&#8217;encre originale Xerox 115R00115 Noir<\/b> et faites envie \u00e0 vos coll\u00e8gues!<\/p>\n<ul>\n<li>Type: Cartouche d&#8217;encre originale<\/li>\n<li>Technologie: Laser<\/li>\n<li>Unit\u00e9s: 1 Unit\u00e9<\/li>\n<li>Couleur: Noir<\/li>\n<li>Tension: 220 V<\/li>\n<\/ul>","protected":false},"excerpt":{"rendered":"<p>Retournez au bureau sans rien oublier ! Achetez Cartouche d&#8217;encre originale Xerox 115R00115 Noir et faites envie \u00e0 vos coll\u00e8gues! Type: Cartouche d&#8217;encre originale Technologie: Laser Unit\u00e9s: 1 Unit\u00e9 Couleur: Noir Tension: 220 V<\/p>","protected":false},"featured_media":52241,"comment_status":"open","ping_status":"closed","template":"","meta":[],"product_brand":[631],"product_cat":[595,65,581],"product_tag":[213,106],"class_list":{"0":"post-52242","1":"product","2":"type-product","3":"status-publish","4":"has-post-thumbnail","6":"product_brand-brandp_922","7":"product_cat-cartouches-d-encre-originale","8":"product_cat-informatique-electronique","9":"product_cat-informatique-peripheriques-et-consommables","10":"product_tag-tag_933","11":"product_tag-tag_1295","13":"first","14":"instock","15":"taxable","16":"shipping-taxable","17":"purchasable","18":"product-type-simple"},"_links":{"self":[{"href":"https:\/\/bigbuy.tupique.com\/es\/wp-json\/wp\/v2\/product\/52242","targetHints":{"allow":["GET"]}}],"collection":[{"href":"https:\/\/bigbuy.tupique.com\/es\/wp-json\/wp\/v2\/product"}],"about":[{"href":"https:\/\/bigbuy.tupique.com\/es\/wp-json\/wp\/v2\/types\/product"}],"replies":[{"embeddable":true,"href":"https:\/\/bigbuy.tupique.com\/es\/wp-json\/wp\/v2\/comments?post=52242"}],"wp:featuredmedia":[{"embeddable":true,"href":"https:\/\/bigbuy.tupique.com\/es\/wp-json\/wp\/v2\/media\/52241"}],"wp:attachment":[{"href":"https:\/\/bigbuy.tupique.com\/es\/wp-json\/wp\/v2\/media?parent=52242"}],"wp:term":[{"taxonomy":"product_brand","embeddable":true,"href":"https:\/\/bigbuy.tupique.com\/es\/wp-json\/wp\/v2\/product_brand?post=52242"},{"taxonomy":"product_cat","embeddable":true,"href":"https:\/\/bigbuy.tupique.com\/es\/wp-json\/wp\/v2\/product_cat?post=52242"},{"taxonomy":"product_tag","embeddable":true,"href":"https:\/\/bigbuy.tupique.com\/es\/wp-json\/wp\/v2\/product_tag?post=52242"}],"curies":[{"name":"wp","href":"https:\/\/api.w.org\/{rel}","templated":true}]}}