{"id":51969,"date":"2026-03-31T03:56:24","date_gmt":"2026-03-31T02:56:24","guid":{"rendered":"https:\/\/bigbuy.tupique.com\/produto\/projector-epson-v11hb59240-full-hd-ansi-3300-4000-lm-1920-x-1080-px\/"},"modified":"2026-04-15T06:27:38","modified_gmt":"2026-04-15T05:27:38","slug":"projector-epson-v11hb59240-full-hd-ansi-3300-4000-lm-1920-x-1080-px","status":"publish","type":"product","link":"https:\/\/bigbuy.tupique.com\/es\/produto\/projector-epson-v11hb59240-full-hd-ansi-3300-4000-lm-1920-x-1080-px\/","title":{"rendered":"Projecteur Epson V11HB59240 Full HD ANSI 3300 4000 Lm 1920 x 1080 px"},"content":{"rendered":"<p>Si vous \u00eates \u00e0 la recherche de nouvelles tendances sur le march\u00e9, nous vous pr\u00e9sentons <b>Projecteur Epson V11HB59240 Full HD ANSI 3300 4000 Lm 1920 x 1080 px<\/b> !<\/p>\n<ul>\n<li>Type: Projecteur<\/li>\n<li>Couleur: Blanc<\/li>\n<li>Connexions:\n<ul>\n<li>USB<\/li>\n<li>USB 2.0<\/li>\n<li>HDMI x 2<\/li>\n<\/ul>\n<\/li>\n<li>Rapport d&#8217;aspect: 16:9<\/li>\n<li>Connectivit\u00e9:\n<ul>\n<li>Wi-Fi<\/li>\n<li>Miracast<\/li>\n<\/ul>\n<\/li>\n<li>R\u00e9solution: Full HD<\/li>\n<li>Bloc d\u2019Alimentation: Cordon d&#8217;alimentation CA<\/li>\n<li>Technologie: LED<\/li>\n<li>Piles incluses: Oui<\/li>\n<li>TV intelligente: Non<\/li>\n<li>Fr\u00e9quence: 50 &#8211; 60 Hz<\/li>\n<li>Inclut: T\u00e9l\u00e9commande<\/li>\n<li>Brille: 3500 lm<\/li>\n<li>Tension: 100 &#8211; 240 V<\/li>\n<li>Lumens: ANSI 3300<\/li>\n<li>Niveau sonore:\n<ul>\n<li>37 dB<\/li>\n<li>28 dB<\/li>\n<\/ul>\n<\/li>\n<li>Fr\u00e9quence d&#8217;entr\u00e9e AC: 50-60 Hz<\/li>\n<li>Ethernet: Non<\/li>\n<li>puissance:\n<ul>\n<li>230 W<\/li>\n<li>50 W<\/li>\n<\/ul>\n<\/li>\n<li>Flux lumineux: 4000 Lm<\/li>\n<li>Connecteurs: Kensington<\/li>\n<li>\u00c9cran integr\u00e9: Non<\/li>\n<li>Rapport de contraste: 16000:1<\/li>\n<li>Caract\u00e9ristiques:\n<ul>\n<li>Protection des donn\u00e9es\/mot de passe<\/li>\n<li>Haut-parleurs int\u00e9gr\u00e9s<\/li>\n<\/ul>\n<\/li>\n<li>Utilisation recommand\u00e9e: R\u00e9cepteur de ome cinema<\/li>\n<li>Poids approx.: 12,4 Kg<\/li>\n<li>Ecran: 30-300&#8243;<\/li>\n<li>Type de batterie: Litio Ion<\/li>\n<li>R\u00e9solution (px): 1920 x 1080 px<\/li>\n<\/ul>","protected":false},"excerpt":{"rendered":"<p>Si vous \u00eates \u00e0 la recherche de nouvelles tendances sur le march\u00e9, nous vous pr\u00e9sentons Projecteur Epson V11HB59240 Full HD ANSI 3300 4000 Lm 1920 x 1080 px ! Type: Projecteur Couleur: Blanc Connexions: USB USB 2.0 HDMI x 2 Rapport d&#8217;aspect: 16:9 Connectivit\u00e9: Wi-Fi Miracast R\u00e9solution: Full HD Bloc d\u2019Alimentation: Cordon d&#8217;alimentation CA Technologie: [&hellip;]<\/p>\n","protected":false},"featured_media":51961,"comment_status":"open","ping_status":"closed","template":"","meta":[],"product_brand":[632],"product_cat":[65,581,583],"product_tag":[],"class_list":{"0":"post-51969","1":"product","2":"type-product","3":"status-publish","4":"has-post-thumbnail","6":"product_brand-brandp_547","7":"product_cat-informatique-electronique","8":"product_cat-informatique-peripheriques-et-consommables","9":"product_cat-projecteurs","11":"first","12":"instock","13":"taxable","14":"shipping-taxable","15":"purchasable","16":"product-type-simple"},"_links":{"self":[{"href":"https:\/\/bigbuy.tupique.com\/es\/wp-json\/wp\/v2\/product\/51969","targetHints":{"allow":["GET"]}}],"collection":[{"href":"https:\/\/bigbuy.tupique.com\/es\/wp-json\/wp\/v2\/product"}],"about":[{"href":"https:\/\/bigbuy.tupique.com\/es\/wp-json\/wp\/v2\/types\/product"}],"replies":[{"embeddable":true,"href":"https:\/\/bigbuy.tupique.com\/es\/wp-json\/wp\/v2\/comments?post=51969"}],"wp:featuredmedia":[{"embeddable":true,"href":"https:\/\/bigbuy.tupique.com\/es\/wp-json\/wp\/v2\/media\/51961"}],"wp:attachment":[{"href":"https:\/\/bigbuy.tupique.com\/es\/wp-json\/wp\/v2\/media?parent=51969"}],"wp:term":[{"taxonomy":"product_brand","embeddable":true,"href":"https:\/\/bigbuy.tupique.com\/es\/wp-json\/wp\/v2\/product_brand?post=51969"},{"taxonomy":"product_cat","embeddable":true,"href":"https:\/\/bigbuy.tupique.com\/es\/wp-json\/wp\/v2\/product_cat?post=51969"},{"taxonomy":"product_tag","embeddable":true,"href":"https:\/\/bigbuy.tupique.com\/es\/wp-json\/wp\/v2\/product_tag?post=51969"}],"curies":[{"name":"wp","href":"https:\/\/api.w.org\/{rel}","templated":true}]}}