{"id":51960,"date":"2026-03-31T03:56:01","date_gmt":"2026-03-31T02:56:01","guid":{"rendered":"https:\/\/bigbuy.tupique.com\/produto\/projector-epson-v11hb54040-full-hd-lcd-3600-lm-1920-x-1080-px\/"},"modified":"2026-04-16T06:56:33","modified_gmt":"2026-04-16T05:56:33","slug":"projector-epson-v11hb54040-full-hd-lcd-3600-lm-1920-x-1080-px","status":"publish","type":"product","link":"https:\/\/bigbuy.tupique.com\/es\/produto\/projector-epson-v11hb54040-full-hd-lcd-3600-lm-1920-x-1080-px\/","title":{"rendered":"Projecteur Epson V11HB54040 Full HD LCD 3600 lm 1920 x 1080 px"},"content":{"rendered":"<p>Si vous \u00eates \u00e0 la recherche de nouvelles tendances sur le march\u00e9, nous vous pr\u00e9sentons <b>Projecteur Epson V11HB54040 Full HD LCD 3600 lm 1920 x 1080 px<\/b> !<\/p>\n<ul>\n<li>Type: Projecteur<\/li>\n<li>Tension d&#8217;entr\u00e9e AC: 100-240 V<\/li>\n<li>puissance:\n<ul>\n<li>2 W<\/li>\n<li>210 W<\/li>\n<\/ul>\n<\/li>\n<li>Couleur:\n<ul>\n<li>sRGB<\/li>\n<li>Ardoise<\/li>\n<li>Blanc<\/li>\n<li>Noir<\/li>\n<\/ul>\n<\/li>\n<li>Poids approx.: 2,7 Kg<\/li>\n<li>Connexions:\n<ul>\n<li>2<\/li>\n<li>USB 2.0<\/li>\n<li>HDMI x 2<\/li>\n<\/ul>\n<\/li>\n<li>Fr\u00e9quence: 50-60 Hz<\/li>\n<li>Ethernet: Non<\/li>\n<li>Rapport d&#8217;aspect: 16:9<\/li>\n<li>Poids: 2,5 kg<\/li>\n<li>R\u00e9solution:\n<ul>\n<li>Full HD<\/li>\n<li>LCD<\/li>\n<\/ul>\n<\/li>\n<li>Langue: Anglais<\/li>\n<li>Tension:\n<ul>\n<li>240 V<\/li>\n<li>100 &#8211; 240 V<\/li>\n<\/ul>\n<\/li>\n<li>Bloc d\u2019Alimentation: Cordon d&#8217;alimentation CA<\/li>\n<li>Piles incluses: Oui<\/li>\n<li>TV intelligente: Non<\/li>\n<li>Inclut: T\u00e9l\u00e9commande<\/li>\n<li>Niveau sonore:\n<ul>\n<li>37 dB<\/li>\n<li>28 dB<\/li>\n<\/ul>\n<\/li>\n<li>Fr\u00e9quence d&#8217;entr\u00e9e AC: 50-60 Hz<\/li>\n<li>Non Inclus:\n<ul>\n<li>Wi-Fi<\/li>\n<li>Adaptateur AC<\/li>\n<\/ul>\n<\/li>\n<li>Fonctionne \u00e0 piles: AAA x 2, incluses<\/li>\n<li>Technologie: LCD<\/li>\n<li>Flux lumineux: 3600 lm<\/li>\n<li>Connecteurs: Kensington<\/li>\n<li>\u00c9cran integr\u00e9: Non<\/li>\n<li>Rapport de contraste: 16000:1<\/li>\n<li>Caract\u00e9ristiques: Haut-parleurs int\u00e9gr\u00e9s<\/li>\n<li>Utilisation recommand\u00e9e: R\u00e9cepteur de ome cinema<\/li>\n<li>Echelle: 1.2:1<\/li>\n<li>R\u00e9solution (px): 1920 x 1080 px<\/li>\n<\/ul>","protected":false},"excerpt":{"rendered":"<p>Si vous \u00eates \u00e0 la recherche de nouvelles tendances sur le march\u00e9, nous vous pr\u00e9sentons Projecteur Epson V11HB54040 Full HD LCD 3600 lm 1920 x 1080 px ! Type: Projecteur Tension d&#8217;entr\u00e9e AC: 100-240 V puissance: 2 W 210 W Couleur: sRGB Ardoise Blanc Noir Poids approx.: 2,7 Kg Connexions: 2 USB 2.0 HDMI x [&hellip;]<\/p>\n","protected":false},"featured_media":51940,"comment_status":"open","ping_status":"closed","template":"","meta":[],"product_brand":[632],"product_cat":[65,581,583],"product_tag":[],"class_list":{"0":"post-51960","1":"product","2":"type-product","3":"status-publish","4":"has-post-thumbnail","6":"product_brand-brandp_547","7":"product_cat-informatique-electronique","8":"product_cat-informatique-peripheriques-et-consommables","9":"product_cat-projecteurs","11":"first","12":"instock","13":"taxable","14":"shipping-taxable","15":"purchasable","16":"product-type-simple"},"_links":{"self":[{"href":"https:\/\/bigbuy.tupique.com\/es\/wp-json\/wp\/v2\/product\/51960","targetHints":{"allow":["GET"]}}],"collection":[{"href":"https:\/\/bigbuy.tupique.com\/es\/wp-json\/wp\/v2\/product"}],"about":[{"href":"https:\/\/bigbuy.tupique.com\/es\/wp-json\/wp\/v2\/types\/product"}],"replies":[{"embeddable":true,"href":"https:\/\/bigbuy.tupique.com\/es\/wp-json\/wp\/v2\/comments?post=51960"}],"wp:featuredmedia":[{"embeddable":true,"href":"https:\/\/bigbuy.tupique.com\/es\/wp-json\/wp\/v2\/media\/51940"}],"wp:attachment":[{"href":"https:\/\/bigbuy.tupique.com\/es\/wp-json\/wp\/v2\/media?parent=51960"}],"wp:term":[{"taxonomy":"product_brand","embeddable":true,"href":"https:\/\/bigbuy.tupique.com\/es\/wp-json\/wp\/v2\/product_brand?post=51960"},{"taxonomy":"product_cat","embeddable":true,"href":"https:\/\/bigbuy.tupique.com\/es\/wp-json\/wp\/v2\/product_cat?post=51960"},{"taxonomy":"product_tag","embeddable":true,"href":"https:\/\/bigbuy.tupique.com\/es\/wp-json\/wp\/v2\/product_tag?post=51960"}],"curies":[{"name":"wp","href":"https:\/\/api.w.org\/{rel}","templated":true}]}}