{"id":51860,"date":"2026-03-31T03:40:56","date_gmt":"2026-03-31T02:40:56","guid":{"rendered":"https:\/\/bigbuy.tupique.com\/produto\/paper-shredder-rexel-optimum-autofeed-100x\/"},"modified":"2026-05-11T19:59:43","modified_gmt":"2026-05-11T17:59:43","slug":"paper-shredder-rexel-optimum-autofeed-100x","status":"publish","type":"product","link":"https:\/\/bigbuy.tupique.com\/es\/produto\/paper-shredder-rexel-optimum-autofeed-100x\/","title":{"rendered":"D\u00e9chiqueteuse de Papier Rexel Optimum AutoFeed 100X"},"content":{"rendered":"<p>Si vous \u00eates passionn\u00e9 d&#8217;<b>informatique et d&#8217;\u00e9lectronique<\/b>, si vous \u00eates \u00e0 la pointe de la technologie et qu&#8217;aucun d\u00e9tail ne vous \u00e9chappe, achetez <b>D\u00e9chiqueteuse de Papier Rexel Optimum AutoFeed 100X<\/b> au meilleur prix.<\/p>\n<p>La <b>D\u00e9chiqueteuse de Papier Rexel mod\u00e8le 2020100XEU<\/b> est un \u00e9quipement de bureau con\u00e7u pour offrir une s\u00e9curit\u00e9 maximale et une gestion documentaire efficace. Cette destructrice dispose d\u2019un syst\u00e8me de <b>coupe en confettis P-4<\/b>, capable de r\u00e9duire le papier en particules de <b>4 x 28 mm<\/b>, garantissant une haute confidentialit\u00e9 selon les normes de s\u00e9curit\u00e9 les plus strictes. Sa capacit\u00e9 d\u2019alimentation automatique permet de traiter jusqu\u2019\u00e0 <b>100 feuilles A4 de 80 grammes<\/b> simultan\u00e9ment, \u00e9vitant l\u2019introduction manuelle du papier et \u00e9conomisant du temps. Compacte, avec une largeur de travail de <b>22 cm<\/b> et des dimensions totales de <b>365 mm de large, 430 mm de profondeur et 530 mm de hauteur<\/b>, elle int\u00e8gre un bac amovible de <b>34 litres<\/b>, id\u00e9al pour un usage continu sans interruptions fr\u00e9quentes. Son design associe les couleurs <b>noir et gris<\/b>, offrant un aspect sobre et professionnel adapt\u00e9 \u00e0 tout environnement de bureau. De plus, elle fonctionne avec un <b>c\u00e2ble \u00e9lectrique<\/b>, fournissant une puissance constante pour d\u00e9truire les documents, m\u00eame avec agrafes ou trombones sans besoin de les retirer au pr\u00e9alable. La d\u00e9chiqueteuse Rexel Optimum AutoFeed 100X est une solution avanc\u00e9e pour ceux qui recherchent <b>fiabilit\u00e9, s\u00e9curit\u00e9 et facilit\u00e9 d\u2019utilisation<\/b>, optimisant la destruction de documents confidentiels avec un fonctionnement simple et automatis\u00e9. C\u2019est un outil indispensable pour pr\u00e9server la confidentialit\u00e9 et l\u2019organisation dans les espaces de travail \u00e0 gestion documentaire intensive.<\/p>\n<ul>\n<li>Type: Confetti<\/li>\n<li>Couleur:\n<ul>\n<li>Noir<\/li>\n<li>Gris<\/li>\n<li>Noir\/Gris<\/li>\n<\/ul>\n<\/li>\n<li>Niveau sonore: 55 dB<\/li>\n<li>Largeur: 365 mm<\/li>\n<li>Capacit\u00e9: 34 L<\/li>\n<li>S\u00e9curit\u00e9: P-4<\/li>\n<li>Taille de coupe: 4 x 28 mm<\/li>\n<li>Volets: 100 Volets<\/li>\n<li>Poids: 12 kg<\/li>\n<li>Bloc d\u2019Alimentation: Manuel<\/li>\n<li>Type de commande: Tactile<\/li>\n<\/ul>","protected":false},"excerpt":{"rendered":"<p><span class=\"unit-info\">9.8821 &euro; \/ 1 l<\/span><\/p>","protected":false},"featured_media":51856,"comment_status":"open","ping_status":"closed","template":"","meta":[],"product_brand":[1165],"product_cat":[1142,65,581],"product_tag":[213,106],"class_list":{"0":"post-51860","1":"product","2":"type-product","3":"status-publish","4":"has-post-thumbnail","6":"product_brand-brandp_4637","7":"product_cat-destructeurs-de-papiers","8":"product_cat-informatique-electronique","9":"product_cat-informatique-peripheriques-et-consommables","10":"product_tag-tag_933","11":"product_tag-tag_1295","13":"first","14":"instock","15":"taxable","16":"shipping-taxable","17":"purchasable","18":"product-type-simple"},"_links":{"self":[{"href":"https:\/\/bigbuy.tupique.com\/es\/wp-json\/wp\/v2\/product\/51860","targetHints":{"allow":["GET"]}}],"collection":[{"href":"https:\/\/bigbuy.tupique.com\/es\/wp-json\/wp\/v2\/product"}],"about":[{"href":"https:\/\/bigbuy.tupique.com\/es\/wp-json\/wp\/v2\/types\/product"}],"replies":[{"embeddable":true,"href":"https:\/\/bigbuy.tupique.com\/es\/wp-json\/wp\/v2\/comments?post=51860"}],"wp:featuredmedia":[{"embeddable":true,"href":"https:\/\/bigbuy.tupique.com\/es\/wp-json\/wp\/v2\/media\/51856"}],"wp:attachment":[{"href":"https:\/\/bigbuy.tupique.com\/es\/wp-json\/wp\/v2\/media?parent=51860"}],"wp:term":[{"taxonomy":"product_brand","embeddable":true,"href":"https:\/\/bigbuy.tupique.com\/es\/wp-json\/wp\/v2\/product_brand?post=51860"},{"taxonomy":"product_cat","embeddable":true,"href":"https:\/\/bigbuy.tupique.com\/es\/wp-json\/wp\/v2\/product_cat?post=51860"},{"taxonomy":"product_tag","embeddable":true,"href":"https:\/\/bigbuy.tupique.com\/es\/wp-json\/wp\/v2\/product_tag?post=51860"}],"curies":[{"name":"wp","href":"https:\/\/api.w.org\/{rel}","templated":true}]}}