{"id":51853,"date":"2026-03-31T03:40:42","date_gmt":"2026-03-31T02:40:42","guid":{"rendered":"https:\/\/bigbuy.tupique.com\/produto\/paper-shredder-rexel-2020090xeu-34-l-grey\/"},"modified":"2026-05-11T19:59:43","modified_gmt":"2026-05-11T17:59:43","slug":"paper-shredder-rexel-2020090xeu-34-l-grey","status":"publish","type":"product","link":"https:\/\/bigbuy.tupique.com\/es\/produto\/paper-shredder-rexel-2020090xeu-34-l-grey\/","title":{"rendered":"D\u00e9chiqueteuse de Papier Rexel 2020090XEU 34 L Gris"},"content":{"rendered":"<p>Si vous \u00eates passionn\u00e9 d&#8217;<b>informatique et d&#8217;\u00e9lectronique<\/b>, si vous \u00eates \u00e0 la pointe de la technologie et qu&#8217;aucun d\u00e9tail ne vous \u00e9chappe, achetez <b>D\u00e9chiqueteuse de Papier Rexel 2020090XEU 34 L Gris<\/b> au meilleur prix.<\/p>\n<ul>\n<li>Couleur: Gris<\/li>\n<li>S\u00e9curit\u00e9: P-4<\/li>\n<li>Dimensions approx.: Din A4<\/li>\n<li>Capacit\u00e9: 34 L<\/li>\n<li>Volets: 90 Volets<\/li>\n<li>Type: D\u00e9chiqueteuse<\/li>\n<li>Taille: A4<\/li>\n<li>Largeur: 44 cm<\/li>\n<li>Niveau sonore: 55 dB<\/li>\n<\/ul>","protected":false},"excerpt":{"rendered":"<p><span class=\"unit-info\">9.4409 &euro; \/ 1 l<\/span><\/p>","protected":false},"featured_media":51852,"comment_status":"open","ping_status":"closed","template":"","meta":[],"product_brand":[1165],"product_cat":[1142,65,581],"product_tag":[213,106],"class_list":{"0":"post-51853","1":"product","2":"type-product","3":"status-publish","4":"has-post-thumbnail","6":"product_brand-brandp_4637","7":"product_cat-destructeurs-de-papiers","8":"product_cat-informatique-electronique","9":"product_cat-informatique-peripheriques-et-consommables","10":"product_tag-tag_933","11":"product_tag-tag_1295","13":"first","14":"instock","15":"taxable","16":"shipping-taxable","17":"purchasable","18":"product-type-simple"},"_links":{"self":[{"href":"https:\/\/bigbuy.tupique.com\/es\/wp-json\/wp\/v2\/product\/51853","targetHints":{"allow":["GET"]}}],"collection":[{"href":"https:\/\/bigbuy.tupique.com\/es\/wp-json\/wp\/v2\/product"}],"about":[{"href":"https:\/\/bigbuy.tupique.com\/es\/wp-json\/wp\/v2\/types\/product"}],"replies":[{"embeddable":true,"href":"https:\/\/bigbuy.tupique.com\/es\/wp-json\/wp\/v2\/comments?post=51853"}],"wp:featuredmedia":[{"embeddable":true,"href":"https:\/\/bigbuy.tupique.com\/es\/wp-json\/wp\/v2\/media\/51852"}],"wp:attachment":[{"href":"https:\/\/bigbuy.tupique.com\/es\/wp-json\/wp\/v2\/media?parent=51853"}],"wp:term":[{"taxonomy":"product_brand","embeddable":true,"href":"https:\/\/bigbuy.tupique.com\/es\/wp-json\/wp\/v2\/product_brand?post=51853"},{"taxonomy":"product_cat","embeddable":true,"href":"https:\/\/bigbuy.tupique.com\/es\/wp-json\/wp\/v2\/product_cat?post=51853"},{"taxonomy":"product_tag","embeddable":true,"href":"https:\/\/bigbuy.tupique.com\/es\/wp-json\/wp\/v2\/product_tag?post=51853"}],"curies":[{"name":"wp","href":"https:\/\/api.w.org\/{rel}","templated":true}]}}