{"id":51686,"date":"2026-03-31T03:22:23","date_gmt":"2026-03-31T02:22:23","guid":{"rendered":"https:\/\/bigbuy.tupique.com\/produto\/ticket-printer-bixolon-spp-r410iak5-beg\/"},"modified":"2026-05-11T19:59:40","modified_gmt":"2026-05-11T17:59:40","slug":"ticket-printer-bixolon-spp-r410iak5-beg","status":"publish","type":"product","link":"https:\/\/bigbuy.tupique.com\/es\/produto\/ticket-printer-bixolon-spp-r410iak5-beg\/","title":{"rendered":"Imprimante \u00e0 Billets Bixolon SPP-R410IAK5\/BEG"},"content":{"rendered":"<p>Si vous \u00eates passionn\u00e9 d&#8217;<b>informatique et d&#8217;\u00e9lectronique<\/b>, si vous \u00eates \u00e0 la pointe de la technologie et qu&#8217;aucun d\u00e9tail ne vous \u00e9chappe, achetez <b>Imprimante \u00e0 Billets Bixolon SPP-R410IAK5\/BEG<\/b> au meilleur prix.<\/p>\n<p>La <b>imprimante de tickets<\/b> Bixolon est un appareil con\u00e7u pour offrir une impression efficace, rapide et fiable dans les environnements commerciaux et points de vente. Cet \u00e9quipement se distingue par sa polyvalence et sa capacit\u00e9 \u00e0 imprimer des re\u00e7us, billets ou justificatifs de mani\u00e8re continue et automatique, assurant ainsi une fluidit\u00e9 du service et la satisfaction client. La technologie d\u2019impression thermique int\u00e9gr\u00e9e permet d\u2019obtenir des r\u00e9sultats nets et durables sans utiliser d\u2019encre ni de toner, ce qui se traduit par un entretien simple et un co\u00fbt d\u2019exploitation r\u00e9duit. Son design compact facilite son int\u00e9gration dans des espaces restreints, s\u2019adaptant parfaitement aux comptoirs et caisses enregistreuses, tandis que sa construction robuste garantit une grande durabilit\u00e9 face \u00e0 une utilisation intensive dans des commerces exigeants. De plus, l\u2019imprimante Bixolon est g\u00e9n\u00e9ralement compatible avec plusieurs interfaces de connexion, facilitant son installation dans divers syst\u00e8mes de vente et logiciels courants dans le secteur du retail et de l\u2019h\u00f4tellerie. La fiabilit\u00e9 \u00e0 chaque impression et la rapidit\u00e9 d\u2019\u00e9mission des tickets sont des \u00e9l\u00e9ments cl\u00e9s qui positionnent ce mod\u00e8le comme un outil id\u00e9al pour les commerces n\u00e9cessitant une gestion agile et professionnelle de leurs transactions quotidiennes. La Bixolon se pr\u00e9sente ainsi comme une solution pratique et efficace pour optimiser les processus et offrir un service de qualit\u00e9 en tout point de vente.<\/p>\n<ul>\n<li>Type:\n<ul>\n<li>Imprimante \u00e0 Billets<\/li>\n<li>Sans fil<\/li>\n<\/ul>\n<\/li>\n<li>Produit \u00e0 brancher: Oui<\/li>\n<li>Bloc d\u2019Alimentation:\n<ul>\n<li>r\u00e9seau \u00e9lectrique<\/li>\n<li>C\u00e2ble<\/li>\n<\/ul>\n<\/li>\n<li>Couleur: Noir<\/li>\n<li>Connexions: USB 2.0<\/li>\n<li>Connectivit\u00e9: Bluetooth<\/li>\n<li>R\u00e9solution d&#8217;image maximale: 203 x 203 dpi<\/li>\n<li>vitesse: 90 MM\/S<\/li>\n<li>Technologie: Thermique<\/li>\n<\/ul>","protected":false},"excerpt":{"rendered":"<p>Si vous \u00eates passionn\u00e9 d&#8217;informatique et d&#8217;\u00e9lectronique, si vous \u00eates \u00e0 la pointe de la technologie et qu&#8217;aucun d\u00e9tail ne vous \u00e9chappe, achetez Imprimante \u00e0 Billets Bixolon SPP-R410IAK5\/BEG au meilleur prix. La imprimante de tickets Bixolon est un appareil con\u00e7u pour offrir une impression efficace, rapide et fiable dans les environnements commerciaux et points de [&hellip;]<\/p>\n","protected":false},"featured_media":51685,"comment_status":"open","ping_status":"closed","template":"","meta":[],"product_brand":[1071],"product_cat":[592,65,581],"product_tag":[210],"class_list":{"0":"post-51686","1":"product","2":"type-product","3":"status-publish","4":"has-post-thumbnail","6":"product_brand-brandp_618","7":"product_cat-imprimantes","8":"product_cat-informatique-electronique","9":"product_cat-informatique-peripheriques-et-consommables","10":"product_tag-tag_25","12":"first","13":"instock","14":"taxable","15":"shipping-taxable","16":"purchasable","17":"product-type-simple"},"_links":{"self":[{"href":"https:\/\/bigbuy.tupique.com\/es\/wp-json\/wp\/v2\/product\/51686","targetHints":{"allow":["GET"]}}],"collection":[{"href":"https:\/\/bigbuy.tupique.com\/es\/wp-json\/wp\/v2\/product"}],"about":[{"href":"https:\/\/bigbuy.tupique.com\/es\/wp-json\/wp\/v2\/types\/product"}],"replies":[{"embeddable":true,"href":"https:\/\/bigbuy.tupique.com\/es\/wp-json\/wp\/v2\/comments?post=51686"}],"wp:featuredmedia":[{"embeddable":true,"href":"https:\/\/bigbuy.tupique.com\/es\/wp-json\/wp\/v2\/media\/51685"}],"wp:attachment":[{"href":"https:\/\/bigbuy.tupique.com\/es\/wp-json\/wp\/v2\/media?parent=51686"}],"wp:term":[{"taxonomy":"product_brand","embeddable":true,"href":"https:\/\/bigbuy.tupique.com\/es\/wp-json\/wp\/v2\/product_brand?post=51686"},{"taxonomy":"product_cat","embeddable":true,"href":"https:\/\/bigbuy.tupique.com\/es\/wp-json\/wp\/v2\/product_cat?post=51686"},{"taxonomy":"product_tag","embeddable":true,"href":"https:\/\/bigbuy.tupique.com\/es\/wp-json\/wp\/v2\/product_tag?post=51686"}],"curies":[{"name":"wp","href":"https:\/\/api.w.org\/{rel}","templated":true}]}}