{"id":51684,"date":"2026-03-31T03:22:20","date_gmt":"2026-03-31T02:22:20","guid":{"rendered":"https:\/\/bigbuy.tupique.com\/produto\/label-printer-bixolon-xd5-40dek-beg\/"},"modified":"2026-04-15T03:33:12","modified_gmt":"2026-04-15T02:33:12","slug":"label-printer-bixolon-xd5-40dek-beg","status":"publish","type":"product","link":"https:\/\/bigbuy.tupique.com\/es\/produto\/label-printer-bixolon-xd5-40dek-beg\/","title":{"rendered":"Imprimante pour Etiquettes Bixolon XD5-40DEK\/BEG"},"content":{"rendered":"<p>Retournez au bureau sans rien oublier ! Achetez <b>Imprimante pour Etiquettes Bixolon XD5-40DEK\/BEG<\/b> et faites envie \u00e0 vos coll\u00e8gues!<\/p>\n<p>La <b>imprimante d\u2019\u00e9tiquettes Bixolon XD5-40DEK\/BEG<\/b> est un appareil con\u00e7u pour des environnements professionnels n\u00e9cessitant une solution efficace et fiable pour l\u2019impression d\u2019\u00e9tiquettes. Ce mod\u00e8le se distingue par sa technologie d\u2019impression <b>thermique directe<\/b>, \u00e9liminant le besoin de consommables comme l\u2019encre ou le toner, r\u00e9duisant ainsi les co\u00fbts d\u2019exploitation et simplifiant la maintenance. Sa r\u00e9solution de <b>203 x 203 dpi<\/b> garantit une qualit\u00e9 optimale pour les codes-barres, textes et graphiques avec une nettet\u00e9 adapt\u00e9e \u00e0 une grande vari\u00e9t\u00e9 d\u2019applications en commerce de d\u00e9tail, logistique ou administration. Il int\u00e8gre une m\u00e9moire interne de <b>64 Mo<\/b>, permettant de stocker formats et donn\u00e9es temporaires pour acc\u00e9l\u00e9rer le processus d\u2019impression. C\u00f4t\u00e9 connectivit\u00e9, il offre des options <b>USB<\/b> et <b>Ethernet<\/b>, facilitant l\u2019int\u00e9gration aux r\u00e9seaux de travail et assurant la compatibilit\u00e9 avec diff\u00e9rents syst\u00e8mes et plateformes. Sa couleur <b>noir<\/b> apporte un design sobre et professionnel, adapt\u00e9 \u00e0 tout environnement de travail. La Bixolon XD5-40DEK\/BEG s\u2019adresse aux utilisateurs recherchant une imprimante robuste pour imprimer des \u00e9tiquettes rapidement et avec pr\u00e9cision, particuli\u00e8rement adapt\u00e9e aux secteurs exigeant un \u00e9tiquetage clair et durable. Dans l\u2019ensemble, ce mod\u00e8le refl\u00e8te la qualit\u00e9 et la fiabilit\u00e9 propres \u00e0 Bixolon, offrant une solution pratique et polyvalente pour la gestion d\u2019impression d\u2019\u00e9tiquettes en milieu professionnel.<\/p>\n<ul>\n<li>Type:\n<ul>\n<li>Calculatrice<\/li>\n<li>Imprimante pour Etiquettes<\/li>\n<li>Sans fil<\/li>\n<\/ul>\n<\/li>\n<li>Produit \u00e0 brancher: Oui<\/li>\n<li>Type de prise: Prise EU<\/li>\n<li>Bloc d\u2019Alimentation:\n<ul>\n<li>r\u00e9seau \u00e9lectrique<\/li>\n<li>Avec fil<\/li>\n<\/ul>\n<\/li>\n<li>Couleur: Noir<\/li>\n<li>Caract\u00e9ristiques: \u00c9cran integr\u00e9<\/li>\n<li>R\u00e9solution d&#8217;image maximale: 203 x 203 dpi<\/li>\n<li>Technologie:\n<ul>\n<li>LCD<\/li>\n<li>Thermique<\/li>\n<\/ul>\n<\/li>\n<li>Inclut: C\u00e2ble USB<\/li>\n<li>Connexions:\n<ul>\n<li>USB<\/li>\n<li>RJ45<\/li>\n<\/ul>\n<\/li>\n<li>M\u00e9moire interne: 64 MB<\/li>\n<li>Interface: Ethernet<\/li>\n<li>Compatible:\n<ul>\n<li>Windows<\/li>\n<li>Linux<\/li>\n<li>Mac OS<\/li>\n<li>Android, iOS<\/li>\n<\/ul>\n<\/li>\n<li>Fr\u00e9quence: 50 &#8211; 60 Hz<\/li>\n<li>Tension: 100 &#8211; 240 V<\/li>\n<li>Non Inclus: Wi-Fi<\/li>\n<li>M\u00e9moire Flash: 128 MB<\/li>\n<li>Type de commande: Boutons<\/li>\n<li>Certificat: Certification ENERGY STAR<\/li>\n<\/ul>","protected":false},"excerpt":{"rendered":"<p>Retournez au bureau sans rien oublier ! Achetez Imprimante pour Etiquettes Bixolon XD5-40DEK\/BEG et faites envie \u00e0 vos coll\u00e8gues! La imprimante d\u2019\u00e9tiquettes Bixolon XD5-40DEK\/BEG est un appareil con\u00e7u pour des environnements professionnels n\u00e9cessitant une solution efficace et fiable pour l\u2019impression d\u2019\u00e9tiquettes. Ce mod\u00e8le se distingue par sa technologie d\u2019impression thermique directe, \u00e9liminant le besoin de [&hellip;]<\/p>\n","protected":false},"featured_media":183284,"comment_status":"open","ping_status":"closed","template":"","meta":[],"product_brand":[1071],"product_cat":[966,65,958],"product_tag":[213],"class_list":{"0":"post-51684","1":"product","2":"type-product","3":"status-publish","4":"has-post-thumbnail","6":"product_brand-brandp_618","7":"product_cat-accessoires-informatiques","8":"product_cat-informatique-electronique","9":"product_cat-informatique-ordinateurs","10":"product_tag-tag_933","12":"first","13":"instock","14":"taxable","15":"shipping-taxable","16":"purchasable","17":"product-type-simple"},"_links":{"self":[{"href":"https:\/\/bigbuy.tupique.com\/es\/wp-json\/wp\/v2\/product\/51684","targetHints":{"allow":["GET"]}}],"collection":[{"href":"https:\/\/bigbuy.tupique.com\/es\/wp-json\/wp\/v2\/product"}],"about":[{"href":"https:\/\/bigbuy.tupique.com\/es\/wp-json\/wp\/v2\/types\/product"}],"replies":[{"embeddable":true,"href":"https:\/\/bigbuy.tupique.com\/es\/wp-json\/wp\/v2\/comments?post=51684"}],"wp:featuredmedia":[{"embeddable":true,"href":"https:\/\/bigbuy.tupique.com\/es\/wp-json\/wp\/v2\/media\/183284"}],"wp:attachment":[{"href":"https:\/\/bigbuy.tupique.com\/es\/wp-json\/wp\/v2\/media?parent=51684"}],"wp:term":[{"taxonomy":"product_brand","embeddable":true,"href":"https:\/\/bigbuy.tupique.com\/es\/wp-json\/wp\/v2\/product_brand?post=51684"},{"taxonomy":"product_cat","embeddable":true,"href":"https:\/\/bigbuy.tupique.com\/es\/wp-json\/wp\/v2\/product_cat?post=51684"},{"taxonomy":"product_tag","embeddable":true,"href":"https:\/\/bigbuy.tupique.com\/es\/wp-json\/wp\/v2\/product_tag?post=51684"}],"curies":[{"name":"wp","href":"https:\/\/api.w.org\/{rel}","templated":true}]}}