{"id":51671,"date":"2026-03-31T03:21:49","date_gmt":"2026-03-31T02:21:49","guid":{"rendered":"https:\/\/bigbuy.tupique.com\/produto\/hard-drive-seagate-st24000nt002-35\/"},"modified":"2026-05-11T19:59:40","modified_gmt":"2026-05-11T17:59:40","slug":"hard-drive-seagate-st24000nt002-35","status":"publish","type":"product","link":"https:\/\/bigbuy.tupique.com\/es\/produto\/hard-drive-seagate-st24000nt002-35\/","title":{"rendered":"Disque dur Seagate ST24000NT002 3,5&#8243;"},"content":{"rendered":"<p>Si vous \u00eates passionn\u00e9 d&#8217;<b>informatique et d&#8217;\u00e9lectronique<\/b>, si vous \u00eates \u00e0 la pointe de la technologie et qu&#8217;aucun d\u00e9tail ne vous \u00e9chappe, achetez <b>Disque dur Seagate ST24000NT002 3,5&#8243;<\/b> au meilleur prix.<\/p>\n<p>Le <b>ST24000NT002<\/b> de <b>Seagate<\/b> est un <b>disque dur<\/b> interne sp\u00e9cialement con\u00e7u pour les syst\u00e8mes NAS n\u00e9cessitant une capacit\u00e9 exceptionnelle et des performances fiables. Avec un <b>format 3,5 pouces<\/b> et une impressionnante <b>capacit\u00e9 de stockage de 24 To<\/b>, ce mod\u00e8le offre largement d\u2019espace pour g\u00e9rer de gros volumes de donn\u00e9es dans les r\u00e9seaux d\u2019entreprise ou les solutions de stockage domestiques avanc\u00e9es. Sa technologie repose sur un <b>HDD \u00e0 7200 tours par minute<\/b>, garantissant une vitesse optimale d\u2019acc\u00e8s et de transfert des donn\u00e9es. De plus, il dispose d\u2019une interface <b>SATA III \u00e0 6 Gbit\/s<\/b>, permettant une connexion rapide et efficace avec la carte m\u00e8re ou le syst\u00e8me NAS, assurant la compatibilit\u00e9 avec la plupart des configurations actuelles. Ce disque dur interne est optimis\u00e9 pour l\u2019environnement NAS, ce qui signifie qu\u2019il est adapt\u00e9 aux charges de travail continues et aux environnements exigeants, offrant une fiabilit\u00e9 et une durabilit\u00e9 accrues en fonctionnement 24\/7. La s\u00e9rie IronWolf NAS Pro est reconnue pour ses caract\u00e9ristiques sp\u00e9cifiques am\u00e9liorant la r\u00e9sistance aux vibrations, la gestion thermique et la r\u00e9duction du bruit, apportant stabilit\u00e9 et s\u00e9curit\u00e9 aux donn\u00e9es critiques dans les environnements partag\u00e9s. Ainsi, le Seagate IronWolf NAS Pro 24 To est une solution robuste et performante pour les utilisateurs ou entreprises ayant besoin d\u2019un stockage haute capacit\u00e9 avec des performances professionnelles et un transfert rapide. En r\u00e9sum\u00e9, il constitue une option fiable et puissante pour garantir un stockage durable dans les r\u00e9seaux de stockage connect\u00e9s.<\/p>\n<ul>\n<li>Type:\n<ul>\n<li>Disque dur interne<\/li>\n<li>HDD<\/li>\n<\/ul>\n<\/li>\n<li>Taille: 3,5&#8243;<\/li>\n<li>vitesse:\n<ul>\n<li>7200 rpm<\/li>\n<li>6 Gbps<\/li>\n<\/ul>\n<\/li>\n<li>Quantit\u00e9: 1<\/li>\n<li>Interface: Serial ATA III<\/li>\n<li>Disque dur: 24 TB<\/li>\n<li>Vitesse de rotation: 7200 rpm<\/li>\n<li>Connexions:\n<ul>\n<li>SATA<\/li>\n<li>Sata III<\/li>\n<\/ul>\n<\/li>\n<li>Niveau sonore: 20 dB<\/li>\n<li>Tension: 5-12 V<\/li>\n<li>Amp\u00e9rage: 2 A<\/li>\n<li>Compatible: Ordinateurs<\/li>\n<li>Temp\u00e9rature approximative: -40\u00ba \/ 70\u00ba<\/li>\n<li>Buffer: 512 MB<\/li>\n<\/ul>","protected":false},"excerpt":{"rendered":"<p>Si vous \u00eates passionn\u00e9 d&#8217;informatique et d&#8217;\u00e9lectronique, si vous \u00eates \u00e0 la pointe de la technologie et qu&#8217;aucun d\u00e9tail ne vous \u00e9chappe, achetez Disque dur Seagate ST24000NT002 3,5&#8243; au meilleur prix. Le ST24000NT002 de Seagate est un disque dur interne sp\u00e9cialement con\u00e7u pour les syst\u00e8mes NAS n\u00e9cessitant une capacit\u00e9 exceptionnelle et des performances fiables. Avec [&hellip;]<\/p>\n","protected":false},"featured_media":160199,"comment_status":"open","ping_status":"closed","template":"","meta":[],"product_brand":[641],"product_cat":[588,65,584],"product_tag":[106],"class_list":{"0":"post-51671","1":"product","2":"type-product","3":"status-publish","4":"has-post-thumbnail","6":"product_brand-brandp_578","7":"product_cat-disques-durs","8":"product_cat-informatique-electronique","9":"product_cat-informatique-reseaux-et-composants","10":"product_tag-tag_1295","12":"first","13":"instock","14":"taxable","15":"shipping-taxable","16":"purchasable","17":"product-type-simple"},"_links":{"self":[{"href":"https:\/\/bigbuy.tupique.com\/es\/wp-json\/wp\/v2\/product\/51671","targetHints":{"allow":["GET"]}}],"collection":[{"href":"https:\/\/bigbuy.tupique.com\/es\/wp-json\/wp\/v2\/product"}],"about":[{"href":"https:\/\/bigbuy.tupique.com\/es\/wp-json\/wp\/v2\/types\/product"}],"replies":[{"embeddable":true,"href":"https:\/\/bigbuy.tupique.com\/es\/wp-json\/wp\/v2\/comments?post=51671"}],"wp:featuredmedia":[{"embeddable":true,"href":"https:\/\/bigbuy.tupique.com\/es\/wp-json\/wp\/v2\/media\/160199"}],"wp:attachment":[{"href":"https:\/\/bigbuy.tupique.com\/es\/wp-json\/wp\/v2\/media?parent=51671"}],"wp:term":[{"taxonomy":"product_brand","embeddable":true,"href":"https:\/\/bigbuy.tupique.com\/es\/wp-json\/wp\/v2\/product_brand?post=51671"},{"taxonomy":"product_cat","embeddable":true,"href":"https:\/\/bigbuy.tupique.com\/es\/wp-json\/wp\/v2\/product_cat?post=51671"},{"taxonomy":"product_tag","embeddable":true,"href":"https:\/\/bigbuy.tupique.com\/es\/wp-json\/wp\/v2\/product_tag?post=51671"}],"curies":[{"name":"wp","href":"https:\/\/api.w.org\/{rel}","templated":true}]}}