{"id":51657,"date":"2026-03-31T03:21:13","date_gmt":"2026-03-31T02:21:13","guid":{"rendered":"https:\/\/bigbuy.tupique.com\/produto\/hdmi-switch-startech-st121hd20fxa2\/"},"modified":"2026-04-15T02:18:22","modified_gmt":"2026-04-15T01:18:22","slug":"hdmi-switch-startech-st121hd20fxa2","status":"publish","type":"product","link":"https:\/\/bigbuy.tupique.com\/es\/produto\/hdmi-switch-startech-st121hd20fxa2\/","title":{"rendered":"Switch HDMI Startech ST121HD20FXA2"},"content":{"rendered":"<p>Si vous \u00eates passionn\u00e9 d&#8217;<b>informatique et d&#8217;\u00e9lectronique<\/b>, si vous \u00eates \u00e0 la pointe de la technologie et qu&#8217;aucun d\u00e9tail ne vous \u00e9chappe, achetez <b>Switch HDMI Startech ST121HD20FXA2<\/b> au meilleur prix.<\/p>\n<p>Le <b>r\u00e9p\u00e9teur de signal HDMI Startech ST121HD20FXA2<\/b> est un <b>switch HDMI filaire<\/b> con\u00e7u pour \u00e9tendre la transmission audio et vid\u00e9o en haute qualit\u00e9 via fibre optique, supportant des r\u00e9solutions Ultra HD jusqu\u2019\u00e0 <b>4K \u00e0 60 Hz<\/b> avec un son surround en <b>7.1 canaux<\/b>. Ce kit complet comprend \u00e9metteur et r\u00e9cepteur, permettant une connexion point \u00e0 point sans configuration r\u00e9seau, pilotes ou logiciels, id\u00e9al pour des installations simples et professionnelles. Compatible avec fibre optique monomode et multimode, il \u00e9tend le signal HDMI jusqu\u2019\u00e0 <b>1 km (3300 pieds) en monomode<\/b> ou <b>300 m (1000 pieds) en multimode<\/b>, assurant une transmission stable et sans interf\u00e9rences \u00e9lectromagn\u00e9tiques (EMI), gr\u00e2ce \u00e0 l\u2019immunit\u00e9 offerte par la fibre optique monomode LC. Le bo\u00eetier en acier robuste int\u00e8gre des supports de montage pour une installation s\u00e9curis\u00e9e et ordonn\u00e9e en environnements domestiques, professionnels ou industriels. Il dispose de plusieurs connexions cl\u00e9s, dont <b>ports HDMI<\/b>, <b>deux ports USB Micro-B<\/b> pour alimentation ou contr\u00f4le, une connectivit\u00e9 <b>RS-232<\/b> pour int\u00e9gration avec syst\u00e8mes de contr\u00f4le et automatisation, ainsi qu\u2019une sortie audio auxiliaire 3,5 mm permettant la lecture simultan\u00e9e de l\u2019audio HDMI et de cette sortie, offrant une flexibilit\u00e9 pour diff\u00e9rents syst\u00e8mes audio. Ses fonctions incluent l\u2019extension des signaux IR et RS-232 pour commande \u00e0 distance d\u2019appareils comme projecteurs ou \u00e9quipements audiovisuels, et une technologie avanc\u00e9e de <b>copie EDID<\/b> pour garantir la compatibilit\u00e9 \u00e9cran lors de la configuration. Les voyants LED fournissent un suivi clair de l\u2019\u00e9tat de fonctionnement, tandis que la protection ESD jusqu\u2019\u00e0 8 kV par air et 6 kV par contact prot\u00e8ge l\u2019\u00e9quipement contre les d\u00e9charges \u00e9lectrostatiques, assurant durabilit\u00e9 et fiabilit\u00e9. Il fonctionne sous une tension d\u2019entr\u00e9e standard de <b>100 \u00e0 240 V AC<\/b> et une tension de fonctionnement de <b>5 V DC<\/b>, avec un courant d\u2019entr\u00e9e de 0,35 A, pr\u00e9sentant des dimensions compactes de <b>68 mm de large<\/b>, <b>134 mm de profondeur<\/b> et <b>18 mm de hauteur<\/b>. Ce dispositif constitue une solution professionnelle et efficace pour l\u2019extension des signaux HDMI dans des environnements exigeant une haute qualit\u00e9 d\u2019image et de son, avec des capacit\u00e9s avanc\u00e9es de contr\u00f4le et compatibilit\u00e9 avec les infrastructures fibre optique existantes.<\/p>\n<ul>\n<li>Connexions:\n<ul>\n<li>Micro USB B<\/li>\n<li>RS-232<\/li>\n<li>2<\/li>\n<li>HDMI<\/li>\n<li>USB x 2<\/li>\n<li>RCA<\/li>\n<li>HDCP<\/li>\n<li>HDMI 2.1 x 1<\/li>\n<\/ul>\n<\/li>\n<li>Type:\n<ul>\n<li>Switch<\/li>\n<li>Avec fil<\/li>\n<li>Prise M\u00e2le\/Prise Femelle<\/li>\n<\/ul>\n<\/li>\n<li>Couleur: Noir<\/li>\n<li>Tension:\n<ul>\n<li>5 V<\/li>\n<li>100-240 V<\/li>\n<li>100 &#8211; 240 V<\/li>\n<\/ul>\n<\/li>\n<li>Amp\u00e9rage: 1 A<\/li>\n<li>Fr\u00e9quence: 60 Hz<\/li>\n<li>Caract\u00e9ristiques: Guide d&#8217;installation inclus<\/li>\n<li>Ports: 2<\/li>\n<li>Bloc d\u2019Alimentation:\n<ul>\n<li>Avec fil<\/li>\n<li>CC<\/li>\n<\/ul>\n<\/li>\n<li>Haut-parleurs: 7.1<\/li>\n<li>Technologie: HDR<\/li>\n<li>Non Inclus: Adaptateur AC<\/li>\n<li>Certificat: CE &#8211; RoHS<\/li>\n<\/ul>","protected":false},"excerpt":{"rendered":"<p>Si vous \u00eates passionn\u00e9 d&#8217;informatique et d&#8217;\u00e9lectronique, si vous \u00eates \u00e0 la pointe de la technologie et qu&#8217;aucun d\u00e9tail ne vous \u00e9chappe, achetez Switch HDMI Startech ST121HD20FXA2 au meilleur prix. Le r\u00e9p\u00e9teur de signal HDMI Startech ST121HD20FXA2 est un switch HDMI filaire con\u00e7u pour \u00e9tendre la transmission audio et vid\u00e9o en haute qualit\u00e9 via fibre [&hellip;]<\/p>\n","protected":false},"featured_media":51652,"comment_status":"open","ping_status":"closed","template":"","meta":[],"product_brand":[634],"product_cat":[65,584,585],"product_tag":[106],"class_list":{"0":"post-51657","1":"product","2":"type-product","3":"status-publish","4":"has-post-thumbnail","6":"product_brand-brandp_4771","7":"product_cat-informatique-electronique","8":"product_cat-informatique-reseaux-et-composants","9":"product_cat-switch","10":"product_tag-tag_1295","12":"first","13":"instock","14":"taxable","15":"shipping-taxable","16":"purchasable","17":"product-type-simple"},"_links":{"self":[{"href":"https:\/\/bigbuy.tupique.com\/es\/wp-json\/wp\/v2\/product\/51657","targetHints":{"allow":["GET"]}}],"collection":[{"href":"https:\/\/bigbuy.tupique.com\/es\/wp-json\/wp\/v2\/product"}],"about":[{"href":"https:\/\/bigbuy.tupique.com\/es\/wp-json\/wp\/v2\/types\/product"}],"replies":[{"embeddable":true,"href":"https:\/\/bigbuy.tupique.com\/es\/wp-json\/wp\/v2\/comments?post=51657"}],"wp:featuredmedia":[{"embeddable":true,"href":"https:\/\/bigbuy.tupique.com\/es\/wp-json\/wp\/v2\/media\/51652"}],"wp:attachment":[{"href":"https:\/\/bigbuy.tupique.com\/es\/wp-json\/wp\/v2\/media?parent=51657"}],"wp:term":[{"taxonomy":"product_brand","embeddable":true,"href":"https:\/\/bigbuy.tupique.com\/es\/wp-json\/wp\/v2\/product_brand?post=51657"},{"taxonomy":"product_cat","embeddable":true,"href":"https:\/\/bigbuy.tupique.com\/es\/wp-json\/wp\/v2\/product_cat?post=51657"},{"taxonomy":"product_tag","embeddable":true,"href":"https:\/\/bigbuy.tupique.com\/es\/wp-json\/wp\/v2\/product_tag?post=51657"}],"curies":[{"name":"wp","href":"https:\/\/api.w.org\/{rel}","templated":true}]}}