{"id":51581,"date":"2026-03-31T03:17:44","date_gmt":"2026-03-31T02:17:44","guid":{"rendered":"https:\/\/bigbuy.tupique.com\/produto\/dot-matrix-printer-epson-c11cc24031\/"},"modified":"2026-05-11T19:58:55","modified_gmt":"2026-05-11T17:58:55","slug":"dot-matrix-printer-epson-c11cc24031","status":"publish","type":"product","link":"https:\/\/bigbuy.tupique.com\/es\/produto\/dot-matrix-printer-epson-c11cc24031\/","title":{"rendered":"Imprimante Matricielle Epson C11CC24031"},"content":{"rendered":"<p>Si vous \u00eates passionn\u00e9 d&#8217;<b>informatique et d&#8217;\u00e9lectronique<\/b>, si vous \u00eates \u00e0 la pointe de la technologie et qu&#8217;aucun d\u00e9tail ne vous \u00e9chappe, achetez <b>Imprimante Matricielle Epson C11CC24031          <\/b> au meilleur prix.<\/p>\n<p>La <b>imprimante matricielle Epson LX-350<\/b> est un appareil con\u00e7u pour les utilisateurs et entreprises recherchant une solution \u00e9conomique et efficace pour l\u2019impression de documents aux formats traditionnels, notamment au format <b>A4 (210 x 297 mm)<\/b>. Elle se distingue par sa <b>grande durabilit\u00e9 de la t\u00eate d\u2019impression<\/b>, capable de supporter jusqu\u2019\u00e0 <b>400 millions de caract\u00e8res<\/b>, garantissant une longue dur\u00e9e de vie m\u00eame en environnements \u00e0 forts volumes d\u2019impression. Sa technologie d\u2019impression bidirectionnelle avec <b>t\u00eate \u00e0 9 aiguilles<\/b> permet d\u2019atteindre une <b>vitesse maximale de 357 caract\u00e8res par seconde<\/b>, tandis qu\u2019en mode brouillon elle atteint 312 caract\u00e8res par seconde, facilitant des processus productifs rapides. Cette imprimante offre une r\u00e9solution maximale de <b>240 x 144 DPI<\/b>, suffisante pour des textes nets et clairs dans des applications commerciales et bureautiques. L\u2019alimentation papier est manuelle, compatible avec diff\u00e9rents types tels que enveloppes, \u00e9tiquettes, papier ordinaire ou rouleau, ajoutant de la polyvalence \u00e0 son usage dans diverses op\u00e9rations administratives. C\u00f4t\u00e9 connectivit\u00e9, elle dispose d\u2019interfaces s\u00e9rie, parall\u00e8le et <b>USB 2.0<\/b>, permettant une int\u00e9gration simple et flexible avec la plupart des syst\u00e8mes informatiques modernes. Son design compact est compl\u00e9t\u00e9 par un syst\u00e8me efficace de gestion des c\u00e2bles qui aide \u00e0 maintenir l\u2019ordre sur le poste de travail. De plus, sa faible consommation \u00e9nerg\u00e9tique, avec une puissance de seulement <b>1,3 W en mode \u00e9conomie<\/b> et 23 W en fonctionnement, lui a valu la certification <b>ENERGY STAR<\/b>, repr\u00e9sentant une \u00e9conomie suppl\u00e9mentaire sur les co\u00fbts \u00e9lectriques pour les entreprises soucieuses d\u2019efficacit\u00e9 \u00e9nerg\u00e9tique. Le niveau sonore pendant l\u2019impression est de 53 dB, ce qui la place \u00e0 un niveau raisonnable dans sa cat\u00e9gorie, assurant un environnement de travail confortable. Compatible avec le langage de description de pages Epson ESC\/P2, elle facilite la gestion des t\u00e2ches et l\u2019impression de formulaires ou listes standards. En r\u00e9sum\u00e9, l\u2019Epson LX-350 est une imprimante matricielle robuste, pratique et efficace, adapt\u00e9e aux environnements professionnels o\u00f9 fiabilit\u00e9 et co\u00fbt d\u2019exploitation sont des crit\u00e8res cl\u00e9s dans le choix du mat\u00e9riel.<\/p>\n<ul>\n<li>Technologie:\n<ul>\n<li>Matricielle<\/li>\n<li>Injection d&#8217;encre<\/li>\n<li>Laser<\/li>\n<\/ul>\n<\/li>\n<li>Couleur:\n<ul>\n<li>Monochrome<\/li>\n<li>Noir<\/li>\n<li>Gris<\/li>\n<li>Non<\/li>\n<\/ul>\n<\/li>\n<li>Posib\u00e9rica: Epson<\/li>\n<li>Papier: A4<\/li>\n<li>Type:\n<ul>\n<li>Imprimante<\/li>\n<li>Avec fil<\/li>\n<li>Imprimante Matricielle<\/li>\n<\/ul>\n<\/li>\n<li>Produit \u00e0 brancher: Oui<\/li>\n<li>Type de prise: Prise EU<\/li>\n<li>Bloc d\u2019Alimentation: r\u00e9seau \u00e9lectrique<\/li>\n<li>R\u00e9solution d&#8217;image maximale: 240 x 144 DPI<\/li>\n<li>consommation d&#8217;\u00e9nergie: 27 W<\/li>\n<li>Taille maximale d&#8217;impression: A4 (210 x 297 mm)<\/li>\n<li>Taille: A4<\/li>\n<li>Caract\u00e9ristiques: Avec c\u00e2ble<\/li>\n<li>Connexions: USB<\/li>\n<li>Connectivit\u00e9: Wi-Fi<\/li>\n<li>Impression couleur: Non<\/li>\n<li>puissance: 27 W<\/li>\n<li>Syst\u00e8me d&#8217;exploitation: Non<\/li>\n<li>Certificat: Certification ENERGY STAR<\/li>\n<li>R\u00e9solution: 240 x 140 dpi<\/li>\n<\/ul>\n<p><\/p>\n<p>La LX-350 est une imprimante tr\u00e8s \u00e9conomique qui permet de r\u00e9duire les co\u00fbts d&#8217;exploitation gr\u00e2ce \u00e0 son ruban disposant d&#8217;une longue dur\u00e9e de vie (4millions de caract\u00e8res) et sa faible consommation \u00e9lectrique. La LX-350 n&#8217;utilise que 1,1W en veille et 27W en impression. Elle est donc certifi\u00e9e ENERGY STAR pour son excellente efficacit\u00e9 \u00e9nerg\u00e9tique. <\/p>\n<p>Facile \u00e0 int\u00e9grer, la LX-350 poss\u00e8de des interfaces Parall\u00e8le, S\u00e9rie et USB en s\u00e9rie et trouvera facilement une place sur un bureau gr\u00e2ce \u00e0 sa conception compacte et \u00e0 son syst\u00e8me de gestion des c\u00e2bles.<\/p>\n<p><\/p>\n<ul>\n<li>Couleur: Non<\/li>\n<li>Vitesse maximale d&#8217;impression: 357 caract\u00e8res par seconde<\/li>\n<li>R\u00e9solution maximale: 240 x 144 DPI<\/li>\n<li>Largeur d&#8217;impression maximum: 80<\/li>\n<li>Vitesse d&#8217;impression maximale (qualit\u00e9 brouillon): 312 caract\u00e8res par seconde<\/li>\n<li>Vitesse d&#8217;impression maximale (basse qualit\u00e9): 78 caract\u00e8res par seconde<\/li>\n<li>Mesure du nombre de caract\u00e8re par pouce: 10,12 caract\u00e8res par pouce<\/li>\n<li>Nombre maximum de copies: 5 copies<\/li>\n<li>Codes barres int\u00e9gr\u00e9s: Code 128 (A\/B\/C),Code 39,EAN13,EAN8,Interleaved 2\/5,POSTNET,UPC-A,UPC-E<\/li>\n<li>Format d\u2019impression maximale: A4 (210 x 297 mm)<\/li>\n<li>Alimentation papier: Manuel<\/li>\n<li>Type de support du bac papier: Enveloppes, \u00c9tiquettes, Papier ordinaire, Rouleau<\/li>\n<li>Taille du buffer: 128 Ko<\/li>\n<li>Niveau de pression sonore (impression): 53 dB<\/li>\n<li>Langues de la description de page: Epson ESC\/P2<\/li>\n<li>Pays d&#8217;origine: Indon\u00e9sie<\/li>\n<li>Interfaces standards: Parall\u00e8le, USB 2.0<\/li>\n<li>T\u00eate d&#8217;impression: 9 broches<\/li>\n<li>Direction d&#8217;impression: Bi-directionnel<\/li>\n<li>Dur\u00e9e de vie de la t\u00eate d&#8217;impression: 400 million de caract\u00e8res<\/li>\n<li>Dur\u00e9e de vie du ruban (noir, brouillon): 4 million de caract\u00e8res<\/li>\n<li>Temps moyen entre pannes: 10000 h<\/li>\n<li>Consommation \u00e9lectrique typique: 27 W<\/li>\n<li>Consommation d&#8217;\u00e9nergie (mode veille): 1,1 W<\/li>\n<li>Temp\u00e9rature d&#8217;op\u00e9ration: 5 &#8211; 35 \u00b0C<\/li>\n<li>Temp\u00e9rature hors fonctionnement: 5 &#8211; 35 \u00b0C<\/li>\n<li>Humidit\u00e9 relative de fonctionnement (H-H): 10 &#8211; 80%<\/li>\n<li>Taux d&#8217;humidit\u00e9 relative (stockage): 10 &#8211; 80%<\/li>\n<li>Prise en charge du syst\u00e8me d&#8217;exploitation Windows: Windows 2000,Windows 7,Windows 8,Windows Vista,Windows XP<\/li>\n<li>Logiciels fournis: Epson Status Monitor<\/li>\n<li>Largeur: 348 mm<\/li>\n<li>Profondeur: 275 mm<\/li>\n<li>Hauteur: 154 mm<\/li>\n<li>Poids: 4,1 kg<\/li>\n<li>Quantit\u00e9: 1 pi\u00e8ce(s)<\/li>\n<li>Largeur du colis: 220 mm<\/li>\n<li>Profondeur du colis: 425 mm<\/li>\n<li>Hauteur du colis: 360 mm<\/li>\n<li>Poids du paquet: 5,2 g<\/li>\n<li>Technologie de connectivit\u00e9: Avec fil<\/li>\n<li>Technologie d&#8217;impression: Dot Matrix<\/li>\n<li>Certificats de durabilit\u00e9: ENERGY STAR<\/li>\n<li>Produits par palette: 45 pi\u00e8ce(s)<\/li>\n<li>Longueur brute de la palette: 120 cm<\/li>\n<li>Largeur brute de la palette: 80 cm<\/li>\n<li>Hauteur brute de la palette: 2,08 m<\/li>\n<li>Produits par couche de palette: 5 pi\u00e8ce(s)<\/li>\n<li>Produits par couche de palette (RU): 6 pi\u00e8ce(s)<\/li>\n<li>Produits par palette (RU): 54 pi\u00e8ce(s)<\/li>\n<li>Longueur de la palette (RU): 120 cm<\/li>\n<li>Largeur de la palette (RU): 100 cm<\/li>\n<li>Hauteur de la palette (RU): 2,08 m<\/li>\n<li>Aiguilles: 9<\/li>\n<\/ul>","protected":false},"excerpt":{"rendered":"<p>Si vous \u00eates passionn\u00e9 d&#8217;informatique et d&#8217;\u00e9lectronique, si vous \u00eates \u00e0 la pointe de la technologie et qu&#8217;aucun d\u00e9tail ne vous \u00e9chappe, achetez Imprimante Matricielle Epson C11CC24031 au meilleur prix. La imprimante matricielle Epson LX-350 est un appareil con\u00e7u pour les utilisateurs et entreprises recherchant une solution \u00e9conomique et efficace pour l\u2019impression de documents aux [&hellip;]<\/p>\n","protected":false},"featured_media":51578,"comment_status":"open","ping_status":"closed","template":"","meta":[],"product_brand":[632],"product_cat":[592,65,581],"product_tag":[213,106],"class_list":{"0":"post-51581","1":"product","2":"type-product","3":"status-publish","4":"has-post-thumbnail","6":"product_brand-brandp_547","7":"product_cat-imprimantes","8":"product_cat-informatique-electronique","9":"product_cat-informatique-peripheriques-et-consommables","10":"product_tag-tag_933","11":"product_tag-tag_1295","13":"first","14":"instock","15":"taxable","16":"shipping-taxable","17":"purchasable","18":"product-type-simple"},"_links":{"self":[{"href":"https:\/\/bigbuy.tupique.com\/es\/wp-json\/wp\/v2\/product\/51581","targetHints":{"allow":["GET"]}}],"collection":[{"href":"https:\/\/bigbuy.tupique.com\/es\/wp-json\/wp\/v2\/product"}],"about":[{"href":"https:\/\/bigbuy.tupique.com\/es\/wp-json\/wp\/v2\/types\/product"}],"replies":[{"embeddable":true,"href":"https:\/\/bigbuy.tupique.com\/es\/wp-json\/wp\/v2\/comments?post=51581"}],"wp:featuredmedia":[{"embeddable":true,"href":"https:\/\/bigbuy.tupique.com\/es\/wp-json\/wp\/v2\/media\/51578"}],"wp:attachment":[{"href":"https:\/\/bigbuy.tupique.com\/es\/wp-json\/wp\/v2\/media?parent=51581"}],"wp:term":[{"taxonomy":"product_brand","embeddable":true,"href":"https:\/\/bigbuy.tupique.com\/es\/wp-json\/wp\/v2\/product_brand?post=51581"},{"taxonomy":"product_cat","embeddable":true,"href":"https:\/\/bigbuy.tupique.com\/es\/wp-json\/wp\/v2\/product_cat?post=51581"},{"taxonomy":"product_tag","embeddable":true,"href":"https:\/\/bigbuy.tupique.com\/es\/wp-json\/wp\/v2\/product_tag?post=51581"}],"curies":[{"name":"wp","href":"https:\/\/api.w.org\/{rel}","templated":true}]}}