{"id":51567,"date":"2026-03-31T03:17:17","date_gmt":"2026-03-31T02:17:17","guid":{"rendered":"https:\/\/bigbuy.tupique.com\/produto\/paper-shredder-rexel-2104576eu-23-l\/"},"modified":"2026-04-14T23:38:48","modified_gmt":"2026-04-14T22:38:48","slug":"paper-shredder-rexel-2104576eu-23-l","status":"publish","type":"product","link":"https:\/\/bigbuy.tupique.com\/es\/produto\/paper-shredder-rexel-2104576eu-23-l\/","title":{"rendered":"D\u00e9chiqueteuse de Papier Rexel 2104576EU 23 L"},"content":{"rendered":"<p>Si vous \u00eates passionn\u00e9 d&#8217;<b>informatique et d&#8217;\u00e9lectronique<\/b>, si vous \u00eates \u00e0 la pointe de la technologie et qu&#8217;aucun d\u00e9tail ne vous \u00e9chappe, achetez <b>D\u00e9chiqueteuse de Papier Rexel 2104576EU 23 L<\/b> au meilleur prix.<\/p>\n<p>La <b>d\u00e9chiqueteuse Rexel Momentum X415<\/b> est une <b>d\u00e9chiqueteuse de papier<\/b> con\u00e7ue pour offrir haute performance et s\u00e9curit\u00e9 dans les petits bureaux ou environnements domestiques. Cette d\u00e9chiqueteuse \u00e0 bandes utilise un syst\u00e8me de <b>coupe crois\u00e9e P-4<\/b> qui r\u00e9duit les documents en particules de <b>4 x 40 mm<\/b>, garantissant un niveau de s\u00e9curit\u00e9 avanc\u00e9 pour la destruction d\u2019informations sensibles. Sa capacit\u00e9 \u00e0 d\u00e9chiqueter jusqu\u2019\u00e0 <b>15 feuilles simultan\u00e9ment<\/b> et sa technologie anti-bourrage assurent un fonctionnement fluide et fiable sur de longues p\u00e9riodes, avec un temps d\u2019utilisation continue allant jusqu\u2019\u00e0 <b>2 heures<\/b>. Elle int\u00e8gre \u00e9galement un bac \u00e0 papier d\u2019une capacit\u00e9 g\u00e9n\u00e9reuse de <b>23 litres<\/b>, \u00e9quivalant \u00e0 environ 225 feuilles format A4, facilitant une gestion pratique et efficace des d\u00e9chets. La Momentum X415 pr\u00e9sente un design fonctionnel en tons <b>noir et gris<\/b>, dispose de commandes tactiles intuitives simplifiant son usage et offre un fonctionnement silencieux, id\u00e9al pour ne pas perturber l\u2019environnement de travail. Ses dimensions compactes \u2014 <b>370 mm de large, 279 mm de profondeur et 465 mm de hauteur<\/b> \u2014 permettent de l\u2019installer facilement dans divers espaces sans sacrifier sa puissance. Dans l\u2019ensemble, ce mod\u00e8le Rexel propose une solution robuste et s\u00e9curis\u00e9e pour la destruction de documents, alliant capacit\u00e9, endurance et un niveau sup\u00e9rieur de protection des informations personnelles ou professionnelles.<\/p>\n<ul>\n<li>Taille de coupe: 4 x 40 mm<\/li>\n<li>Volets: 15 Volets<\/li>\n<li>Type:\n<ul>\n<li>D\u00e9chiqueteuse<\/li>\n<li>Morceaux de papier<\/li>\n<\/ul>\n<\/li>\n<li>Capacit\u00e9: 23 L<\/li>\n<li>Couleur:\n<ul>\n<li>Noir<\/li>\n<li>Noir\/Gris<\/li>\n<\/ul>\n<\/li>\n<li>Caract\u00e9ristiques: Automatique<\/li>\n<li>S\u00e9curit\u00e9: P-4<\/li>\n<li>Longueur: 27,9 cm<\/li>\n<\/ul>","protected":false},"excerpt":{"rendered":"<p>Si vous \u00eates passionn\u00e9 d&#8217;informatique et d&#8217;\u00e9lectronique, si vous \u00eates \u00e0 la pointe de la technologie et qu&#8217;aucun d\u00e9tail ne vous \u00e9chappe, achetez D\u00e9chiqueteuse de Papier Rexel 2104576EU 23 L au meilleur prix. La d\u00e9chiqueteuse Rexel Momentum X415 est une d\u00e9chiqueteuse de papier con\u00e7ue pour offrir haute performance et s\u00e9curit\u00e9 dans les petits bureaux ou [&hellip;]<\/p>\n","protected":false},"featured_media":51564,"comment_status":"open","ping_status":"closed","template":"","meta":[],"product_brand":[1165],"product_cat":[1142,65,581],"product_tag":[213,106],"class_list":{"0":"post-51567","1":"product","2":"type-product","3":"status-publish","4":"has-post-thumbnail","6":"product_brand-brandp_4637","7":"product_cat-destructeurs-de-papiers","8":"product_cat-informatique-electronique","9":"product_cat-informatique-peripheriques-et-consommables","10":"product_tag-tag_933","11":"product_tag-tag_1295","13":"first","14":"instock","15":"taxable","16":"shipping-taxable","17":"purchasable","18":"product-type-simple"},"_links":{"self":[{"href":"https:\/\/bigbuy.tupique.com\/es\/wp-json\/wp\/v2\/product\/51567","targetHints":{"allow":["GET"]}}],"collection":[{"href":"https:\/\/bigbuy.tupique.com\/es\/wp-json\/wp\/v2\/product"}],"about":[{"href":"https:\/\/bigbuy.tupique.com\/es\/wp-json\/wp\/v2\/types\/product"}],"replies":[{"embeddable":true,"href":"https:\/\/bigbuy.tupique.com\/es\/wp-json\/wp\/v2\/comments?post=51567"}],"wp:featuredmedia":[{"embeddable":true,"href":"https:\/\/bigbuy.tupique.com\/es\/wp-json\/wp\/v2\/media\/51564"}],"wp:attachment":[{"href":"https:\/\/bigbuy.tupique.com\/es\/wp-json\/wp\/v2\/media?parent=51567"}],"wp:term":[{"taxonomy":"product_brand","embeddable":true,"href":"https:\/\/bigbuy.tupique.com\/es\/wp-json\/wp\/v2\/product_brand?post=51567"},{"taxonomy":"product_cat","embeddable":true,"href":"https:\/\/bigbuy.tupique.com\/es\/wp-json\/wp\/v2\/product_cat?post=51567"},{"taxonomy":"product_tag","embeddable":true,"href":"https:\/\/bigbuy.tupique.com\/es\/wp-json\/wp\/v2\/product_tag?post=51567"}],"curies":[{"name":"wp","href":"https:\/\/api.w.org\/{rel}","templated":true}]}}