{"id":51516,"date":"2026-03-31T03:14:14","date_gmt":"2026-03-31T02:14:14","guid":{"rendered":"https:\/\/bigbuy.tupique.com\/produto\/monitor-elo-touch-systems-e331019-19-60-hz\/"},"modified":"2026-04-15T00:50:45","modified_gmt":"2026-04-14T23:50:45","slug":"monitor-elo-touch-systems-e331019-19-60-hz","status":"publish","type":"product","link":"https:\/\/bigbuy.tupique.com\/es\/produto\/monitor-elo-touch-systems-e331019-19-60-hz\/","title":{"rendered":"\u00c9cran Elo Touch Systems E331019 19&#8243; 60 Hz"},"content":{"rendered":"<p>Si vous \u00eates passionn\u00e9 d&#8217;<b>informatique et d&#8217;\u00e9lectronique<\/b>, si vous \u00eates \u00e0 la pointe de la technologie et qu&#8217;aucun d\u00e9tail ne vous \u00e9chappe, achetez <b>\u00c9cran Elo Touch Systems E331019 19&#8243; 60 Hz<\/b> au meilleur prix.<\/p>\n<ul>\n<li>Technologie: LED<\/li>\n<li>Produit \u00e0 brancher: Oui<\/li>\n<li>Type de prise: Prise EU<\/li>\n<li>R\u00e9solution (px): 1280 x 1024 px<\/li>\n<li>Connexions:\n<ul>\n<li>HDMI<\/li>\n<li>VGA D-sub<\/li>\n<li>DisplayPort x 1<\/li>\n<\/ul>\n<\/li>\n<li>Diagonale de l&#8217;\u00e9cran (cm): 48,3 cm<\/li>\n<li>Type: \u00c9cran<\/li>\n<li>Bloc d\u2019Alimentation:\n<ul>\n<li>r\u00e9seau \u00e9lectrique<\/li>\n<li>DC<\/li>\n<\/ul>\n<\/li>\n<li>Couleur: Noir<\/li>\n<li>Caract\u00e9ristiques:\n<ul>\n<li>Ecran tactile<\/li>\n<li>Montage mural<\/li>\n<\/ul>\n<\/li>\n<li>Rapport d&#8217;aspect:\n<ul>\n<li>5:4<\/li>\n<li>16:9<\/li>\n<\/ul>\n<\/li>\n<li>puissance: 5 W<\/li>\n<li>Ecran: 19&#8243;<\/li>\n<li>Temps de r\u00e9ponse: 14 ms<\/li>\n<li>Fr\u00e9quence: 60 Hz<\/li>\n<li>R\u00e9solution: Full HD<\/li>\n<li>Rapport de contraste: 1000:1<\/li>\n<li>Certificat: RoHS<\/li>\n<li>Compatible: VESA 75 x 75, 100 x 100<\/li>\n<li>Angle: 178\u00ba<\/li>\n<li>consommation d&#8217;\u00e9nergie: 17 kWh<\/li>\n<li>Pr\u00e9cision (humidit\u00e9 relative): 20 % &#8211; 80 %<\/li>\n<li>Montage: VESA<\/li>\n<\/ul>","protected":false},"excerpt":{"rendered":"<p>Si vous \u00eates passionn\u00e9 d&#8217;informatique et d&#8217;\u00e9lectronique, si vous \u00eates \u00e0 la pointe de la technologie et qu&#8217;aucun d\u00e9tail ne vous \u00e9chappe, achetez \u00c9cran Elo Touch Systems E331019 19&#8243; 60 Hz au meilleur prix. Technologie: LED Produit \u00e0 brancher: Oui Type de prise: Prise EU R\u00e9solution (px): 1280 x 1024 px Connexions: HDMI VGA D-sub [&hellip;]<\/p>\n","protected":false},"featured_media":51515,"comment_status":"open","ping_status":"closed","template":"","meta":[],"product_brand":[980],"product_cat":[65,581,616],"product_tag":[213,106],"class_list":{"0":"post-51516","1":"product","2":"type-product","3":"status-publish","4":"has-post-thumbnail","6":"product_brand-brandp_4775","7":"product_cat-informatique-electronique","8":"product_cat-informatique-peripheriques-et-consommables","9":"product_cat-moniteurs","10":"product_tag-tag_933","11":"product_tag-tag_1295","13":"first","14":"instock","15":"taxable","16":"shipping-taxable","17":"purchasable","18":"product-type-simple"},"_links":{"self":[{"href":"https:\/\/bigbuy.tupique.com\/es\/wp-json\/wp\/v2\/product\/51516","targetHints":{"allow":["GET"]}}],"collection":[{"href":"https:\/\/bigbuy.tupique.com\/es\/wp-json\/wp\/v2\/product"}],"about":[{"href":"https:\/\/bigbuy.tupique.com\/es\/wp-json\/wp\/v2\/types\/product"}],"replies":[{"embeddable":true,"href":"https:\/\/bigbuy.tupique.com\/es\/wp-json\/wp\/v2\/comments?post=51516"}],"wp:featuredmedia":[{"embeddable":true,"href":"https:\/\/bigbuy.tupique.com\/es\/wp-json\/wp\/v2\/media\/51515"}],"wp:attachment":[{"href":"https:\/\/bigbuy.tupique.com\/es\/wp-json\/wp\/v2\/media?parent=51516"}],"wp:term":[{"taxonomy":"product_brand","embeddable":true,"href":"https:\/\/bigbuy.tupique.com\/es\/wp-json\/wp\/v2\/product_brand?post=51516"},{"taxonomy":"product_cat","embeddable":true,"href":"https:\/\/bigbuy.tupique.com\/es\/wp-json\/wp\/v2\/product_cat?post=51516"},{"taxonomy":"product_tag","embeddable":true,"href":"https:\/\/bigbuy.tupique.com\/es\/wp-json\/wp\/v2\/product_tag?post=51516"}],"curies":[{"name":"wp","href":"https:\/\/api.w.org\/{rel}","templated":true}]}}