{"id":50042,"date":"2026-03-31T01:17:50","date_gmt":"2026-03-31T00:17:50","guid":{"rendered":"https:\/\/bigbuy.tupique.com\/produto\/smartphone-samsung-sm-s948bzkdeub-12-gb-ram-256-gb-black\/"},"modified":"2026-05-11T20:00:47","modified_gmt":"2026-05-11T18:00:47","slug":"smartphone-samsung-sm-s948bzkdeub-12-gb-ram-256-gb-black","status":"publish","type":"product","link":"https:\/\/bigbuy.tupique.com\/es\/produto\/smartphone-samsung-sm-s948bzkdeub-12-gb-ram-256-gb-black\/","title":{"rendered":"Smartphone Samsung SM-S948BZKDEUB 12 GB RAM 256 GB Noir"},"content":{"rendered":"<p>Si vous \u00eates passionn\u00e9 d&#8217;<b>informatique et d&#8217;\u00e9lectronique<\/b>, si vous \u00eates \u00e0 la pointe de la technologie et qu&#8217;aucun d\u00e9tail ne vous \u00e9chappe, achetez <b>Smartphone Samsung SM-S948BZKDEUB 12 GB RAM 256 GB Noir<\/b> au meilleur prix.<\/p>\n<ul>\n<li>Type: Smartphone<\/li>\n<li>Produit \u00e0 brancher: Oui<\/li>\n<li>Diagonale de l&#8217;\u00e9cran (cm): 17,5 cm<\/li>\n<li>Classification IP: IP68<\/li>\n<li>Fr\u00e9quence: 120 Hz<\/li>\n<li>Connectivit\u00e9:\n<ul>\n<li>5G<\/li>\n<li>Bluetooth<\/li>\n<\/ul>\n<\/li>\n<li>Caract\u00e9ristiques:\n<ul>\n<li>Dual SIM<\/li>\n<li>Lecteur d&#8217;empreintes<\/li>\n<\/ul>\n<\/li>\n<li>Ecran: 6.9&#8243;<\/li>\n<li>Zoom Num\u00e9rique: 100x<\/li>\n<li>Brille: 1500 CD \/ M\u00b2<\/li>\n<li>Type de prise: Prise EU<\/li>\n<li>Bloc d\u2019Alimentation: r\u00e9seau \u00e9lectrique<\/li>\n<li>Type de flash: LED<\/li>\n<li>Stabilisateur d&#8217;image: Oui<\/li>\n<li>Glonass: Oui<\/li>\n<li>Gyroscope: Oui<\/li>\n<li>Inclut: C\u00e2ble USB-C<\/li>\n<li>Capacit\u00e9 de la batterie: 5000 mAh<\/li>\n<li>Facteur de forme: Bar<\/li>\n<li>Classification \u00e9nerg\u00e9tique: A<\/li>\n<li>Connexions:\n<ul>\n<li>USB-C<\/li>\n<li>USB 3.2<\/li>\n<\/ul>\n<\/li>\n<li>M\u00e9moire RAM: 12 GB RAM<\/li>\n<li>M\u00e9moire interne: 256 GB<\/li>\n<li>Couleur: Noir<\/li>\n<\/ul>","protected":false},"excerpt":{"rendered":"<p>Si vous \u00eates passionn\u00e9 d&#8217;informatique et d&#8217;\u00e9lectronique, si vous \u00eates \u00e0 la pointe de la technologie et qu&#8217;aucun d\u00e9tail ne vous \u00e9chappe, achetez Smartphone Samsung SM-S948BZKDEUB 12 GB RAM 256 GB Noir au meilleur prix. Type: Smartphone Produit \u00e0 brancher: Oui Diagonale de l&#8217;\u00e9cran (cm): 17,5 cm Classification IP: IP68 Fr\u00e9quence: 120 Hz Connectivit\u00e9: 5G [&hellip;]<\/p>\n","protected":false},"featured_media":50034,"comment_status":"open","ping_status":"closed","template":"","meta":[],"product_brand":[183],"product_cat":[575,65,960],"product_tag":[213,566,106],"class_list":{"0":"post-50042","1":"product","2":"type-product","3":"status-publish","4":"has-post-thumbnail","6":"product_brand-brandp_576","7":"product_cat-electronique-telephonie-et-tablettes","8":"product_cat-informatique-electronique","9":"product_cat-telephones-portables","10":"product_tag-tag_933","11":"product_tag-tag_547","12":"product_tag-tag_1295","14":"first","15":"instock","16":"taxable","17":"shipping-taxable","18":"purchasable","19":"product-type-simple"},"_links":{"self":[{"href":"https:\/\/bigbuy.tupique.com\/es\/wp-json\/wp\/v2\/product\/50042","targetHints":{"allow":["GET"]}}],"collection":[{"href":"https:\/\/bigbuy.tupique.com\/es\/wp-json\/wp\/v2\/product"}],"about":[{"href":"https:\/\/bigbuy.tupique.com\/es\/wp-json\/wp\/v2\/types\/product"}],"replies":[{"embeddable":true,"href":"https:\/\/bigbuy.tupique.com\/es\/wp-json\/wp\/v2\/comments?post=50042"}],"wp:featuredmedia":[{"embeddable":true,"href":"https:\/\/bigbuy.tupique.com\/es\/wp-json\/wp\/v2\/media\/50034"}],"wp:attachment":[{"href":"https:\/\/bigbuy.tupique.com\/es\/wp-json\/wp\/v2\/media?parent=50042"}],"wp:term":[{"taxonomy":"product_brand","embeddable":true,"href":"https:\/\/bigbuy.tupique.com\/es\/wp-json\/wp\/v2\/product_brand?post=50042"},{"taxonomy":"product_cat","embeddable":true,"href":"https:\/\/bigbuy.tupique.com\/es\/wp-json\/wp\/v2\/product_cat?post=50042"},{"taxonomy":"product_tag","embeddable":true,"href":"https:\/\/bigbuy.tupique.com\/es\/wp-json\/wp\/v2\/product_tag?post=50042"}],"curies":[{"name":"wp","href":"https:\/\/api.w.org\/{rel}","templated":true}]}}