{"id":50033,"date":"2026-03-31T01:17:24","date_gmt":"2026-03-31T00:17:24","guid":{"rendered":"https:\/\/bigbuy.tupique.com\/produto\/tablet-cover-microsoft-8x8-00144-black-azerty\/"},"modified":"2026-04-15T07:39:13","modified_gmt":"2026-04-15T06:39:13","slug":"tablet-cover-microsoft-8x8-00144-black-azerty","status":"publish","type":"product","link":"https:\/\/bigbuy.tupique.com\/es\/produto\/tablet-cover-microsoft-8x8-00144-black-azerty\/","title":{"rendered":"Housse pour Tablette Microsoft 8X8-00144 Noir AZERTY"},"content":{"rendered":"<p>Si vous \u00eates passionn\u00e9 d&#8217;<b>informatique et d&#8217;\u00e9lectronique<\/b>, si vous \u00eates \u00e0 la pointe de la technologie et qu&#8217;aucun d\u00e9tail ne vous \u00e9chappe, achetez <b>Housse pour Tablette Microsoft 8X8-00144 Noir AZERTY<\/b> au meilleur prix.<\/p>\n<ul>\n<li>Type:\n<ul>\n<li>Housse pour Tablette<\/li>\n<li>Touchpad<\/li>\n<\/ul>\n<\/li>\n<li>Couleur: Noir<\/li>\n<li>Connexions:\n<ul>\n<li>Couplage<\/li>\n<li>Dock<\/li>\n<\/ul>\n<\/li>\n<li>Langue: Fran\u00e7ais<\/li>\n<li>Inclut: Touchpad<\/li>\n<li>Clavier:\n<ul>\n<li>AZERTY<\/li>\n<li>Azerty Fran\u00e7ais<\/li>\n<\/ul>\n<\/li>\n<li>Non Inclus: Clavier num\u00e9rique<\/li>\n<\/ul>","protected":false},"excerpt":{"rendered":"<p>Si vous \u00eates passionn\u00e9 d&#8217;informatique et d&#8217;\u00e9lectronique, si vous \u00eates \u00e0 la pointe de la technologie et qu&#8217;aucun d\u00e9tail ne vous \u00e9chappe, achetez Housse pour Tablette Microsoft 8X8-00144 Noir AZERTY au meilleur prix. Type: Housse pour Tablette Touchpad Couleur: Noir Connexions: Couplage Dock Langue: Fran\u00e7ais Inclut: Touchpad Clavier: AZERTY Azerty Fran\u00e7ais Non Inclus: Clavier num\u00e9rique<\/p>","protected":false},"featured_media":50032,"comment_status":"open","ping_status":"closed","template":"","meta":[],"product_brand":[852],"product_cat":[729,65,581],"product_tag":[213,106],"class_list":{"0":"post-50033","1":"product","2":"type-product","3":"status-publish","4":"has-post-thumbnail","6":"product_brand-brandp_564","7":"product_cat-claviers","8":"product_cat-informatique-electronique","9":"product_cat-informatique-peripheriques-et-consommables","10":"product_tag-tag_933","11":"product_tag-tag_1295","13":"first","14":"instock","15":"taxable","16":"shipping-taxable","17":"purchasable","18":"product-type-simple"},"_links":{"self":[{"href":"https:\/\/bigbuy.tupique.com\/es\/wp-json\/wp\/v2\/product\/50033","targetHints":{"allow":["GET"]}}],"collection":[{"href":"https:\/\/bigbuy.tupique.com\/es\/wp-json\/wp\/v2\/product"}],"about":[{"href":"https:\/\/bigbuy.tupique.com\/es\/wp-json\/wp\/v2\/types\/product"}],"replies":[{"embeddable":true,"href":"https:\/\/bigbuy.tupique.com\/es\/wp-json\/wp\/v2\/comments?post=50033"}],"wp:featuredmedia":[{"embeddable":true,"href":"https:\/\/bigbuy.tupique.com\/es\/wp-json\/wp\/v2\/media\/50032"}],"wp:attachment":[{"href":"https:\/\/bigbuy.tupique.com\/es\/wp-json\/wp\/v2\/media?parent=50033"}],"wp:term":[{"taxonomy":"product_brand","embeddable":true,"href":"https:\/\/bigbuy.tupique.com\/es\/wp-json\/wp\/v2\/product_brand?post=50033"},{"taxonomy":"product_cat","embeddable":true,"href":"https:\/\/bigbuy.tupique.com\/es\/wp-json\/wp\/v2\/product_cat?post=50033"},{"taxonomy":"product_tag","embeddable":true,"href":"https:\/\/bigbuy.tupique.com\/es\/wp-json\/wp\/v2\/product_tag?post=50033"}],"curies":[{"name":"wp","href":"https:\/\/api.w.org\/{rel}","templated":true}]}}