{"id":49026,"date":"2026-03-30T23:44:53","date_gmt":"2026-03-30T22:44:53","guid":{"rendered":"https:\/\/bigbuy.tupique.com\/produto\/bluetooth-headband-headphones-jabra-evolve3-85-uc-link390c-black\/"},"modified":"2026-04-16T09:21:21","modified_gmt":"2026-04-16T08:21:21","slug":"bluetooth-headband-headphones-jabra-evolve3-85-uc-link390c-black","status":"publish","type":"product","link":"https:\/\/bigbuy.tupique.com\/es\/produto\/bluetooth-headband-headphones-jabra-evolve3-85-uc-link390c-black\/","title":{"rendered":"Casque Bluetooth \u00e0 Bandeau Jabra EVOLVE3 85 UC LINK390C Noir"},"content":{"rendered":"<p>Si vous \u00eates \u00e0 la recherche de nouvelles tendances sur le march\u00e9, nous vous pr\u00e9sentons <b>Casque Bluetooth \u00e0 Bandeau Jabra EVOLVE3 85 UC LINK390C Noir<\/b> !<\/p>\n<ul>\n<li>Type: Casques Sans Fil<\/li>\n<li>Couleur: Noir<\/li>\n<li>Caract\u00e9ristiques:\n<ul>\n<li>Annulation de bruit<\/li>\n<li>Sans fil<\/li>\n<li>Casque &amp; Microphone<\/li>\n<li>Mains- libres<\/li>\n<\/ul>\n<\/li>\n<li>Connectivit\u00e9:\n<ul>\n<li>Bluetooth<\/li>\n<li>Sans fil<\/li>\n<\/ul>\n<\/li>\n<li>Type de casque: Circonf\u00e9rence externe<\/li>\n<li>Langue: Anglais<\/li>\n<li>Microphone:\n<ul>\n<li>Boom<\/li>\n<li>Incorpor\u00e9<\/li>\n<li>Oui<\/li>\n<\/ul>\n<\/li>\n<li>Genre: Unisexe<\/li>\n<li>Connexions: Jack 3.5 mm<\/li>\n<li>\u00c2ge recommand\u00e9: Adultes<\/li>\n<li>Type de batterie:\n<ul>\n<li>Litio Ion<\/li>\n<li>Batterie au lithium rechargeable<\/li>\n<\/ul>\n<\/li>\n<\/ul>","protected":false},"excerpt":{"rendered":"<p>Si vous \u00eates \u00e0 la recherche de nouvelles tendances sur le march\u00e9, nous vous pr\u00e9sentons Casque Bluetooth \u00e0 Bandeau Jabra EVOLVE3 85 UC LINK390C Noir ! Type: Casques Sans Fil Couleur: Noir Caract\u00e9ristiques: Annulation de bruit Sans fil Casque &amp; Microphone Mains- libres Connectivit\u00e9: Bluetooth Sans fil Type de casque: Circonf\u00e9rence externe Langue: Anglais Microphone: [&hellip;]<\/p>\n","protected":false},"featured_media":49016,"comment_status":"open","ping_status":"closed","template":"","meta":[],"product_brand":[642],"product_cat":[65,581,594],"product_tag":[213,566,106],"class_list":{"0":"post-49026","1":"product","2":"type-product","3":"status-publish","4":"has-post-thumbnail","6":"product_brand-brandp_3341","7":"product_cat-informatique-electronique","8":"product_cat-informatique-peripheriques-et-consommables","9":"product_cat-micros-et-ecouteurs","10":"product_tag-tag_933","11":"product_tag-tag_547","12":"product_tag-tag_1295","14":"first","15":"instock","16":"taxable","17":"shipping-taxable","18":"purchasable","19":"product-type-simple"},"_links":{"self":[{"href":"https:\/\/bigbuy.tupique.com\/es\/wp-json\/wp\/v2\/product\/49026","targetHints":{"allow":["GET"]}}],"collection":[{"href":"https:\/\/bigbuy.tupique.com\/es\/wp-json\/wp\/v2\/product"}],"about":[{"href":"https:\/\/bigbuy.tupique.com\/es\/wp-json\/wp\/v2\/types\/product"}],"replies":[{"embeddable":true,"href":"https:\/\/bigbuy.tupique.com\/es\/wp-json\/wp\/v2\/comments?post=49026"}],"wp:featuredmedia":[{"embeddable":true,"href":"https:\/\/bigbuy.tupique.com\/es\/wp-json\/wp\/v2\/media\/49016"}],"wp:attachment":[{"href":"https:\/\/bigbuy.tupique.com\/es\/wp-json\/wp\/v2\/media?parent=49026"}],"wp:term":[{"taxonomy":"product_brand","embeddable":true,"href":"https:\/\/bigbuy.tupique.com\/es\/wp-json\/wp\/v2\/product_brand?post=49026"},{"taxonomy":"product_cat","embeddable":true,"href":"https:\/\/bigbuy.tupique.com\/es\/wp-json\/wp\/v2\/product_cat?post=49026"},{"taxonomy":"product_tag","embeddable":true,"href":"https:\/\/bigbuy.tupique.com\/es\/wp-json\/wp\/v2\/product_tag?post=49026"}],"curies":[{"name":"wp","href":"https:\/\/api.w.org\/{rel}","templated":true}]}}